{"id":1022,"date":"2016-07-04T14:23:19","date_gmt":"2016-07-04T12:23:19","guid":{"rendered":"https:\/\/www.sat-amrit.com\/de\/?page_id=1022"},"modified":"2017-07-13T12:12:52","modified_gmt":"2017-07-13T10:12:52","slug":"breathwalk","status":"publish","type":"page","link":"https:\/\/sat-amrit.com\/de\/breathwalk\/","title":{"rendered":"Breathwalk"},"content":{"rendered":"<p><img loading=\"lazy\" decoding=\"async\" class=\"size-medium wp-image-1019 alignleft\" src=\"http:\/\/sat-amrit.com\/wp-content\/uploads\/2016\/06\/breathwalk-foto-300x200.jpg\" alt=\"breathwalk foto\" width=\"300\" height=\"200\" srcset=\"https:\/\/sat-amrit.com\/wp-content\/uploads\/2016\/06\/breathwalk-foto-300x200.jpg 300w, https:\/\/sat-amrit.com\/wp-content\/uploads\/2016\/06\/breathwalk-foto-768x512.jpg 768w, https:\/\/sat-amrit.com\/wp-content\/uploads\/2016\/06\/breathwalk-foto-1024x682.jpg 1024w, https:\/\/sat-amrit.com\/wp-content\/uploads\/2016\/06\/breathwalk-foto-272x182.jpg 272w, https:\/\/sat-amrit.com\/wp-content\/uploads\/2016\/06\/breathwalk-foto.jpg 2000w\" sizes=\"auto, (max-width: 300px) 100vw, 300px\" \/>Ein bisschen mehr als Sonne, Strand und Meer &#8230;<\/p>\n<p>&nbsp;<\/p>\n<p>Wenn du kein Morgenmuffel bist, dann komm einfach mit Handtuch (oder Yogamatte) und Wasserflasche um 6:00 Uhr morgens zum Treffpunkt auf der kleinen Br\u00fccke in Zarok und mach mit beim Morgen-Breathwalk bis zum Strand Jablanova. Am Strand machen wir eine kurze Kriya und Meditation aus der Tradition des Kundalini Yoga nach der Lehre Yogi Bhajans.<\/p>\n<p>Danach ein morgendliches Bad. Auf der R\u00fcckkehr hast du Zeit zum Plaudern und Kennenlernen bei einem erfrischenden Smoothie. Das Programm startet am 25. Juli und geht bis 12. August 2016 jeweils von Montag bis Freitag. Keine besonderen Vorkenntnisse sind n\u00f6tig, mitmachen kann jeder der Bewegung, Natur und Gesellschaft liebt.<\/p>\n<p>Breathwalk ist eine Wissenschaft und Kunst. Atem, Bewegung und Konzentration werden kombiniert. Das Konzept stammt von Yogi Bhajan, der gegen Ende der sechziger Jahre des vorherigen Jahrhunderts durch das \u00f6ffentliche Unterrichten von Kundalini Yoga dem Westen Zutritt zu einem riesigen Schatz an Wissen und Techniken vermittelte, die bis dahin lange Zeit verborgen waren.<\/p>\n<p>Die Wirkung von Breathwalk auf den menschlichen K\u00f6rper wurde einige Jahre wissenschaftlich erforscht. Es handelt sich um eine sehr wirksame Technik, die auf Grund der Synchronisierung von Atem und Bewegung momentanen Einfluss auf K\u00f6rper und Geist aus\u00fcbt.<\/p>\n<p>Auf unkomplizierte und einfache Weise kannst du Breathwalk sowie Kundalini Yoga nach der Lehre Yogi Bhajans unter blauem Himmel, an frischer Luft, mit dem Duft des Meeres in der Nase erfahren.<\/p>\n<p>Maximale Teilnehmerzahl per Gruppe: 10. Anmeldungen per Anmeldeformular unten oder f\u00fcr weitere Fragen telefonisch +385 98 171 0504 (Cornelia).\u00a0Dauer : ungef\u00e4hr\u00a03 Stunden.<\/p>\n<p>Preis: 15,00 Eur<\/p>\n<p><strong>Anmeldung<\/strong><\/p>\n<div style=\"display:none\" class=\"fm-form-container fm-theme3\"><div id=\"fm-pages18\" class=\"fm-pages wdform_page_navigation \" show_title=\"false\" show_numbers=\"true\" type=\"none\"><\/div><form name=\"form18\" action=\"\/de\/wp-json\/wp\/v2\/pages\/1022\" method=\"post\" id=\"form18\" class=\"fm-form form18  \" enctype=\"multipart\/form-data\"><input type=\"hidden\" id=\"fm_page_id18\" value=\"1022\" name=\"fm_page_id18\" \/><input type=\"hidden\" id=\"fm_current_post_type18\" value=\"page\" name=\"fm_current_post_type18\" \/><input type=\"hidden\" id=\"counter18\" value=\"7\" name=\"counter18\" \/><input type=\"hidden\" id=\"Itemid18\" value=\"\" name=\"Itemid18\" \/><input type=\"hidden\" id=\"fm_shake18\" value=\"1\" name=\"fm_shake18\" \/><input type=\"text\" class=\"fm-hide\" id=\"fm_empty_field_validation18\" value=\"\" name=\"fm_empty_field_validation18\" data-value=\"bd736efb144d599cf463541431fbf5c4\" \/><div class=\"wdform-page-and-images\" style=\"display:table; border-top:0px solid black;\"><div id=\"18form_view1\" class=\"wdform_page\" page_title=\"Untitled page\" next_title=\"Next\" next_type=\"text\" next_class=\"wdform-page-button\" next_checkable=\"false\" previous_title=\"Previous\" previous_type=\"text\" previous_class=\"wdform-page-button\" previous_checkable=\"false\"><div class=\"wdform_section\"><div class=\"wdform_column \"><div wdid=\"1\" class=\"wdform_row \"><div type=\"type_text\" class=\"wdform-field wd-width-100 wd-flex wd-flex-row fm-type_text\" ><div class=\"wdform-label-section wd-width-30  wd-flex-row wd-align-items-center\" style=\"max-width: 100px;\">    <label  for=\"wdform_1_element18\" class=\"wdform-label\">Name, Nachname<\/label><span class=\"wdform-required\">*<\/span><\/div><div class=\"wdform-element-section wd-flex  wd-flex-row wd-align-items-center wd-width-70\" style=\"max-width: 200px;\"><input type=\"text\"                           class=\"wd-width-100\"                           id=\"wdform_1_element18\"                           name=\"wdform_1_element18\"                           value=\"\"                           data-value=\"\"                           title=\"\"                           placeholder=\"\"                                                       \/><\/div><\/div><\/div><div wdid=\"4\" class=\"wdform_row \"><div type=\"type_number\" class=\"wdform-field\" style=\"width: 310px\"><div class=\"wdform-label-section wd-width-30 \" style=\"max-width: 100px;\">    <label  for=\"wdform_4_element18\" class=\"wdform-label\">Telefon:<\/label><span class=\"wdform-required\">*<\/span><\/div><div class=\"wdform-element-section \" style=\"width: 200px;\">              <input type=\"text\"                     class=\"wd-width-100\"                     id=\"wdform_4_element18\"                     name=\"wdform_4_element18\"                     value=\"\"                     data-value=\"\"                     title=\"\"                     >              <\/div><\/div><\/div><div wdid=\"5\" class=\"wdform_row \"><div type=\"type_submitter_mail\" class=\"wdform-field wd-width-100 wd-flex wd-flex-row fm-type_submitter_mail\" ><div class=\"wdform-label-section wd-width-30  wd-flex-row\" style=\"max-width: 100px;\">    <label  for=\"wdform_5_element18\" class=\"wdform-label\">E-mail:<\/label><span class=\"wdform-required\">*<\/span><\/div><div class=\"wdform-element-section wd-flex  wd-flex-row wd-width-70\" style=\"max-width: 200px;\"><input type=\"text\" class=\"wd-width-100\" id=\"wdform_5_element18\" name=\"wdform_5_element18\" data-value=\"\" value=\"\" title=\"\" placeholder=\"\"   onchange=\"wd_check_email('5', '18', 'Dies ist keine g\u00fcltige E-Mail-Adresse.')\" \/><\/div><\/div><\/div><div wdid=\"6\" class=\"wdform_row \"><div type=\"type_submit_reset\" class=\"wdform-field wd-width-100 wd-flex wd-flex-column fm-type_submit_reset\" ><div class=\"wdform-element-section wd-flex  wd-flex-row wd-width-100\" ><button  type=\"button\" class=\"button-submit\" onclick=\"fm_submit_form('18');\"  data-ajax=\"0\"><span class=\"fm-submit-loading spinner fm-ico-spinner\"><\/span>Senden<\/button><button  type=\"button\" class=\"button-reset wd-hidden\" onclick=\"fm_reset_form(18);\" >Reset<\/button><\/div><\/div><\/div><\/div><\/div><div valign=\"top\" class=\"wdform_footer\" style=\"width: 100%;\"><div style=\"width: 100%;\"><div style=\"width: 100%; display: table;\"><div style=\"display: table-row-group;\"><div id=\"18page_nav1\" style=\"display: table-row;\"><\/div><\/div><\/div><\/div><\/div><\/div><\/div><div class=\"wdform_preload\"><\/div><input type=\"hidden\" name=\"fm-current-page\" value=\"https:\/\/sat-amrit.com\/de\/wp-json\/wp\/v2\/pages\/1022\" \/><\/form><\/div>\n","protected":false},"excerpt":{"rendered":"<p>Ein bisschen mehr als Sonne, Strand und Meer &#8230; &nbsp; Wenn du kein Morgenmuffel bist, dann komm einfach mit Handtuch (oder Yogamatte) und Wasserflasche um 6:00 Uhr morgens zum Treffpunkt auf der kleinen Br\u00fccke in Zarok und mach mit beim Morgen-Breathwalk bis zum Strand Jablanova. Am Strand machen wir eine kurze Kriya und Meditation aus [&hellip;]<\/p>\n","protected":false},"author":3,"featured_media":0,"parent":0,"menu_order":0,"comment_status":"closed","ping_status":"closed","template":"","meta":{"_acf_changed":false,"footnotes":""},"class_list":["post-1022","page","type-page","status-publish","hentry","post"],"acf":[],"yoast_head":"<!-- This site is optimized with the Yoast SEO plugin v26.6 - https:\/\/yoast.com\/wordpress\/plugins\/seo\/ -->\n<title>Breathwalk - Kundalini yoga - SAT AMRIT \u2022 Zapre\u0161i\u0107<\/title>\n<meta name=\"robots\" content=\"index, follow, max-snippet:-1, max-image-preview:large, max-video-preview:-1\" \/>\n<link rel=\"canonical\" href=\"https:\/\/sat-amrit.com\/de\/breathwalk\/\" \/>\n<meta property=\"og:locale\" content=\"de_DE\" \/>\n<meta property=\"og:type\" content=\"article\" \/>\n<meta property=\"og:title\" content=\"Breathwalk - Kundalini yoga - SAT AMRIT \u2022 Zapre\u0161i\u0107\" \/>\n<meta property=\"og:description\" content=\"Ein bisschen mehr als Sonne, Strand und Meer &#8230; &nbsp; Wenn du kein Morgenmuffel bist, dann komm einfach mit Handtuch (oder Yogamatte) und Wasserflasche um 6:00 Uhr morgens zum Treffpunkt auf der kleinen Br\u00fccke in Zarok und mach mit beim Morgen-Breathwalk bis zum Strand Jablanova. Am Strand machen wir eine kurze Kriya und Meditation aus [&hellip;]\" \/>\n<meta property=\"og:url\" content=\"https:\/\/sat-amrit.com\/de\/breathwalk\/\" \/>\n<meta property=\"og:site_name\" content=\"Kundalini yoga - SAT AMRIT \u2022 Zapre\u0161i\u0107\" \/>\n<meta property=\"article:modified_time\" content=\"2017-07-13T10:12:52+00:00\" \/>\n<meta property=\"og:image\" content=\"http:\/\/sat-amrit.com\/wp-content\/uploads\/2016\/06\/breathwalk-foto-300x200.jpg\" \/>\n<meta name=\"twitter:card\" content=\"summary_large_image\" \/>\n<meta name=\"twitter:label1\" content=\"Gesch\u00e4tzte Lesezeit\" \/>\n\t<meta name=\"twitter:data1\" content=\"1\u00a0Minute\" \/>\n<script type=\"application\/ld+json\" class=\"yoast-schema-graph\">{\"@context\":\"https:\/\/schema.org\",\"@graph\":[{\"@type\":\"WebPage\",\"@id\":\"https:\/\/sat-amrit.com\/de\/breathwalk\/\",\"url\":\"https:\/\/sat-amrit.com\/de\/breathwalk\/\",\"name\":\"Breathwalk - Kundalini yoga - SAT AMRIT \u2022 Zapre\u0161i\u0107\",\"isPartOf\":{\"@id\":\"https:\/\/sat-amrit.com\/#website\"},\"primaryImageOfPage\":{\"@id\":\"https:\/\/sat-amrit.com\/de\/breathwalk\/#primaryimage\"},\"image\":{\"@id\":\"https:\/\/sat-amrit.com\/de\/breathwalk\/#primaryimage\"},\"thumbnailUrl\":\"http:\/\/sat-amrit.com\/wp-content\/uploads\/2016\/06\/breathwalk-foto-300x200.jpg\",\"datePublished\":\"2016-07-04T12:23:19+00:00\",\"dateModified\":\"2017-07-13T10:12:52+00:00\",\"breadcrumb\":{\"@id\":\"https:\/\/sat-amrit.com\/de\/breathwalk\/#breadcrumb\"},\"inLanguage\":\"de\",\"potentialAction\":[{\"@type\":\"ReadAction\",\"target\":[\"https:\/\/sat-amrit.com\/de\/breathwalk\/\"]}]},{\"@type\":\"ImageObject\",\"inLanguage\":\"de\",\"@id\":\"https:\/\/sat-amrit.com\/de\/breathwalk\/#primaryimage\",\"url\":\"http:\/\/sat-amrit.com\/wp-content\/uploads\/2016\/06\/breathwalk-foto-300x200.jpg\",\"contentUrl\":\"http:\/\/sat-amrit.com\/wp-content\/uploads\/2016\/06\/breathwalk-foto-300x200.jpg\"},{\"@type\":\"BreadcrumbList\",\"@id\":\"https:\/\/sat-amrit.com\/de\/breathwalk\/#breadcrumb\",\"itemListElement\":[{\"@type\":\"ListItem\",\"position\":1,\"name\":\"\",\"item\":\"https:\/\/sat-amrit.com\/de\/\"},{\"@type\":\"ListItem\",\"position\":2,\"name\":\"Breathwalk\"}]},{\"@type\":\"WebSite\",\"@id\":\"https:\/\/sat-amrit.com\/#website\",\"url\":\"https:\/\/sat-amrit.com\/\",\"name\":\"Kundalini yoga - SAT AMRIT \u2022 Zapre\u0161i\u0107\",\"description\":\"Kundalini yoga prema u\u010denju Yogi Bhajana\",\"publisher\":{\"@id\":\"https:\/\/sat-amrit.com\/#organization\"},\"potentialAction\":[{\"@type\":\"SearchAction\",\"target\":{\"@type\":\"EntryPoint\",\"urlTemplate\":\"https:\/\/sat-amrit.com\/?s={search_term_string}\"},\"query-input\":{\"@type\":\"PropertyValueSpecification\",\"valueRequired\":true,\"valueName\":\"search_term_string\"}}],\"inLanguage\":\"de\"},{\"@type\":\"Organization\",\"@id\":\"https:\/\/sat-amrit.com\/#organization\",\"name\":\"Sat Amrit j.d.o.o.\",\"url\":\"https:\/\/sat-amrit.com\/\",\"logo\":{\"@type\":\"ImageObject\",\"inLanguage\":\"de\",\"@id\":\"https:\/\/sat-amrit.com\/#\/schema\/logo\/image\/\",\"url\":\"https:\/\/sat-amrit.com\/wp-content\/uploads\/2014\/12\/Yoga-Studio-Zapresic.jpg\",\"contentUrl\":\"https:\/\/sat-amrit.com\/wp-content\/uploads\/2014\/12\/Yoga-Studio-Zapresic.jpg\",\"width\":930,\"height\":800,\"caption\":\"Sat Amrit j.d.o.o.\"},\"image\":{\"@id\":\"https:\/\/sat-amrit.com\/#\/schema\/logo\/image\/\"}}]}<\/script>\n<!-- \/ Yoast SEO plugin. -->","yoast_head_json":{"title":"Breathwalk - Kundalini yoga - SAT AMRIT \u2022 Zapre\u0161i\u0107","robots":{"index":"index","follow":"follow","max-snippet":"max-snippet:-1","max-image-preview":"max-image-preview:large","max-video-preview":"max-video-preview:-1"},"canonical":"https:\/\/sat-amrit.com\/de\/breathwalk\/","og_locale":"de_DE","og_type":"article","og_title":"Breathwalk - Kundalini yoga - SAT AMRIT \u2022 Zapre\u0161i\u0107","og_description":"Ein bisschen mehr als Sonne, Strand und Meer &#8230; &nbsp; Wenn du kein Morgenmuffel bist, dann komm einfach mit Handtuch (oder Yogamatte) und Wasserflasche um 6:00 Uhr morgens zum Treffpunkt auf der kleinen Br\u00fccke in Zarok und mach mit beim Morgen-Breathwalk bis zum Strand Jablanova. Am Strand machen wir eine kurze Kriya und Meditation aus [&hellip;]","og_url":"https:\/\/sat-amrit.com\/de\/breathwalk\/","og_site_name":"Kundalini yoga - SAT AMRIT \u2022 Zapre\u0161i\u0107","article_modified_time":"2017-07-13T10:12:52+00:00","og_image":[{"url":"http:\/\/sat-amrit.com\/wp-content\/uploads\/2016\/06\/breathwalk-foto-300x200.jpg","type":"","width":"","height":""}],"twitter_card":"summary_large_image","twitter_misc":{"Gesch\u00e4tzte Lesezeit":"1\u00a0Minute"},"schema":{"@context":"https:\/\/schema.org","@graph":[{"@type":"WebPage","@id":"https:\/\/sat-amrit.com\/de\/breathwalk\/","url":"https:\/\/sat-amrit.com\/de\/breathwalk\/","name":"Breathwalk - Kundalini yoga - SAT AMRIT \u2022 Zapre\u0161i\u0107","isPartOf":{"@id":"https:\/\/sat-amrit.com\/#website"},"primaryImageOfPage":{"@id":"https:\/\/sat-amrit.com\/de\/breathwalk\/#primaryimage"},"image":{"@id":"https:\/\/sat-amrit.com\/de\/breathwalk\/#primaryimage"},"thumbnailUrl":"http:\/\/sat-amrit.com\/wp-content\/uploads\/2016\/06\/breathwalk-foto-300x200.jpg","datePublished":"2016-07-04T12:23:19+00:00","dateModified":"2017-07-13T10:12:52+00:00","breadcrumb":{"@id":"https:\/\/sat-amrit.com\/de\/breathwalk\/#breadcrumb"},"inLanguage":"de","potentialAction":[{"@type":"ReadAction","target":["https:\/\/sat-amrit.com\/de\/breathwalk\/"]}]},{"@type":"ImageObject","inLanguage":"de","@id":"https:\/\/sat-amrit.com\/de\/breathwalk\/#primaryimage","url":"http:\/\/sat-amrit.com\/wp-content\/uploads\/2016\/06\/breathwalk-foto-300x200.jpg","contentUrl":"http:\/\/sat-amrit.com\/wp-content\/uploads\/2016\/06\/breathwalk-foto-300x200.jpg"},{"@type":"BreadcrumbList","@id":"https:\/\/sat-amrit.com\/de\/breathwalk\/#breadcrumb","itemListElement":[{"@type":"ListItem","position":1,"name":"","item":"https:\/\/sat-amrit.com\/de\/"},{"@type":"ListItem","position":2,"name":"Breathwalk"}]},{"@type":"WebSite","@id":"https:\/\/sat-amrit.com\/#website","url":"https:\/\/sat-amrit.com\/","name":"Kundalini yoga - SAT AMRIT \u2022 Zapre\u0161i\u0107","description":"Kundalini yoga prema u\u010denju Yogi Bhajana","publisher":{"@id":"https:\/\/sat-amrit.com\/#organization"},"potentialAction":[{"@type":"SearchAction","target":{"@type":"EntryPoint","urlTemplate":"https:\/\/sat-amrit.com\/?s={search_term_string}"},"query-input":{"@type":"PropertyValueSpecification","valueRequired":true,"valueName":"search_term_string"}}],"inLanguage":"de"},{"@type":"Organization","@id":"https:\/\/sat-amrit.com\/#organization","name":"Sat Amrit j.d.o.o.","url":"https:\/\/sat-amrit.com\/","logo":{"@type":"ImageObject","inLanguage":"de","@id":"https:\/\/sat-amrit.com\/#\/schema\/logo\/image\/","url":"https:\/\/sat-amrit.com\/wp-content\/uploads\/2014\/12\/Yoga-Studio-Zapresic.jpg","contentUrl":"https:\/\/sat-amrit.com\/wp-content\/uploads\/2014\/12\/Yoga-Studio-Zapresic.jpg","width":930,"height":800,"caption":"Sat Amrit j.d.o.o."},"image":{"@id":"https:\/\/sat-amrit.com\/#\/schema\/logo\/image\/"}}]}},"_links":{"self":[{"href":"https:\/\/sat-amrit.com\/de\/wp-json\/wp\/v2\/pages\/1022","targetHints":{"allow":["GET"]}}],"collection":[{"href":"https:\/\/sat-amrit.com\/de\/wp-json\/wp\/v2\/pages"}],"about":[{"href":"https:\/\/sat-amrit.com\/de\/wp-json\/wp\/v2\/types\/page"}],"author":[{"embeddable":true,"href":"https:\/\/sat-amrit.com\/de\/wp-json\/wp\/v2\/users\/3"}],"replies":[{"embeddable":true,"href":"https:\/\/sat-amrit.com\/de\/wp-json\/wp\/v2\/comments?post=1022"}],"version-history":[{"count":0,"href":"https:\/\/sat-amrit.com\/de\/wp-json\/wp\/v2\/pages\/1022\/revisions"}],"wp:attachment":[{"href":"https:\/\/sat-amrit.com\/de\/wp-json\/wp\/v2\/media?parent=1022"}],"curies":[{"name":"wp","href":"https:\/\/api.w.org\/{rel}","templated":true}]}}