{"id":1604,"date":"2017-01-02T16:38:29","date_gmt":"2017-01-02T15:38:29","guid":{"rendered":"https:\/\/www.sat-amrit.com\/de\/?page_id=1604"},"modified":"2019-02-11T09:31:12","modified_gmt":"2019-02-11T08:31:12","slug":"yoga-wellness","status":"publish","type":"page","link":"https:\/\/sat-amrit.com\/de\/yoga-wellness\/","title":{"rendered":"Yoga &#038; Wellness"},"content":{"rendered":"<h1 style=\"text-align: center;\"><span style=\"color: #800000;\">Kundalini Wellness in Kroatien<\/span><\/h1>\n<p style=\"text-align: justify;\">Vergiss eine Weile den Alltag, widme dir selbst ein wenig Zeit und lass dich tragen vom Rhythmus deines Atems und der Melodie deines\u00a0K\u00f6rpers.<\/p>\n<p style=\"text-align: justify;\"><em><span style=\"color: #800000;\"><strong>Weekend Breaks<\/strong> <strong>f\u00fcr Frauen<\/strong> <\/span><\/em>ist ein Programm, das sich zum Ziel gemacht hat, Frauen\u00a0zart mit sich selbst umgehen zu lassen und sich selbst und seinen K\u00f6rper dabei von den Fesseln und dem Druck, den sich Frauen\u00a0alleine, aber motiviert durch das Denkprinzip und das Funktionieren der Au\u00dfenwelt auferlegen, zu befreien.<\/p>\n<p style=\"text-align: justify;\">Das Programm arbeitet mit K\u00f6rper\u00fcbungen, Atem\u00fcbungen und Meditationen aus der Tradition des Kundalini Yoga. Alle Techniken, die du lernst, kannst du mit nach Hause nehmen und im Alltag weiter praktizieren.<\/p>\n<p style=\"text-align: justify;\">Neben den Techniken\u00a0des Kundalini Yoga arbeiten wir auch mit sanften Bewegungen aus der Tradition des orientalischen Tanzes, auch bekannt unter der Bezeichnung <em>Bauchtanz.<\/em> Die Bewegungen sind von gro\u00dfer Bedeutung f\u00fcr die Gesundheit des weiblichen K\u00f6rpers, da sie den K\u00f6rper vor allem im Bereich des Beckens und der Schultern aktivieren, den Zonen, wo\u00a0sich unverarbeitete Emotionen\u00a0und Ereignisse gern\u00a0verankern\u00a0und Probleme auf\u00a0physischer Ebene verursachen.<\/p>\n<p style=\"text-align: justify;\">Das Programm\u00a0ist weder an Vorkenntnisse gebunden, noch an Alter\u00a0oder eine besondere physische Kondition. Jede Frau, die\u00a0Lust hat und sich vom Programm angesprochen f\u00fchlt, kann mitmachen.<\/p>\n<p style=\"text-align: justify;\">Ein weiteres Ziel dieses Programms ist\u00a0es auch, Zeit mit sich selbst als Frau und mit anderen Frauen aus aller Welt zu verbringen, sich kennen zu lernen und\u00a0sich auszutauschen.<\/p>\n<p style=\"text-align: justify;\">Das Wochenende l\u00e4sst Zeit f\u00fcr ein Miteinander und auch f\u00fcr eigene W\u00fcnsche.<\/p>\n<p style=\"text-align: justify;\">Weekend Breaks <em><strong>Nur f\u00fcr Frauen<\/strong> <\/em>finden an verschiedenen Orten in Kroatien sowie zu verschiedenen Terminen statt.<\/p>\n<p style=\"text-align: center;\">***<\/p>\n<p style=\"text-align: left;\"><img loading=\"lazy\" decoding=\"async\" class=\"size-medium wp-image-1006 alignleft\" src=\"http:\/\/sat-amrit.com\/wp-content\/uploads\/2016\/06\/resized-300x200.jpg\" alt=\"resized\" width=\"300\" height=\"200\" srcset=\"https:\/\/sat-amrit.com\/wp-content\/uploads\/2016\/06\/resized-300x200.jpg 300w, https:\/\/sat-amrit.com\/wp-content\/uploads\/2016\/06\/resized-768x512.jpg 768w, https:\/\/sat-amrit.com\/wp-content\/uploads\/2016\/06\/resized-1024x683.jpg 1024w, https:\/\/sat-amrit.com\/wp-content\/uploads\/2016\/06\/resized-272x182.jpg 272w\" sizes=\"auto, (max-width: 300px) 100vw, 300px\" \/><\/p>\n<p style=\"text-align: justify;\"><a href=\"https:\/\/www.sat-amrit.com\/de\/ueber-uns\/\">Cornelia<\/a>\u00a0ist KRI zertifizierte Kundalini Yogainstruktorin (Amrit Nam Sarovar-Lehrerausbildung). Sie unterrichtet Kundalini Yoga in Zapre\u0161i\u0107 und Zagreb.\u00a0Ebenfalls studiert sie seit einigen Jahren Jyotish (indische Astrologie) und befasst sich mit der Ausarbeitung von Geburtshoroskopen. Au\u00dfer Kundalini Yoga trainiert sie seit knapp zehn Jahren\u00a0 orientalischen Tanz in ihrer Freizeit. Die kraftvolle Kombination dieser zwei Techniken erfuhr sie als einzigartigen Ansatz zu einer kompletten Wiedergeburt der wahrlich weiblichen Energie &#8211; der zarten St\u00e4rke der Frau.<\/p>\n<p style=\"text-align: center;\">***<\/p>\n<p><strong>\u00a0<\/strong>F\u00fcr Anfragen stehen wir gerne jederzeit zur Verf\u00fcgung<strong>.<\/strong> Sie k\u00f6nnen uns per <a href=\"http:\/\/kundaliniyoga@sat-amrit.com\">Email<\/a>\u00a0erreichen oder\u00a0<a href=\"https:\/\/www.sat-amrit.com\/de\/kontakt\/\">telefonisch<\/a>.<\/p>\n<p style=\"text-align: center;\"><em><strong>G\u00f6nn&#8216; es dir einfach &#8211; bleib\u00a0stehen und versinke in den Augenblick<\/strong><\/em><\/p>\n<hr \/>\n<p style=\"text-align: justify;\">Sat Amrit j.d.o.o., A.Mihanovi\u0107a 21, 10290 Zapre\u0161i\u0107, Kroatien<\/p>\n","protected":false},"excerpt":{"rendered":"<p>Kundalini Wellness in Kroatien Vergiss eine Weile den Alltag, widme dir selbst ein wenig Zeit und lass dich tragen vom Rhythmus deines Atems und der Melodie deines\u00a0K\u00f6rpers. Weekend Breaks f\u00fcr Frauen ist ein Programm, das sich zum Ziel gemacht hat, Frauen\u00a0zart mit sich selbst umgehen zu lassen und sich selbst und seinen K\u00f6rper dabei von [&hellip;]<\/p>\n","protected":false},"author":3,"featured_media":0,"parent":0,"menu_order":0,"comment_status":"closed","ping_status":"closed","template":"","meta":{"_acf_changed":false,"footnotes":""},"class_list":["post-1604","page","type-page","status-publish","hentry","post"],"acf":[],"yoast_head":"<!-- This site is optimized with the Yoast SEO plugin v26.6 - https:\/\/yoast.com\/wordpress\/plugins\/seo\/ -->\n<title>Kundalini Yoga Wellness Retreats Kroatien - Sat Amrit<\/title>\n<meta name=\"robots\" content=\"index, follow, max-snippet:-1, max-image-preview:large, max-video-preview:-1\" \/>\n<link rel=\"canonical\" href=\"https:\/\/sat-amrit.com\/de\/yoga-wellness\/\" \/>\n<meta property=\"og:locale\" content=\"de_DE\" \/>\n<meta property=\"og:type\" content=\"article\" \/>\n<meta property=\"og:title\" content=\"Kundalini Yoga Wellness Retreats Kroatien - Sat Amrit\" \/>\n<meta property=\"og:description\" content=\"Kundalini Wellness in Kroatien Vergiss eine Weile den Alltag, widme dir selbst ein wenig Zeit und lass dich tragen vom Rhythmus deines Atems und der Melodie deines\u00a0K\u00f6rpers. Weekend Breaks f\u00fcr Frauen ist ein Programm, das sich zum Ziel gemacht hat, Frauen\u00a0zart mit sich selbst umgehen zu lassen und sich selbst und seinen K\u00f6rper dabei von [&hellip;]\" \/>\n<meta property=\"og:url\" content=\"https:\/\/sat-amrit.com\/de\/yoga-wellness\/\" \/>\n<meta property=\"og:site_name\" content=\"Kundalini yoga - SAT AMRIT \u2022 Zapre\u0161i\u0107\" \/>\n<meta property=\"article:modified_time\" content=\"2019-02-11T08:31:12+00:00\" \/>\n<meta property=\"og:image\" content=\"http:\/\/sat-amrit.com\/wp-content\/uploads\/2016\/06\/resized-300x200.jpg\" \/>\n<meta name=\"twitter:card\" content=\"summary_large_image\" \/>\n<meta name=\"twitter:label1\" content=\"Gesch\u00e4tzte Lesezeit\" \/>\n\t<meta name=\"twitter:data1\" content=\"2\u00a0Minuten\" \/>\n<script type=\"application\/ld+json\" class=\"yoast-schema-graph\">{\"@context\":\"https:\/\/schema.org\",\"@graph\":[{\"@type\":\"WebPage\",\"@id\":\"https:\/\/sat-amrit.com\/de\/yoga-wellness\/\",\"url\":\"https:\/\/sat-amrit.com\/de\/yoga-wellness\/\",\"name\":\"Kundalini Yoga Wellness Retreats Kroatien - Sat Amrit\",\"isPartOf\":{\"@id\":\"https:\/\/sat-amrit.com\/#website\"},\"primaryImageOfPage\":{\"@id\":\"https:\/\/sat-amrit.com\/de\/yoga-wellness\/#primaryimage\"},\"image\":{\"@id\":\"https:\/\/sat-amrit.com\/de\/yoga-wellness\/#primaryimage\"},\"thumbnailUrl\":\"http:\/\/sat-amrit.com\/wp-content\/uploads\/2016\/06\/resized-300x200.jpg\",\"datePublished\":\"2017-01-02T15:38:29+00:00\",\"dateModified\":\"2019-02-11T08:31:12+00:00\",\"breadcrumb\":{\"@id\":\"https:\/\/sat-amrit.com\/de\/yoga-wellness\/#breadcrumb\"},\"inLanguage\":\"de\",\"potentialAction\":[{\"@type\":\"ReadAction\",\"target\":[\"https:\/\/sat-amrit.com\/de\/yoga-wellness\/\"]}]},{\"@type\":\"ImageObject\",\"inLanguage\":\"de\",\"@id\":\"https:\/\/sat-amrit.com\/de\/yoga-wellness\/#primaryimage\",\"url\":\"http:\/\/sat-amrit.com\/wp-content\/uploads\/2016\/06\/resized-300x200.jpg\",\"contentUrl\":\"http:\/\/sat-amrit.com\/wp-content\/uploads\/2016\/06\/resized-300x200.jpg\"},{\"@type\":\"BreadcrumbList\",\"@id\":\"https:\/\/sat-amrit.com\/de\/yoga-wellness\/#breadcrumb\",\"itemListElement\":[{\"@type\":\"ListItem\",\"position\":1,\"name\":\"\",\"item\":\"https:\/\/sat-amrit.com\/de\/\"},{\"@type\":\"ListItem\",\"position\":2,\"name\":\"Yoga &#038; Wellness\"}]},{\"@type\":\"WebSite\",\"@id\":\"https:\/\/sat-amrit.com\/#website\",\"url\":\"https:\/\/sat-amrit.com\/\",\"name\":\"Kundalini yoga - SAT AMRIT \u2022 Zapre\u0161i\u0107\",\"description\":\"Kundalini yoga prema u\u010denju Yogi Bhajana\",\"publisher\":{\"@id\":\"https:\/\/sat-amrit.com\/#organization\"},\"potentialAction\":[{\"@type\":\"SearchAction\",\"target\":{\"@type\":\"EntryPoint\",\"urlTemplate\":\"https:\/\/sat-amrit.com\/?s={search_term_string}\"},\"query-input\":{\"@type\":\"PropertyValueSpecification\",\"valueRequired\":true,\"valueName\":\"search_term_string\"}}],\"inLanguage\":\"de\"},{\"@type\":\"Organization\",\"@id\":\"https:\/\/sat-amrit.com\/#organization\",\"name\":\"Sat Amrit j.d.o.o.\",\"url\":\"https:\/\/sat-amrit.com\/\",\"logo\":{\"@type\":\"ImageObject\",\"inLanguage\":\"de\",\"@id\":\"https:\/\/sat-amrit.com\/#\/schema\/logo\/image\/\",\"url\":\"https:\/\/sat-amrit.com\/wp-content\/uploads\/2014\/12\/Yoga-Studio-Zapresic.jpg\",\"contentUrl\":\"https:\/\/sat-amrit.com\/wp-content\/uploads\/2014\/12\/Yoga-Studio-Zapresic.jpg\",\"width\":930,\"height\":800,\"caption\":\"Sat Amrit j.d.o.o.\"},\"image\":{\"@id\":\"https:\/\/sat-amrit.com\/#\/schema\/logo\/image\/\"}}]}<\/script>\n<!-- \/ Yoast SEO plugin. -->","yoast_head_json":{"title":"Kundalini Yoga Wellness Retreats Kroatien - Sat Amrit","robots":{"index":"index","follow":"follow","max-snippet":"max-snippet:-1","max-image-preview":"max-image-preview:large","max-video-preview":"max-video-preview:-1"},"canonical":"https:\/\/sat-amrit.com\/de\/yoga-wellness\/","og_locale":"de_DE","og_type":"article","og_title":"Kundalini Yoga Wellness Retreats Kroatien - Sat Amrit","og_description":"Kundalini Wellness in Kroatien Vergiss eine Weile den Alltag, widme dir selbst ein wenig Zeit und lass dich tragen vom Rhythmus deines Atems und der Melodie deines\u00a0K\u00f6rpers. Weekend Breaks f\u00fcr Frauen ist ein Programm, das sich zum Ziel gemacht hat, Frauen\u00a0zart mit sich selbst umgehen zu lassen und sich selbst und seinen K\u00f6rper dabei von [&hellip;]","og_url":"https:\/\/sat-amrit.com\/de\/yoga-wellness\/","og_site_name":"Kundalini yoga - SAT AMRIT \u2022 Zapre\u0161i\u0107","article_modified_time":"2019-02-11T08:31:12+00:00","og_image":[{"url":"http:\/\/sat-amrit.com\/wp-content\/uploads\/2016\/06\/resized-300x200.jpg","type":"","width":"","height":""}],"twitter_card":"summary_large_image","twitter_misc":{"Gesch\u00e4tzte Lesezeit":"2\u00a0Minuten"},"schema":{"@context":"https:\/\/schema.org","@graph":[{"@type":"WebPage","@id":"https:\/\/sat-amrit.com\/de\/yoga-wellness\/","url":"https:\/\/sat-amrit.com\/de\/yoga-wellness\/","name":"Kundalini Yoga Wellness Retreats Kroatien - Sat Amrit","isPartOf":{"@id":"https:\/\/sat-amrit.com\/#website"},"primaryImageOfPage":{"@id":"https:\/\/sat-amrit.com\/de\/yoga-wellness\/#primaryimage"},"image":{"@id":"https:\/\/sat-amrit.com\/de\/yoga-wellness\/#primaryimage"},"thumbnailUrl":"http:\/\/sat-amrit.com\/wp-content\/uploads\/2016\/06\/resized-300x200.jpg","datePublished":"2017-01-02T15:38:29+00:00","dateModified":"2019-02-11T08:31:12+00:00","breadcrumb":{"@id":"https:\/\/sat-amrit.com\/de\/yoga-wellness\/#breadcrumb"},"inLanguage":"de","potentialAction":[{"@type":"ReadAction","target":["https:\/\/sat-amrit.com\/de\/yoga-wellness\/"]}]},{"@type":"ImageObject","inLanguage":"de","@id":"https:\/\/sat-amrit.com\/de\/yoga-wellness\/#primaryimage","url":"http:\/\/sat-amrit.com\/wp-content\/uploads\/2016\/06\/resized-300x200.jpg","contentUrl":"http:\/\/sat-amrit.com\/wp-content\/uploads\/2016\/06\/resized-300x200.jpg"},{"@type":"BreadcrumbList","@id":"https:\/\/sat-amrit.com\/de\/yoga-wellness\/#breadcrumb","itemListElement":[{"@type":"ListItem","position":1,"name":"","item":"https:\/\/sat-amrit.com\/de\/"},{"@type":"ListItem","position":2,"name":"Yoga &#038; Wellness"}]},{"@type":"WebSite","@id":"https:\/\/sat-amrit.com\/#website","url":"https:\/\/sat-amrit.com\/","name":"Kundalini yoga - SAT AMRIT \u2022 Zapre\u0161i\u0107","description":"Kundalini yoga prema u\u010denju Yogi Bhajana","publisher":{"@id":"https:\/\/sat-amrit.com\/#organization"},"potentialAction":[{"@type":"SearchAction","target":{"@type":"EntryPoint","urlTemplate":"https:\/\/sat-amrit.com\/?s={search_term_string}"},"query-input":{"@type":"PropertyValueSpecification","valueRequired":true,"valueName":"search_term_string"}}],"inLanguage":"de"},{"@type":"Organization","@id":"https:\/\/sat-amrit.com\/#organization","name":"Sat Amrit j.d.o.o.","url":"https:\/\/sat-amrit.com\/","logo":{"@type":"ImageObject","inLanguage":"de","@id":"https:\/\/sat-amrit.com\/#\/schema\/logo\/image\/","url":"https:\/\/sat-amrit.com\/wp-content\/uploads\/2014\/12\/Yoga-Studio-Zapresic.jpg","contentUrl":"https:\/\/sat-amrit.com\/wp-content\/uploads\/2014\/12\/Yoga-Studio-Zapresic.jpg","width":930,"height":800,"caption":"Sat Amrit j.d.o.o."},"image":{"@id":"https:\/\/sat-amrit.com\/#\/schema\/logo\/image\/"}}]}},"_links":{"self":[{"href":"https:\/\/sat-amrit.com\/de\/wp-json\/wp\/v2\/pages\/1604","targetHints":{"allow":["GET"]}}],"collection":[{"href":"https:\/\/sat-amrit.com\/de\/wp-json\/wp\/v2\/pages"}],"about":[{"href":"https:\/\/sat-amrit.com\/de\/wp-json\/wp\/v2\/types\/page"}],"author":[{"embeddable":true,"href":"https:\/\/sat-amrit.com\/de\/wp-json\/wp\/v2\/users\/3"}],"replies":[{"embeddable":true,"href":"https:\/\/sat-amrit.com\/de\/wp-json\/wp\/v2\/comments?post=1604"}],"version-history":[{"count":5,"href":"https:\/\/sat-amrit.com\/de\/wp-json\/wp\/v2\/pages\/1604\/revisions"}],"predecessor-version":[{"id":2799,"href":"https:\/\/sat-amrit.com\/de\/wp-json\/wp\/v2\/pages\/1604\/revisions\/2799"}],"wp:attachment":[{"href":"https:\/\/sat-amrit.com\/de\/wp-json\/wp\/v2\/media?parent=1604"}],"curies":[{"name":"wp","href":"https:\/\/api.w.org\/{rel}","templated":true}]}}