{"id":4988,"date":"2022-08-04T13:36:02","date_gmt":"2022-08-04T11:36:02","guid":{"rendered":"https:\/\/sat-amrit.com\/?page_id=4988"},"modified":"2024-09-17T12:30:21","modified_gmt":"2024-09-17T10:30:21","slug":"peter-hess-klangmassage-in-zapresic","status":"publish","type":"page","link":"https:\/\/sat-amrit.com\/de\/peter-hess-klangmassage-in-zapresic\/","title":{"rendered":"Peter Hess Klangmassage\u00ae"},"content":{"rendered":"<h1 style=\"text-align: center;\"><strong><span><span style=\"color: #800000;\">Peter Hess\u00ae Klangmassage<\/span><br \/>\n<\/span><\/strong><\/h1>\n<p>zur F\u00f6rderung von Gesundheit und Stressabbau.<\/p>\n<p>In immer mehr L\u00e4ndern findet die Peter Hess Klangmassage<strong><span>\u00ae <\/span><\/strong>erfolgreiche Anwendung zur tiefen Entspannung und Unterst\u00fctzung von Regenerationsprozessen.<strong><span><\/span><\/strong><\/p>\n<p>Die Klangschalen werden auf bestimmte K\u00f6rperstellen positioniert und sanft angeklungen. Die Massage wird den individuellen Bed\u00fcrfnissen des Klienten angepasst dh. es kann eine Ganzk\u00f6rpermassage (R\u00fccken und Vorderseite) oder auch nur Teilmassage (R\u00fccken oder Vorderseite), eine Massage im Liegen oder Sitzen etc. stattfinden. Der Klient ist dabei vollkommen angekleidet.<\/p>\n<p><img loading=\"lazy\" decoding=\"async\" src=\"https:\/\/sat-amrit.com\/wp-content\/uploads\/2020\/10\/DSG_5409-300x200.jpg\" alt=\"\" class=\"size-medium wp-image-3465 aligncenter\" width=\"300\" height=\"200\" srcset=\"https:\/\/sat-amrit.com\/wp-content\/uploads\/2020\/10\/DSG_5409-300x200.jpg 300w, https:\/\/sat-amrit.com\/wp-content\/uploads\/2020\/10\/DSG_5409-1024x684.jpg 1024w, https:\/\/sat-amrit.com\/wp-content\/uploads\/2020\/10\/DSG_5409-768x513.jpg 768w, https:\/\/sat-amrit.com\/wp-content\/uploads\/2020\/10\/DSG_5409-1536x1026.jpg 1536w, https:\/\/sat-amrit.com\/wp-content\/uploads\/2020\/10\/DSG_5409-272x182.jpg 272w, https:\/\/sat-amrit.com\/wp-content\/uploads\/2020\/10\/DSG_5409.jpg 1920w\" sizes=\"auto, (max-width: 300px) 100vw, 300px\" \/><\/p>\n<p>Die Klangmassage ist eine auditive sowie taktile Anregung. Die sanften Vibrationen breiten sich langsam im K\u00f6rper aus und erfassen behutsam Organe und Knochen. Es kommt zur Harmonisierung jeder einzelnen Zelle im K\u00f6rper.<\/p>\n<p><a href=\"https:\/\/sat-amrit.com\/cjenik-zvucne-masaze\/\"><strong><span>PREISE<\/span><\/strong><\/a><strong><span><\/span><\/strong><\/p>\n<p>Wenn Sie einen Termin vereinbaren wollen, schicken Sie uns am besten eine\u00a0 <a href=\"https:\/\/sat-amrit.com\/kontakt\/\">Email<\/a>.<\/p>\n<h4><span><strong><span style=\"color: #800000;\">N\u00fctzliche Hinweise:<\/span><br \/>\n<\/strong><\/span><\/h4>\n<ul>\n<li><strong><span style=\"color: #800000;\">vor<\/span> <\/strong>und <strong><span style=\"color: #800000;\">nach <\/span><\/strong>einer Klangmassage ist es ratsam <span style=\"color: #800000;\"><strong>viel Wasser zu trinken;<\/strong><\/span><\/li>\n<li>bringen Sie zur Klangmassage ein Handtuch und Wasser mit;<strong><br \/>\n<\/strong><\/li>\n<li>vor der Klangmassage nehmen Sie bitte ihren Schmuck ab;<strong><\/strong><\/li>\n<li>gleich nach einer Klangmassage r\u00e4umen Sie sich am besten Ruhe und ein gelasseneres Tempo ein;<\/li>\n<li>f\u00fcr die erste Klangmassage planen Sie mehr Zeit f\u00fcr ein Einf\u00fchrungsgespr\u00e4ch ein;<\/li>\n<li>Klangmassagen sind auch f\u00fcr Kinder geeignet;<\/li>\n<li>in den ersten<span style=\"color: #800000;\"><strong> 12 Wochen <\/strong><\/span>einer Schwangerschaft mache ich keine Klangmassage;<\/li>\n<li><\/li>\n<\/ul>\n<h2><strong><span><span style=\"color: #800000;\">Viel mehr als Entspannung<\/span><br \/>\n<\/span><\/strong><\/h2>\n<p>Die harmonischen Kl\u00e4nge regen F\u00fchlen und H\u00f6ren an. Bei der Klangmassage handelt es sich um eine nicht-invasive Entspannungsmethode, die auch immer mehr erg\u00e4nzende Anwendung im Bereich der Psycho-, Physio-und Ergotherapie findet.<img loading=\"lazy\" decoding=\"async\" src=\"https:\/\/sat-amrit.com\/wp-content\/uploads\/2020\/10\/DSG_5437-300x200.jpg\" alt=\"\" class=\"size-medium wp-image-3471 alignright\" width=\"300\" height=\"200\" srcset=\"https:\/\/sat-amrit.com\/wp-content\/uploads\/2020\/10\/DSG_5437-300x200.jpg 300w, https:\/\/sat-amrit.com\/wp-content\/uploads\/2020\/10\/DSG_5437-1024x684.jpg 1024w, https:\/\/sat-amrit.com\/wp-content\/uploads\/2020\/10\/DSG_5437-768x513.jpg 768w, https:\/\/sat-amrit.com\/wp-content\/uploads\/2020\/10\/DSG_5437-1536x1026.jpg 1536w, https:\/\/sat-amrit.com\/wp-content\/uploads\/2020\/10\/DSG_5437-272x182.jpg 272w, https:\/\/sat-amrit.com\/wp-content\/uploads\/2020\/10\/DSG_5437.jpg 1920w\" sizes=\"auto, (max-width: 300px) 100vw, 300px\" \/><\/p>\n<p>Zur Gesundheitsf\u00f6rderung wird sie immer h\u00e4ufiger als komplement\u00e4re Methode in Hospit\u00e4lern verwendet <a href=\"https:\/\/www.youtube.com\/watch?v=uC7QVKOrwMs\" data-rel=\"lightbox-video-0\">https:\/\/www.youtube.com\/watch?v=uC7QVKOrwMs<\/a><\/p>\n<p><span>Auch wenn die Klangmassage nicht nur zum Stressabbau sondern auch zur F\u00f6rderung von Genesungsprozessen verwendet wird, ist sie kein Ersatz f\u00fcr einen Arzt oder Heilpraktiker.<\/span><\/p>\n<h2><span><strong><span style=\"color: #800000;\">Vibration und Resonanz<\/span><br \/>\n<\/strong><\/span><\/h2>\n<p><img loading=\"lazy\" decoding=\"async\" src=\"https:\/\/sat-amrit.com\/wp-content\/uploads\/2020\/10\/20190622_123044-225x300.jpg\" alt=\"\" class=\"size-medium wp-image-3384 alignleft\" width=\"225\" height=\"300\" srcset=\"https:\/\/sat-amrit.com\/wp-content\/uploads\/2020\/10\/20190622_123044-225x300.jpg 225w, https:\/\/sat-amrit.com\/wp-content\/uploads\/2020\/10\/20190622_123044-768x1024.jpg 768w, https:\/\/sat-amrit.com\/wp-content\/uploads\/2020\/10\/20190622_123044-1152x1536.jpg 1152w, https:\/\/sat-amrit.com\/wp-content\/uploads\/2020\/10\/20190622_123044-1536x2048.jpg 1536w, https:\/\/sat-amrit.com\/wp-content\/uploads\/2020\/10\/20190622_123044-scaled.jpg 1920w\" sizes=\"auto, (max-width: 225px) 100vw, 225px\" \/>Harmonisches Pulsieren verschiedener Biorhythmen bringt Vitalit\u00e4t. Vibrationen k\u00f6nnen einander anregen oder beeintr\u00e4chtigen.\u00a0 Zur Erhaltung des Gesamtorganismus ist es wesentlich seine Pulsation, sowie die sich untereinander st\u00e4rkenden und anregenden Pulsationen der einzelnen Organe und Zellen aufrechtzuerhalten.<\/p>\n<p>Ein Mensch, der tagt\u00e4glich verschiedenen Stresssituationen und Einfl\u00fcssen aus der Au\u00dfenwelt ausgesetzt ist und nichts unternimmt, um sein Energiegleichgewicht wiederherzustellen, b\u00fc\u00dft immer mehr von seiner F\u00e4higkeit ein harmonisch-rhythmische Pulsationen in seinem Organismus zu erzeugen.<\/p>\n<p>Ursachen, aber auch Resultat von Dissonanz und chaotischen Vibrationen sind oft:<\/p>\n<ul>\n<li>zerrissene oder erkaltete zwischenmenschliche Beziehungen;<\/li>\n<li>schlechte Essgewohnheiten; niedrige Qualit\u00e4t von konsumierten\u00a0 Nahrungsmitteln und Getr\u00e4nken;<\/li>\n<li>schlechte Schlafgewohnheiten und -qualit\u00e4t<\/li>\n<li>Verlust eines geliebten Menschen<\/li>\n<li>st\u00e4ndige Unsicherheit, Angst, Sorgen, Zweifel u\u00e4.<\/li>\n<\/ul>\n<p>Die Klangmassage hilft dabei das Gleichgewicht im Gesamtorganismus und jeder einzelnen Zelle wiederherzustellen und spornt das funktionelle K\u00f6rpersystem wieder dazu an harmonisch zu arbeiten.<\/p>\n<p>Das Prinzip auf der die Klangmassage beruht, ist die Resonanz.<\/p>\n<p>Ein sehr einfaches Beispiel der Resonanz ist das \u00d6ffnen einer Autot\u00fcr mit fernbedientem Autoschl\u00fcssel. Nur ein Schl\u00fcssel mit einem bestimmten Signal \u00f6ffnet die T\u00fcren ihres Autos, wenn die T\u00fcren in Resonanz mit dem Signal des fernbedienten Schl\u00fcssels treten.\u00a0 Wird ein anderer fernbedienter Schl\u00fcssel verwendet, so bleiben die Autot\u00fcren verschlossen.<\/p>\n<p>Falls sich ein Geb\u00e4ude zwischen dem fernbedienten Schl\u00fcssel und den Autot\u00fcren befindet &#8211; Interferenz &#8211; bleiben die T\u00fcren ebenso verschlossen.<\/p>\n<p><img loading=\"lazy\" decoding=\"async\" src=\"https:\/\/sat-amrit.com\/wp-content\/uploads\/2020\/10\/20190831_195052-219x300.jpg\" alt=\"\" class=\"size-medium wp-image-3408 alignright\" width=\"219\" height=\"300\" srcset=\"https:\/\/sat-amrit.com\/wp-content\/uploads\/2020\/10\/20190831_195052-219x300.jpg 219w, https:\/\/sat-amrit.com\/wp-content\/uploads\/2020\/10\/20190831_195052-746x1024.jpg 746w, https:\/\/sat-amrit.com\/wp-content\/uploads\/2020\/10\/20190831_195052-768x1054.jpg 768w, https:\/\/sat-amrit.com\/wp-content\/uploads\/2020\/10\/20190831_195052-1119x1536.jpg 1119w, https:\/\/sat-amrit.com\/wp-content\/uploads\/2020\/10\/20190831_195052.jpg 1151w\" sizes=\"auto, (max-width: 219px) 100vw, 219px\" \/>Derselbe Prozess findet kontinuierlich im menschlichen K\u00f6rper und auch in unserer Umgebung statt. Ununterbrochen senden und empfangen wir Signale.<\/p>\n<p>Stehen wir in Resonanz mit uns selbst &#8211; wozu uns die Klangmassage verhilft &#8211; dann stehen wir in Resonanz mit unserer pers\u00f6nlichen Realit\u00e4t &#8211; unseren F\u00e4higkeiten, M\u00f6glichkeiten und W\u00fcnschen, sowie mit der Realit\u00e4t, die uns umgibt. Diese Resonanz erm\u00f6glicht uns aus dem Jetzt in Harmonie mit uns selbst und unserer Umgebung zu handeln.\u00a0 Unsere Pulsation ist nat\u00fcrlich, unsere Handlungen und Gedanken sind nat\u00fcrlich und wir genie\u00dfen ein Wohlempfinden in unserem ganzen Wesen.<\/p>\n<h2><strong><span><span style=\"color: #800000;\">Mit sich selbst in Resonanz treten<\/span><br \/>\n<\/span><\/strong><\/h2>\n<p>Oft gibt es Augenblicke im Leben, in denen man so gerne von ganzem Herzen singen will, aber es kommt kein Ton hervor, denn der Kn\u00f6del im Hals ist zu dick. Es gibt Momente im Leben, da f\u00e4ngt man an zu tanzen, aber manchmal scheint\u00a0 der K\u00f6rper den Rhythmus einfach nicht aufnehmen zu k\u00f6nnen und man hopst\u00a0 steif herum. Oft sind das Gr\u00fcnde aus denen viele zur Flasche oder etwas anderem greifen, da die Entfremdung von sich selbst zu riesig ist.<\/p>\n<p>Es gibt aber auch besondere Augenblicke im Leben, da passiert es, dass man\u00a0 aus vollem Halse mit Freunden, Bekannten und Unbekannten &#8222;ohne Hilfsmittel&#8220; singt, lacht und tanzt.\u00a0 Jegliche Isolation verschwindet, Masken fallen und eine s\u00fc\u00dfe Verbundenheit von Herz zu Herz, die jedem Erf\u00fcllung bringt, breitet sich in der Gemeinschaft aus. Das ist das Urvertrauen, das jedem Wesen von Geburt an eigen ist, die seelische Reinheit seiner Selbst und der ganzen Sch\u00f6pfung.<\/p>\n<p><img loading=\"lazy\" decoding=\"async\" src=\"https:\/\/sat-amrit.com\/wp-content\/uploads\/2020\/10\/20190825_154231-225x300.jpg\" alt=\"\" class=\"size-medium wp-image-3405 alignleft\" width=\"225\" height=\"300\" srcset=\"https:\/\/sat-amrit.com\/wp-content\/uploads\/2020\/10\/20190825_154231-225x300.jpg 225w, https:\/\/sat-amrit.com\/wp-content\/uploads\/2020\/10\/20190825_154231-768x1024.jpg 768w, https:\/\/sat-amrit.com\/wp-content\/uploads\/2020\/10\/20190825_154231-1152x1536.jpg 1152w, https:\/\/sat-amrit.com\/wp-content\/uploads\/2020\/10\/20190825_154231-1536x2048.jpg 1536w, https:\/\/sat-amrit.com\/wp-content\/uploads\/2020\/10\/20190825_154231-scaled.jpg 1920w\" sizes=\"auto, (max-width: 225px) 100vw, 225px\" \/><\/p>\n<p>Vielf\u00e4ltig sind die Quellen solcher Empfindungen und reichen von wundervollen Naturerscheinungen vom Sonnenauf- bis untergang bis zutiefst inspirierter Kunst, ob Poesie, Musik, Tanz, Schauspiel etc.<\/p>\n<p>Das menschliche Leben unterliegt der Pulsation, dem\u00a0 Rhythmus, nat\u00fcrlichen Zyklen, der Wiederholung in bestimmten zeitlichen Abst\u00e4nden. Dabei ist die Koordination das Grundprinzip des K\u00f6rperrhythmus.<\/p>\n<p>Trennt sich der Mensch von nat\u00fcrlichen Rhythmen, der nat\u00fcrlichen Pulsation, so entsteht ein sp\u00fcrbares Ungleichgewicht. Es kommt zur Beeintr\u00e4chtigung der inneren und \u00e4u\u00dferen Resonanz.<\/p>\n<p>Der Klangpraktiker bietet dem Klienten mit den Klangschalen ein breites Spektrum an harmonisch-rhythmischen Vibrationen. Der Klient nimmt jene Klangvibrationen an dh. tritt mit jenen in Resonanz, deren er im gegebenen Moment bedarf, um in Einklang mit sich selbst zu kommen.<\/p>\n<p>Auf besondere Weise wird der Klangpraktiker zum Musiker. Ein Musiker ist erfolgreich, wenn er die Menschen in Rhythmus bringt. Rhythmus ist die Voraussetzung um in Einklang mit sich selbst und seiner Umwelt zu kommen.<\/p>\n<p>Im Osten wird dies als <span><em>Nada Brahma <\/em>bezeichnet.<\/span> Die Welt ist Klang, entsprungen aus einer einzigen Quelle.<\/p>\n<h2><strong><span><span style=\"color: #800000;\">Wissenschaft und Klangmassage<\/span><br \/>\n<\/span><\/strong><\/h2>\n<p>Wissenschaftliche Studien haben bewiesen, dass Klangmassage Zellen revitalisiert. Vor allem eine Studie des Instituts f\u00fcr Zellbiologie, Histologie und Embryologie an der Medizinischen Universit\u00e4t Graz, die die Wirkung der Klangmassage auf Endothelzellen im menschlichen Organismus beschreibt ist hervorzuheben<span><\/span>\u00a0<a href=\"http:\/\/www.fachverband-klang.de\/files\/Fachzeitschrift_07_2010.pdf\">http:\/\/www.fachverband-klang.de\/files\/Fachzeitschrift_07_2010.pdf<\/a>\u00a0 (S. 25 \u2013 29).<\/p>\n<p><span>\u00a0<\/span><\/p>\n<h2><strong><span><span style=\"color: #800000;\">Klangschalen<\/span><br \/>\n<\/span><\/strong><\/h2>\n<p>Die Herstellung der Peter Hess\u00ae\u00a0 Therapieklangschalen erfolgt auf tradionelle Weise aus einer Bronzelegierung und anderen Edelmetallen. Im Anfertigungsprozess sind gleichzeitig mehrere erfahrene Experten t\u00e4tig. Der Schmiedeprozess jeder einzelnen Klangschale erfolgt im perfekten Rhythmus .<\/p>\n<p>Im Herstellungsprozess erh\u00e4lt jede Klangschale eine optimale Klang- und Vibrationsqualit\u00e4t.<\/p>\n<p style=\"text-align: center;\"><strong><span style=\"color: #800000;\">***<\/span><\/strong><\/p>\n","protected":false},"excerpt":{"rendered":"<p>Peter Hess\u00ae Klangmassage zur F\u00f6rderung von Gesundheit und Stressabbau. In immer mehr L\u00e4ndern findet die Peter Hess Klangmassage\u00ae erfolgreiche Anwendung zur tiefen Entspannung und Unterst\u00fctzung von Regenerationsprozessen. Die Klangschalen werden auf bestimmte K\u00f6rperstellen positioniert und sanft angeklungen. Die Massage wird den individuellen Bed\u00fcrfnissen des Klienten angepasst dh. es kann eine Ganzk\u00f6rpermassage (R\u00fccken und Vorderseite) oder [&hellip;]<\/p>\n","protected":false},"author":3,"featured_media":3491,"parent":0,"menu_order":0,"comment_status":"open","ping_status":"closed","template":"","meta":{"_acf_changed":false,"footnotes":""},"class_list":["post-4988","page","type-page","status-publish","has-post-thumbnail","hentry","post","post-with-thumbnail","post-with-thumbnail-icon"],"acf":[],"yoast_head":"<!-- This site is optimized with the Yoast SEO plugin v26.6 - https:\/\/yoast.com\/wordpress\/plugins\/seo\/ -->\n<title>Peter Hess Klangmassage\u00ae - Kundalini yoga - SAT AMRIT \u2022 Zapre\u0161i\u0107<\/title>\n<meta name=\"description\" content=\"Die Klangmassage ist eine auditive sowie taktile Anregung. Jede Massage wird den individuellen Bed\u00fcrfnissen des Klienten angepasst.\" \/>\n<meta name=\"robots\" content=\"index, follow, max-snippet:-1, max-image-preview:large, max-video-preview:-1\" \/>\n<link rel=\"canonical\" href=\"https:\/\/sat-amrit.com\/de\/peter-hess-klangmassage-in-zapresic\/\" \/>\n<meta property=\"og:locale\" content=\"de_DE\" \/>\n<meta property=\"og:type\" content=\"article\" \/>\n<meta property=\"og:title\" content=\"Peter Hess Klangmassage\u00ae - Kundalini yoga - SAT AMRIT \u2022 Zapre\u0161i\u0107\" \/>\n<meta property=\"og:description\" content=\"Die Klangmassage ist eine auditive sowie taktile Anregung. Jede Massage wird den individuellen Bed\u00fcrfnissen des Klienten angepasst.\" \/>\n<meta property=\"og:url\" content=\"https:\/\/sat-amrit.com\/de\/peter-hess-klangmassage-in-zapresic\/\" \/>\n<meta property=\"og:site_name\" content=\"Kundalini yoga - SAT AMRIT \u2022 Zapre\u0161i\u0107\" \/>\n<meta property=\"article:modified_time\" content=\"2024-09-17T10:30:21+00:00\" \/>\n<meta property=\"og:image\" content=\"https:\/\/sat-amrit.com\/wp-content\/uploads\/2020\/10\/DSG_5528.jpg\" \/>\n\t<meta property=\"og:image:width\" content=\"1920\" \/>\n\t<meta property=\"og:image:height\" content=\"1282\" \/>\n\t<meta property=\"og:image:type\" content=\"image\/jpeg\" \/>\n<meta name=\"twitter:card\" content=\"summary_large_image\" \/>\n<meta name=\"twitter:label1\" content=\"Gesch\u00e4tzte Lesezeit\" \/>\n\t<meta name=\"twitter:data1\" content=\"7\u00a0Minuten\" \/>\n<script type=\"application\/ld+json\" class=\"yoast-schema-graph\">{\"@context\":\"https:\/\/schema.org\",\"@graph\":[{\"@type\":\"WebPage\",\"@id\":\"https:\/\/sat-amrit.com\/de\/peter-hess-klangmassage-in-zapresic\/\",\"url\":\"https:\/\/sat-amrit.com\/de\/peter-hess-klangmassage-in-zapresic\/\",\"name\":\"Peter Hess Klangmassage\u00ae - Kundalini yoga - SAT AMRIT \u2022 Zapre\u0161i\u0107\",\"isPartOf\":{\"@id\":\"https:\/\/sat-amrit.com\/#website\"},\"primaryImageOfPage\":{\"@id\":\"https:\/\/sat-amrit.com\/de\/peter-hess-klangmassage-in-zapresic\/#primaryimage\"},\"image\":{\"@id\":\"https:\/\/sat-amrit.com\/de\/peter-hess-klangmassage-in-zapresic\/#primaryimage\"},\"thumbnailUrl\":\"https:\/\/sat-amrit.com\/wp-content\/uploads\/2020\/10\/DSG_5528.jpg\",\"datePublished\":\"2022-08-04T11:36:02+00:00\",\"dateModified\":\"2024-09-17T10:30:21+00:00\",\"description\":\"Die Klangmassage ist eine auditive sowie taktile Anregung. Jede Massage wird den individuellen Bed\u00fcrfnissen des Klienten angepasst.\",\"breadcrumb\":{\"@id\":\"https:\/\/sat-amrit.com\/de\/peter-hess-klangmassage-in-zapresic\/#breadcrumb\"},\"inLanguage\":\"de\",\"potentialAction\":[{\"@type\":\"ReadAction\",\"target\":[\"https:\/\/sat-amrit.com\/de\/peter-hess-klangmassage-in-zapresic\/\"]}]},{\"@type\":\"ImageObject\",\"inLanguage\":\"de\",\"@id\":\"https:\/\/sat-amrit.com\/de\/peter-hess-klangmassage-in-zapresic\/#primaryimage\",\"url\":\"https:\/\/sat-amrit.com\/wp-content\/uploads\/2020\/10\/DSG_5528.jpg\",\"contentUrl\":\"https:\/\/sat-amrit.com\/wp-content\/uploads\/2020\/10\/DSG_5528.jpg\",\"width\":1920,\"height\":1282,\"caption\":\"Zvu\u010dna masa\u017ea\"},{\"@type\":\"BreadcrumbList\",\"@id\":\"https:\/\/sat-amrit.com\/de\/peter-hess-klangmassage-in-zapresic\/#breadcrumb\",\"itemListElement\":[{\"@type\":\"ListItem\",\"position\":1,\"name\":\"\",\"item\":\"https:\/\/sat-amrit.com\/de\/\"},{\"@type\":\"ListItem\",\"position\":2,\"name\":\"Peter Hess Klangmassage\u00ae\"}]},{\"@type\":\"WebSite\",\"@id\":\"https:\/\/sat-amrit.com\/#website\",\"url\":\"https:\/\/sat-amrit.com\/\",\"name\":\"Kundalini yoga - SAT AMRIT \u2022 Zapre\u0161i\u0107\",\"description\":\"Kundalini yoga prema u\u010denju Yogi Bhajana\",\"publisher\":{\"@id\":\"https:\/\/sat-amrit.com\/#organization\"},\"potentialAction\":[{\"@type\":\"SearchAction\",\"target\":{\"@type\":\"EntryPoint\",\"urlTemplate\":\"https:\/\/sat-amrit.com\/?s={search_term_string}\"},\"query-input\":{\"@type\":\"PropertyValueSpecification\",\"valueRequired\":true,\"valueName\":\"search_term_string\"}}],\"inLanguage\":\"de\"},{\"@type\":\"Organization\",\"@id\":\"https:\/\/sat-amrit.com\/#organization\",\"name\":\"Sat Amrit j.d.o.o.\",\"url\":\"https:\/\/sat-amrit.com\/\",\"logo\":{\"@type\":\"ImageObject\",\"inLanguage\":\"de\",\"@id\":\"https:\/\/sat-amrit.com\/#\/schema\/logo\/image\/\",\"url\":\"https:\/\/sat-amrit.com\/wp-content\/uploads\/2014\/12\/Yoga-Studio-Zapresic.jpg\",\"contentUrl\":\"https:\/\/sat-amrit.com\/wp-content\/uploads\/2014\/12\/Yoga-Studio-Zapresic.jpg\",\"width\":930,\"height\":800,\"caption\":\"Sat Amrit j.d.o.o.\"},\"image\":{\"@id\":\"https:\/\/sat-amrit.com\/#\/schema\/logo\/image\/\"}}]}<\/script>\n<!-- \/ Yoast SEO plugin. -->","yoast_head_json":{"title":"Peter Hess Klangmassage\u00ae - Kundalini yoga - SAT AMRIT \u2022 Zapre\u0161i\u0107","description":"Die Klangmassage ist eine auditive sowie taktile Anregung. Jede Massage wird den individuellen Bed\u00fcrfnissen des Klienten angepasst.","robots":{"index":"index","follow":"follow","max-snippet":"max-snippet:-1","max-image-preview":"max-image-preview:large","max-video-preview":"max-video-preview:-1"},"canonical":"https:\/\/sat-amrit.com\/de\/peter-hess-klangmassage-in-zapresic\/","og_locale":"de_DE","og_type":"article","og_title":"Peter Hess Klangmassage\u00ae - Kundalini yoga - SAT AMRIT \u2022 Zapre\u0161i\u0107","og_description":"Die Klangmassage ist eine auditive sowie taktile Anregung. Jede Massage wird den individuellen Bed\u00fcrfnissen des Klienten angepasst.","og_url":"https:\/\/sat-amrit.com\/de\/peter-hess-klangmassage-in-zapresic\/","og_site_name":"Kundalini yoga - SAT AMRIT \u2022 Zapre\u0161i\u0107","article_modified_time":"2024-09-17T10:30:21+00:00","og_image":[{"width":1920,"height":1282,"url":"https:\/\/sat-amrit.com\/wp-content\/uploads\/2020\/10\/DSG_5528.jpg","type":"image\/jpeg"}],"twitter_card":"summary_large_image","twitter_misc":{"Gesch\u00e4tzte Lesezeit":"7\u00a0Minuten"},"schema":{"@context":"https:\/\/schema.org","@graph":[{"@type":"WebPage","@id":"https:\/\/sat-amrit.com\/de\/peter-hess-klangmassage-in-zapresic\/","url":"https:\/\/sat-amrit.com\/de\/peter-hess-klangmassage-in-zapresic\/","name":"Peter Hess Klangmassage\u00ae - Kundalini yoga - SAT AMRIT \u2022 Zapre\u0161i\u0107","isPartOf":{"@id":"https:\/\/sat-amrit.com\/#website"},"primaryImageOfPage":{"@id":"https:\/\/sat-amrit.com\/de\/peter-hess-klangmassage-in-zapresic\/#primaryimage"},"image":{"@id":"https:\/\/sat-amrit.com\/de\/peter-hess-klangmassage-in-zapresic\/#primaryimage"},"thumbnailUrl":"https:\/\/sat-amrit.com\/wp-content\/uploads\/2020\/10\/DSG_5528.jpg","datePublished":"2022-08-04T11:36:02+00:00","dateModified":"2024-09-17T10:30:21+00:00","description":"Die Klangmassage ist eine auditive sowie taktile Anregung. Jede Massage wird den individuellen Bed\u00fcrfnissen des Klienten angepasst.","breadcrumb":{"@id":"https:\/\/sat-amrit.com\/de\/peter-hess-klangmassage-in-zapresic\/#breadcrumb"},"inLanguage":"de","potentialAction":[{"@type":"ReadAction","target":["https:\/\/sat-amrit.com\/de\/peter-hess-klangmassage-in-zapresic\/"]}]},{"@type":"ImageObject","inLanguage":"de","@id":"https:\/\/sat-amrit.com\/de\/peter-hess-klangmassage-in-zapresic\/#primaryimage","url":"https:\/\/sat-amrit.com\/wp-content\/uploads\/2020\/10\/DSG_5528.jpg","contentUrl":"https:\/\/sat-amrit.com\/wp-content\/uploads\/2020\/10\/DSG_5528.jpg","width":1920,"height":1282,"caption":"Zvu\u010dna masa\u017ea"},{"@type":"BreadcrumbList","@id":"https:\/\/sat-amrit.com\/de\/peter-hess-klangmassage-in-zapresic\/#breadcrumb","itemListElement":[{"@type":"ListItem","position":1,"name":"","item":"https:\/\/sat-amrit.com\/de\/"},{"@type":"ListItem","position":2,"name":"Peter Hess Klangmassage\u00ae"}]},{"@type":"WebSite","@id":"https:\/\/sat-amrit.com\/#website","url":"https:\/\/sat-amrit.com\/","name":"Kundalini yoga - SAT AMRIT \u2022 Zapre\u0161i\u0107","description":"Kundalini yoga prema u\u010denju Yogi Bhajana","publisher":{"@id":"https:\/\/sat-amrit.com\/#organization"},"potentialAction":[{"@type":"SearchAction","target":{"@type":"EntryPoint","urlTemplate":"https:\/\/sat-amrit.com\/?s={search_term_string}"},"query-input":{"@type":"PropertyValueSpecification","valueRequired":true,"valueName":"search_term_string"}}],"inLanguage":"de"},{"@type":"Organization","@id":"https:\/\/sat-amrit.com\/#organization","name":"Sat Amrit j.d.o.o.","url":"https:\/\/sat-amrit.com\/","logo":{"@type":"ImageObject","inLanguage":"de","@id":"https:\/\/sat-amrit.com\/#\/schema\/logo\/image\/","url":"https:\/\/sat-amrit.com\/wp-content\/uploads\/2014\/12\/Yoga-Studio-Zapresic.jpg","contentUrl":"https:\/\/sat-amrit.com\/wp-content\/uploads\/2014\/12\/Yoga-Studio-Zapresic.jpg","width":930,"height":800,"caption":"Sat Amrit j.d.o.o."},"image":{"@id":"https:\/\/sat-amrit.com\/#\/schema\/logo\/image\/"}}]}},"_links":{"self":[{"href":"https:\/\/sat-amrit.com\/de\/wp-json\/wp\/v2\/pages\/4988","targetHints":{"allow":["GET"]}}],"collection":[{"href":"https:\/\/sat-amrit.com\/de\/wp-json\/wp\/v2\/pages"}],"about":[{"href":"https:\/\/sat-amrit.com\/de\/wp-json\/wp\/v2\/types\/page"}],"author":[{"embeddable":true,"href":"https:\/\/sat-amrit.com\/de\/wp-json\/wp\/v2\/users\/3"}],"replies":[{"embeddable":true,"href":"https:\/\/sat-amrit.com\/de\/wp-json\/wp\/v2\/comments?post=4988"}],"version-history":[{"count":20,"href":"https:\/\/sat-amrit.com\/de\/wp-json\/wp\/v2\/pages\/4988\/revisions"}],"predecessor-version":[{"id":6715,"href":"https:\/\/sat-amrit.com\/de\/wp-json\/wp\/v2\/pages\/4988\/revisions\/6715"}],"wp:featuredmedia":[{"embeddable":true,"href":"https:\/\/sat-amrit.com\/de\/wp-json\/wp\/v2\/media\/3491"}],"wp:attachment":[{"href":"https:\/\/sat-amrit.com\/de\/wp-json\/wp\/v2\/media?parent=4988"}],"curies":[{"name":"wp","href":"https:\/\/api.w.org\/{rel}","templated":true}]}}