{"id":5112,"date":"2022-08-08T20:38:22","date_gmt":"2022-08-08T18:38:22","guid":{"rendered":"https:\/\/sat-amrit.com\/?page_id=5112"},"modified":"2024-09-17T15:04:19","modified_gmt":"2024-09-17T13:04:19","slug":"klangmassage-preise","status":"publish","type":"page","link":"https:\/\/sat-amrit.com\/de\/klangmassage-preise\/","title":{"rendered":"Klangmassage Preise"},"content":{"rendered":"<h3 style=\"text-align: center;\"><span style=\"color: #008000;\">KLANGMASSAGEN<\/span><span><span style=\"color: #800000;\"><span style=\"color: #008000;\">ANGEBOT<\/span> <\/span><br \/>\n<\/span><\/h3>\n<p><strong><span style=\"color: #800000;\">1.<\/span><\/strong> <strong><span style=\"color: #800000;\">Basisklangmassage zur Entspannung<\/span><\/strong> \u2013 erster Termin ca.<strong><\/strong><strong><\/strong><span style=\"color: #008000;\"><strong> 80 min<\/strong> &#8211;\u00a0 <\/span>Einf\u00fchrung in die Klangmassage, Klangmassage, Abschlussgespr\u00e4ch <strong><span style=\"color: #800000;\">45,00 <span>\u20ac<\/span><\/span><\/strong><\/p>\n<ul><\/ul>\n<ul style=\"list-style-type: square;\">\n<li><span>Jede weitere Basisklangmassage zur Entspannung ca. <strong><span style=\"color: #008000;\">60 min<\/span><\/strong> \u2013 Vorbereitung, Klangmassage, Abschlussgespr\u00e4ch <\/span><span><span style=\"color: #800000;\"><strong>35,00 \u20ac<\/strong><\/span><\/span><\/li>\n<\/ul>\n<p style=\"text-align: center;\"><strong><span style=\"color: #800000;\">***<\/span><\/strong><\/p>\n<p><span style=\"color: #800000;\"><strong>2. Faszienklangmassage <\/strong><\/span>\u2013 erster Termin ca.<strong><\/strong><strong><\/strong><span><strong><span style=\"color: #008000;\"> 80<\/span><\/strong> min &#8211;\u00a0 <\/span>Einf\u00fchrung in die Klangmassage, Klangmassage, Abschlussgespr\u00e4ch <span style=\"color: #800000;\"><strong>45,00 \u20ac<\/strong><\/span><\/p>\n<ul style=\"list-style-type: square;\">\n<li style=\"text-align: left;\">Jede weitere Faszienklangmassage ca. <strong><span style=\"color: #008000;\">60<\/span> <\/strong>min &#8211; Vorbereitung, Klangmassage, Abschlussgespr\u00e4ch<span style=\"color: #800000;\"><strong> 35,00 <span>\u20ac<\/span><br \/>\n<\/strong><strong><\/strong><\/span><span style=\"color: #800000;\"><strong><\/strong><\/span><\/li>\n<\/ul>\n<p style=\"text-align: center;\"><span style=\"color: #800000;\"><strong>***<\/strong><\/span><\/p>\n<p><span style=\"color: #800000;\"><strong>3. Individuelle Klangmassage<\/strong><\/span> &#8211; ganz den individuellen Bed\u00fcrfnissen und dem Zustand des Klienten entsprechend &#8211; <span style=\"color: #008000;\">erster Termin<\/span> \u2013 Dauer insgesamt ca. <span style=\"color: #008000;\"><strong>2 &#8211; 2,5 <\/strong><\/span>Stunden &#8211; <span><\/span>Einf\u00fchrung in die Klangmassage, Konkretisierung des momentanen Zustands, Zielsetzung, \u00c4u\u00dferung von W\u00fcnschen und Bed\u00fcrfnissen zur Gestaltung der Klangmassage (abh\u00e4ngig vom momentanen gesundheitlichen Zustand des Klienten), Zielumsetzung sowie Abschlussgespr\u00e4ch\u00a0\u00a0\u00a0\u00a0\u00a0\u00a0\u00a0\u00a0 <span style=\"color: #800000;\"><strong>55,00 \u20ac<\/strong><\/span><span><\/span><\/p>\n<ul style=\"list-style-type: square;\">\n<li><span>Jede weitere individuelle Klangmassage<\/span> \u2013 insgesamt <span style=\"color: #008000;\"><strong>1,5 \u2013 2 Stunden<\/strong> <\/span>\u2013\u00a0 <span style=\"color: #800000;\"><strong>45,00 \u20ac<\/strong><\/span><span> <\/span><\/li>\n<\/ul>\n<p>Die <span style=\"color: #800000;\">individuelle Klangmassage<\/span> umfasst Elemente der Basisklangmassage, Elemente der Faszienklangmassage nach <a href=\"https:\/\/www.peter-hess-institut.de\/regionale-klangmassagepraktikerinnen\/mschmidt-fieber\/\">Maria Schmidt-Fieber<\/a>, sowie Elemente der Klangmassage f\u00fcr Neurologie und Psychosomatik nach <a href=\"https:\/\/www.peter-hess-institut.de\/regionale-klangmassagepraktikerinnen\/arieckmann\/\">Angelika Rieckmann<\/a>.<\/p>\n<p style=\"text-align: center;\"><span style=\"color: #800000;\"><strong>***<\/strong><\/span><\/p>\n<p><span>Wissenschaftliche Studien haben gezeigt, dass ein Paket von <span style=\"color: #0000ff;\">f\u00fcnf<\/span> Klangmassagen \u00fcber einen Zeitraum von <span style=\"color: #0000ff;\">f\u00fcnf<\/span> Wochen zu besonders guten Resultaten f\u00fchrt.\u00a0 F\u00fcr die Zeit danach wird eine Klangmassage jede <strong><span style=\"color: #008000;\">drei Wochen <\/span><\/strong>zur Erhaltung des neuen Zustands empfohlen.<\/span><\/p>\n<h3><span style=\"color: #800000;\">PAKETANGEBOTE:<\/span><\/h3>\n<p><span style=\"color: #0000ff;\"><strong>5<\/strong><\/span> Basisklangmassagen innerhalb von <span><strong><span style=\"color: #0000ff;\">f\u00fcnf<\/span> <\/strong>Wochen<\/span> (einschlie\u00dflich erster Termin)\u00a0 : <span style=\"color: #800000;\"><strong>160,00 \u20ac<\/strong><\/span><\/p>\n<p><span style=\"color: #0000ff;\"><strong>3 <\/strong><\/span><span><\/span>Basisklangmassagen oder Faszienklangmassagen innerhalb von <strong><span style=\"color: #0000ff;\">drei<\/span> <\/strong>Wochen (einschlie\u00dflich erster Termin): <strong><span style=\"color: #800000;\">100,00 \u20ac<\/span><span><br \/>\n<\/span><\/strong><\/p>\n<p><span style=\"color: #0000ff;\"><strong>2<\/strong><\/span> Basisklangmassagen + <strong><span style=\"color: #0000ff;\">3<\/span><\/strong> Faszienklangmassagen oder umgekehrt innerhalb von <span style=\"color: #0000ff;\"><strong>f\u00fcnf<\/strong><\/span> <span>Wochen<\/span> (einschlie\u00dflich erster Termin): <span style=\"color: #800000;\"><strong>160,00 \u20ac<\/strong><\/span><\/p>\n<p><strong><span style=\"color: #0000ff;\">5<\/span><\/strong> individuelle Klangmassagen innerhalb von f\u00fcnf Wochen (einschlie\u00dflich erster Termin): <strong><span style=\"color: #800000;\">195,00 \u20ac<\/span><\/strong><\/p>\n<p><span style=\"color: #800000;\"><strong>Termine nach Vereinbarung <\/strong><\/span>telefonisch 098\/171 0504 <strong><\/strong>oder \u00fcber unser <a href=\"https:\/\/sat-amrit.com\/de\/kontakt\/\"><span><strong>Kontaktformular<\/strong><\/span><\/a><\/p>\n<p style=\"text-align: center;\"><span style=\"color: #800000;\"><strong>***<\/strong><\/span><\/p>\n<p><span>Mitglieder des <strong><span style=\"color: #800000;\">SAT AMRIT<\/span><\/strong>&#8211; Yoga Studio Zapre\u0161i\u0107 haben\u00a0<\/span><span> <\/span><span style=\"color: #800000;\"><strong>20 % <\/strong>Rabatt <\/span><span>auf einzelne Klangmassagen.<strong><\/strong><\/span><strong><span><\/span><\/strong><\/p>\n<p style=\"text-align: center;\"><strong><span style=\"color: #800000;\">***<\/span><\/strong><\/p>\n<h4 style=\"text-align: center;\"><span><strong><span style=\"color: #800000;\">Besondere Hinweise:<\/span><br \/>\n<\/strong><\/span><\/h4>\n<ul>\n<li>vor und nach einer Klangmassage<span style=\"color: #800000;\"><\/span><strong><span style=\"color: #800000;\"> trinken Sie bitte viel Wasser\u00a0 (<\/span><\/strong><span style=\"color: #000000;\">bringen Sie am besten ein Fl\u00e4schchen Wasser mit)<\/span><strong><span style=\"color: #800000;\"><br \/>\n<\/span><\/strong><\/li>\n<li>nehmen Sie zur Klangmassage ein Handtuch mit<strong><br \/>\n<\/strong><\/li>\n<li>vor der Klangmassage nehmen Sie bitte ihren Schmuck ab<strong><\/strong><\/li>\n<li>nach einer Klangmassage sollten Sie sich mehr Zeit f\u00fcr sich selbst nehmen;<\/li>\n<li>Klangmassagen sind auch f\u00fcr Kinder geeignet;<\/li>\n<li>Schwangeren in den ersten <strong><span style=\"color: #800000;\">12<\/span><\/strong> Schwangerschaftswochen gebe ich <strong><span style=\"color: #800000;\">keine<\/span><\/strong> Klangmassage; <span><strong><br \/>\n<\/strong><\/span><\/li>\n<li>in <strong><span style=\"color: #800000;\">akuten<\/span><\/strong> Krankheitsf<span>\u00e4<\/span>llen gebe ich <span style=\"color: #800000;\"><strong>keine<\/strong><\/span> Klangmassage;<\/li>\n<\/ul>\n<p style=\"text-align: center;\"><strong><span style=\"color: #800000;\">***<\/span><\/strong><\/p>\n","protected":false},"excerpt":{"rendered":"<p>KLANGMASSAGENANGEBOT 1. Basisklangmassage zur Entspannung \u2013 erster Termin ca. 80 min &#8211;\u00a0 Einf\u00fchrung in die Klangmassage, Klangmassage, Abschlussgespr\u00e4ch 45,00 \u20ac Jede weitere Basisklangmassage zur Entspannung ca. 60 min \u2013 Vorbereitung, Klangmassage, Abschlussgespr\u00e4ch 35,00 \u20ac *** 2. Faszienklangmassage \u2013 erster Termin ca. 80 min &#8211;\u00a0 Einf\u00fchrung in die Klangmassage, Klangmassage, Abschlussgespr\u00e4ch 45,00 \u20ac Jede weitere Faszienklangmassage [&hellip;]<\/p>\n","protected":false},"author":3,"featured_media":0,"parent":0,"menu_order":0,"comment_status":"closed","ping_status":"closed","template":"","meta":{"_acf_changed":false,"footnotes":""},"class_list":["post-5112","page","type-page","status-publish","hentry","post"],"acf":[],"yoast_head":"<!-- This site is optimized with the Yoast SEO plugin v26.6 - https:\/\/yoast.com\/wordpress\/plugins\/seo\/ -->\n<title>Klangmassage Preise - Kundalini yoga - SAT AMRIT \u2022 Zapre\u0161i\u0107<\/title>\n<meta name=\"robots\" content=\"index, follow, max-snippet:-1, max-image-preview:large, max-video-preview:-1\" \/>\n<link rel=\"canonical\" href=\"https:\/\/sat-amrit.com\/de\/klangmassage-preise\/\" \/>\n<meta property=\"og:locale\" content=\"de_DE\" \/>\n<meta property=\"og:type\" content=\"article\" \/>\n<meta property=\"og:title\" content=\"Klangmassage Preise - Kundalini yoga - SAT AMRIT \u2022 Zapre\u0161i\u0107\" \/>\n<meta property=\"og:description\" content=\"KLANGMASSAGENANGEBOT 1. Basisklangmassage zur Entspannung \u2013 erster Termin ca. 80 min &#8211;\u00a0 Einf\u00fchrung in die Klangmassage, Klangmassage, Abschlussgespr\u00e4ch 45,00 \u20ac Jede weitere Basisklangmassage zur Entspannung ca. 60 min \u2013 Vorbereitung, Klangmassage, Abschlussgespr\u00e4ch 35,00 \u20ac *** 2. Faszienklangmassage \u2013 erster Termin ca. 80 min &#8211;\u00a0 Einf\u00fchrung in die Klangmassage, Klangmassage, Abschlussgespr\u00e4ch 45,00 \u20ac Jede weitere Faszienklangmassage [&hellip;]\" \/>\n<meta property=\"og:url\" content=\"https:\/\/sat-amrit.com\/de\/klangmassage-preise\/\" \/>\n<meta property=\"og:site_name\" content=\"Kundalini yoga - SAT AMRIT \u2022 Zapre\u0161i\u0107\" \/>\n<meta property=\"article:modified_time\" content=\"2024-09-17T13:04:19+00:00\" \/>\n<meta name=\"twitter:card\" content=\"summary_large_image\" \/>\n<meta name=\"twitter:label1\" content=\"Gesch\u00e4tzte Lesezeit\" \/>\n\t<meta name=\"twitter:data1\" content=\"2\u00a0Minuten\" \/>\n<script type=\"application\/ld+json\" class=\"yoast-schema-graph\">{\"@context\":\"https:\/\/schema.org\",\"@graph\":[{\"@type\":\"WebPage\",\"@id\":\"https:\/\/sat-amrit.com\/de\/klangmassage-preise\/\",\"url\":\"https:\/\/sat-amrit.com\/de\/klangmassage-preise\/\",\"name\":\"Klangmassage Preise - Kundalini yoga - SAT AMRIT \u2022 Zapre\u0161i\u0107\",\"isPartOf\":{\"@id\":\"https:\/\/sat-amrit.com\/#website\"},\"datePublished\":\"2022-08-08T18:38:22+00:00\",\"dateModified\":\"2024-09-17T13:04:19+00:00\",\"breadcrumb\":{\"@id\":\"https:\/\/sat-amrit.com\/de\/klangmassage-preise\/#breadcrumb\"},\"inLanguage\":\"de\",\"potentialAction\":[{\"@type\":\"ReadAction\",\"target\":[\"https:\/\/sat-amrit.com\/de\/klangmassage-preise\/\"]}]},{\"@type\":\"BreadcrumbList\",\"@id\":\"https:\/\/sat-amrit.com\/de\/klangmassage-preise\/#breadcrumb\",\"itemListElement\":[{\"@type\":\"ListItem\",\"position\":1,\"name\":\"\",\"item\":\"https:\/\/sat-amrit.com\/de\/\"},{\"@type\":\"ListItem\",\"position\":2,\"name\":\"Klangmassage Preise\"}]},{\"@type\":\"WebSite\",\"@id\":\"https:\/\/sat-amrit.com\/#website\",\"url\":\"https:\/\/sat-amrit.com\/\",\"name\":\"Kundalini yoga - SAT AMRIT \u2022 Zapre\u0161i\u0107\",\"description\":\"Kundalini yoga prema u\u010denju Yogi Bhajana\",\"publisher\":{\"@id\":\"https:\/\/sat-amrit.com\/#organization\"},\"potentialAction\":[{\"@type\":\"SearchAction\",\"target\":{\"@type\":\"EntryPoint\",\"urlTemplate\":\"https:\/\/sat-amrit.com\/?s={search_term_string}\"},\"query-input\":{\"@type\":\"PropertyValueSpecification\",\"valueRequired\":true,\"valueName\":\"search_term_string\"}}],\"inLanguage\":\"de\"},{\"@type\":\"Organization\",\"@id\":\"https:\/\/sat-amrit.com\/#organization\",\"name\":\"Sat Amrit j.d.o.o.\",\"url\":\"https:\/\/sat-amrit.com\/\",\"logo\":{\"@type\":\"ImageObject\",\"inLanguage\":\"de\",\"@id\":\"https:\/\/sat-amrit.com\/#\/schema\/logo\/image\/\",\"url\":\"https:\/\/sat-amrit.com\/wp-content\/uploads\/2014\/12\/Yoga-Studio-Zapresic.jpg\",\"contentUrl\":\"https:\/\/sat-amrit.com\/wp-content\/uploads\/2014\/12\/Yoga-Studio-Zapresic.jpg\",\"width\":930,\"height\":800,\"caption\":\"Sat Amrit j.d.o.o.\"},\"image\":{\"@id\":\"https:\/\/sat-amrit.com\/#\/schema\/logo\/image\/\"}}]}<\/script>\n<!-- \/ Yoast SEO plugin. -->","yoast_head_json":{"title":"Klangmassage Preise - Kundalini yoga - SAT AMRIT \u2022 Zapre\u0161i\u0107","robots":{"index":"index","follow":"follow","max-snippet":"max-snippet:-1","max-image-preview":"max-image-preview:large","max-video-preview":"max-video-preview:-1"},"canonical":"https:\/\/sat-amrit.com\/de\/klangmassage-preise\/","og_locale":"de_DE","og_type":"article","og_title":"Klangmassage Preise - Kundalini yoga - SAT AMRIT \u2022 Zapre\u0161i\u0107","og_description":"KLANGMASSAGENANGEBOT 1. Basisklangmassage zur Entspannung \u2013 erster Termin ca. 80 min &#8211;\u00a0 Einf\u00fchrung in die Klangmassage, Klangmassage, Abschlussgespr\u00e4ch 45,00 \u20ac Jede weitere Basisklangmassage zur Entspannung ca. 60 min \u2013 Vorbereitung, Klangmassage, Abschlussgespr\u00e4ch 35,00 \u20ac *** 2. Faszienklangmassage \u2013 erster Termin ca. 80 min &#8211;\u00a0 Einf\u00fchrung in die Klangmassage, Klangmassage, Abschlussgespr\u00e4ch 45,00 \u20ac Jede weitere Faszienklangmassage [&hellip;]","og_url":"https:\/\/sat-amrit.com\/de\/klangmassage-preise\/","og_site_name":"Kundalini yoga - SAT AMRIT \u2022 Zapre\u0161i\u0107","article_modified_time":"2024-09-17T13:04:19+00:00","twitter_card":"summary_large_image","twitter_misc":{"Gesch\u00e4tzte Lesezeit":"2\u00a0Minuten"},"schema":{"@context":"https:\/\/schema.org","@graph":[{"@type":"WebPage","@id":"https:\/\/sat-amrit.com\/de\/klangmassage-preise\/","url":"https:\/\/sat-amrit.com\/de\/klangmassage-preise\/","name":"Klangmassage Preise - Kundalini yoga - SAT AMRIT \u2022 Zapre\u0161i\u0107","isPartOf":{"@id":"https:\/\/sat-amrit.com\/#website"},"datePublished":"2022-08-08T18:38:22+00:00","dateModified":"2024-09-17T13:04:19+00:00","breadcrumb":{"@id":"https:\/\/sat-amrit.com\/de\/klangmassage-preise\/#breadcrumb"},"inLanguage":"de","potentialAction":[{"@type":"ReadAction","target":["https:\/\/sat-amrit.com\/de\/klangmassage-preise\/"]}]},{"@type":"BreadcrumbList","@id":"https:\/\/sat-amrit.com\/de\/klangmassage-preise\/#breadcrumb","itemListElement":[{"@type":"ListItem","position":1,"name":"","item":"https:\/\/sat-amrit.com\/de\/"},{"@type":"ListItem","position":2,"name":"Klangmassage Preise"}]},{"@type":"WebSite","@id":"https:\/\/sat-amrit.com\/#website","url":"https:\/\/sat-amrit.com\/","name":"Kundalini yoga - SAT AMRIT \u2022 Zapre\u0161i\u0107","description":"Kundalini yoga prema u\u010denju Yogi Bhajana","publisher":{"@id":"https:\/\/sat-amrit.com\/#organization"},"potentialAction":[{"@type":"SearchAction","target":{"@type":"EntryPoint","urlTemplate":"https:\/\/sat-amrit.com\/?s={search_term_string}"},"query-input":{"@type":"PropertyValueSpecification","valueRequired":true,"valueName":"search_term_string"}}],"inLanguage":"de"},{"@type":"Organization","@id":"https:\/\/sat-amrit.com\/#organization","name":"Sat Amrit j.d.o.o.","url":"https:\/\/sat-amrit.com\/","logo":{"@type":"ImageObject","inLanguage":"de","@id":"https:\/\/sat-amrit.com\/#\/schema\/logo\/image\/","url":"https:\/\/sat-amrit.com\/wp-content\/uploads\/2014\/12\/Yoga-Studio-Zapresic.jpg","contentUrl":"https:\/\/sat-amrit.com\/wp-content\/uploads\/2014\/12\/Yoga-Studio-Zapresic.jpg","width":930,"height":800,"caption":"Sat Amrit j.d.o.o."},"image":{"@id":"https:\/\/sat-amrit.com\/#\/schema\/logo\/image\/"}}]}},"_links":{"self":[{"href":"https:\/\/sat-amrit.com\/de\/wp-json\/wp\/v2\/pages\/5112","targetHints":{"allow":["GET"]}}],"collection":[{"href":"https:\/\/sat-amrit.com\/de\/wp-json\/wp\/v2\/pages"}],"about":[{"href":"https:\/\/sat-amrit.com\/de\/wp-json\/wp\/v2\/types\/page"}],"author":[{"embeddable":true,"href":"https:\/\/sat-amrit.com\/de\/wp-json\/wp\/v2\/users\/3"}],"replies":[{"embeddable":true,"href":"https:\/\/sat-amrit.com\/de\/wp-json\/wp\/v2\/comments?post=5112"}],"version-history":[{"count":16,"href":"https:\/\/sat-amrit.com\/de\/wp-json\/wp\/v2\/pages\/5112\/revisions"}],"predecessor-version":[{"id":6717,"href":"https:\/\/sat-amrit.com\/de\/wp-json\/wp\/v2\/pages\/5112\/revisions\/6717"}],"wp:attachment":[{"href":"https:\/\/sat-amrit.com\/de\/wp-json\/wp\/v2\/media?parent=5112"}],"curies":[{"name":"wp","href":"https:\/\/api.w.org\/{rel}","templated":true}]}}