{"id":540,"date":"2015-10-01T14:41:08","date_gmt":"2015-10-01T14:41:08","guid":{"rendered":"http:\/\/www.sat-amrit.com\/?page_id=540&#038;lang=de"},"modified":"2017-12-29T16:34:01","modified_gmt":"2017-12-29T15:34:01","slug":"home","status":"publish","type":"page","link":"https:\/\/sat-amrit.com\/de\/","title":{"rendered":"Home"},"content":{"rendered":"<div id=\"pl-540\"  class=\"panel-layout\" ><div id=\"pg-540-0\"  class=\"panel-grid panel-no-style\" ><div id=\"pgc-540-0-0\"  class=\"panel-grid-cell\" ><div id=\"panel-540-0-0-0\" class=\"so-panel widget widget_metaslider_widget panel-first-child\" data-index=\"0\" ><div id=\"metaslider-id-683\" style=\"max-width: 1080px;\" class=\"ml-slider-3-104-0 metaslider metaslider-flex metaslider-683 ml-slider has-dots-nav ms-theme-default\" role=\"region\" aria-label=\"Home DE\" data-height=\"421\" data-width=\"1080\">\n    <div id=\"metaslider_container_683\">\n        <div id=\"metaslider_683\" class=\"flexslider\">\n            <ul class='slides'>\n                <li style=\"display: block; width: 100%;\" class=\"slide-718 ms-image \" aria-roledescription=\"slide\" data-date=\"2015-10-22 16:27:15\" data-filename=\"slide03-de.jpg\" data-slide-type=\"image\"><a href=\"http:\/\/www.sat-amrit.com\/de\/sadhana\/\" target=\"_self\" aria-label=\"View Slide Details\" class=\"metaslider_image_link\"><img loading=\"lazy\" decoding=\"async\" src=\"https:\/\/sat-amrit.com\/wp-content\/uploads\/2015\/10\/slide03-de.jpg\" height=\"421\" width=\"1080\" alt=\"\" class=\"slider-683 slide-718 msDefaultImage\" \/><\/a><\/li>\n                <li style=\"display: none; width: 100%;\" class=\"slide-684 ms-image \" aria-roledescription=\"slide\" data-date=\"2015-10-09 14:55:53\" data-filename=\"slide_de-01-1023x399.jpg\" data-slide-type=\"image\"><a href=\"http:\/\/www.sat-amrit.com\/de\/lehrerausbildung\/\" target=\"_self\" aria-label=\"View Slide Details\" class=\"metaslider_image_link\"><img loading=\"lazy\" decoding=\"async\" src=\"https:\/\/sat-amrit.com\/wp-content\/uploads\/2015\/10\/slide_de-01-1023x399.jpg\" height=\"421\" width=\"1080\" alt=\"\" class=\"slider-683 slide-684 msDefaultImage\" \/><\/a><\/li>\n            <\/ul>\n        <\/div>\n        \n    <\/div>\n<\/div><\/div><div id=\"panel-540-0-0-1\" class=\"so-panel widget widget_sow-post-carousel\" data-index=\"1\" ><div\n\t\t\t\n\t\t\tclass=\"so-widget-sow-post-carousel so-widget-sow-post-carousel-base-ad93eedad001-540\"\n\t\t\t\n\t\t>\t<div\n\t\tclass=\"sow-post-carousel-wrapper sow-post-carousel-theme-base\"\n\t\tstyle=\"overflow: hidden; max-width: 100%; min-height: 182px\"\n\t>\n\t\t<div class=\"sow-carousel-title\">\n\t\t\t<div class=\"sow-carousel-navigation \">\n\t\t\t\t\t\t<a href=\"#\" class=\"sow-carousel-next\" title=\"Next\" aria-label=\"Next Posts\" role=\"button\"><\/a>\n\t\t\t\t\t\t<a href=\"#\" class=\"sow-carousel-previous\" title=\"Previous\" aria-label=\"Previous Posts\" role=\"button\"><\/a>\n\t\t\t\t\t<\/div>\n\t<\/div>\n\n<div class=\"sow-carousel-container \">\n\t\t<div class=\"sow-carousel-wrapper\"\n\t\tdata-dir=\"ltr\"\n\t\tstyle=\"opacity: 0;\"\n\t\tdata-widget=\"post\" data-fetching=\"false\" data-page=\"1\" data-ajax-url=\"https:\/\/sat-amrit.com\/wp-admin\/admin-ajax.php?_widgets_nonce=b17c9d92f0\" data-item_count=\"6\" data-carousel_settings=\"{&quot;loop&quot;:true,&quot;animation&quot;:&quot;Ease&quot;,&quot;animation_speed&quot;:400,&quot;autoplay&quot;:&quot;&quot;,&quot;pauseOnHover&quot;:&quot;&quot;,&quot;autoplaySpeed&quot;:8000,&quot;item_overflow&quot;:true,&quot;autoplay_continuous_scroll&quot;:false}\" data-responsive=\"{&quot;desktop_slides_to_scroll&quot;:1,&quot;tablet_landscape_breakpoint&quot;:1366,&quot;tablet_landscape_slides_to_scroll&quot;:2,&quot;tablet_portrait_breakpoint&quot;:1025,&quot;tablet_portrait_slides_to_scroll&quot;:2,&quot;mobile_breakpoint&quot;:480,&quot;mobile_slides_to_scroll&quot;:1}\" data-variable_width=\"true\" \t>\n\t\t<div\n\t\t\tclass=\"sow-carousel-items\"\n\t\t\t\t\t>\n\t\t\t\t<div class=\"sow-carousel-item\" tabindex=\"-1\" style=\"float: left;\">\n\t\t<div class=\"sow-carousel-thumbnail\">\n\t\t\t\t\t\t\t<a\n\t\t\t\t\thref=\"https:\/\/sat-amrit.com\/de\/neue-saison-2023-2024\/\"\n\t\t\t\t\t\t\t\t\t\tstyle=\"background-image: url( https:\/\/sat-amrit.com\/wp-content\/uploads\/2023\/08\/20230807_144523.jpg )\"\n\t\t\t\t\taria-labelledby=\"sow-carousel-id-6595\"\n\t\t\t\t\ttabindex=\"-1\"\n\t\t\t\t>\n\t\t\t\t\t<span class=\"overlay\"><\/span>\n\t\t\t\t<\/a>\n\t\t\t\t\t<\/div>\n\t\t<h3 class=\"sow-carousel-item-title\">\n\t\t\t<a\n\t\t\t\thref=\"https:\/\/sat-amrit.com\/de\/neue-saison-2023-2024\/\"\n\t\t\t\tid=\"sow-carousel-id-6595\"\n\t\t\t\t\t\t\t\ttabindex=\"-1\"\n\t\t\t>\n\n\t\t\t\tNeue Saison 2023\/2024\t\t\t<\/a>\n\t\t<\/h3>\n\t<\/div>\n\t\t<div class=\"sow-carousel-item\" tabindex=\"-1\" style=\"float: left;\">\n\t\t<div class=\"sow-carousel-thumbnail\">\n\t\t\t\t\t\t\t<a\n\t\t\t\t\thref=\"https:\/\/sat-amrit.com\/de\/nova-sezona-2022-2023\/\"\n\t\t\t\t\t\t\t\t\t\tstyle=\"background-image: url( https:\/\/sat-amrit.com\/wp-content\/uploads\/2022\/08\/sadhana-16.3-zapresic-272x182.jpg )\"\n\t\t\t\t\taria-labelledby=\"sow-carousel-id-5119\"\n\t\t\t\t\ttabindex=\"-1\"\n\t\t\t\t>\n\t\t\t\t\t<span class=\"overlay\"><\/span>\n\t\t\t\t<\/a>\n\t\t\t\t\t<\/div>\n\t\t<h3 class=\"sow-carousel-item-title\">\n\t\t\t<a\n\t\t\t\thref=\"https:\/\/sat-amrit.com\/de\/nova-sezona-2022-2023\/\"\n\t\t\t\tid=\"sow-carousel-id-5119\"\n\t\t\t\t\t\t\t\ttabindex=\"-1\"\n\t\t\t>\n\n\t\t\t\tNeue Saison 2022.\/2023.\t\t\t<\/a>\n\t\t<\/h3>\n\t<\/div>\n\t\t<div class=\"sow-carousel-item\" tabindex=\"-1\" style=\"float: left;\">\n\t\t<div class=\"sow-carousel-thumbnail\">\n\t\t\t\t\t\t\t<a\n\t\t\t\t\thref=\"https:\/\/sat-amrit.com\/de\/medunarodni-dan-yoge-bundeku\/\"\n\t\t\t\t\t\t\t\t\t\tstyle=\"background-image: url( https:\/\/sat-amrit.com\/wp-content\/uploads\/2016\/06\/resized-272x182.jpg )\"\n\t\t\t\t\taria-labelledby=\"sow-carousel-id-1005\"\n\t\t\t\t\ttabindex=\"-1\"\n\t\t\t\t>\n\t\t\t\t\t<span class=\"overlay\"><\/span>\n\t\t\t\t<\/a>\n\t\t\t\t\t<\/div>\n\t\t<h3 class=\"sow-carousel-item-title\">\n\t\t\t<a\n\t\t\t\thref=\"https:\/\/sat-amrit.com\/de\/medunarodni-dan-yoge-bundeku\/\"\n\t\t\t\tid=\"sow-carousel-id-1005\"\n\t\t\t\t\t\t\t\ttabindex=\"-1\"\n\t\t\t>\n\n\t\t\t\tInternationaler Yoga-Tag\t\t\t<\/a>\n\t\t<\/h3>\n\t<\/div>\n\t\t<div class=\"sow-carousel-item\" tabindex=\"-1\" style=\"float: left;\">\n\t\t<div class=\"sow-carousel-thumbnail\">\n\t\t\t\t\t\t\t<a\n\t\t\t\t\thref=\"https:\/\/sat-amrit.com\/de\/erste-kundalini-yoga-lehrerausbildung-in-kroatien\/\"\n\t\t\t\t\t\t\t\t\t\tstyle=\"background-image: url( https:\/\/sat-amrit.com\/wp-content\/uploads\/2015\/06\/719-272x182.jpg )\"\n\t\t\t\t\taria-labelledby=\"sow-carousel-id-655\"\n\t\t\t\t\ttabindex=\"-1\"\n\t\t\t\t>\n\t\t\t\t\t<span class=\"overlay\"><\/span>\n\t\t\t\t<\/a>\n\t\t\t\t\t<\/div>\n\t\t<h3 class=\"sow-carousel-item-title\">\n\t\t\t<a\n\t\t\t\thref=\"https:\/\/sat-amrit.com\/de\/erste-kundalini-yoga-lehrerausbildung-in-kroatien\/\"\n\t\t\t\tid=\"sow-carousel-id-655\"\n\t\t\t\t\t\t\t\ttabindex=\"-1\"\n\t\t\t>\n\n\t\t\t\tErste Kundalini Yoga Lehrerausbildung in Kroatien\t\t\t<\/a>\n\t\t<\/h3>\n\t<\/div>\n\t\t<div class=\"sow-carousel-item\" tabindex=\"-1\" style=\"float: left;\">\n\t\t<div class=\"sow-carousel-thumbnail\">\n\t\t\t\t\t\t\t<a\n\t\t\t\t\thref=\"https:\/\/sat-amrit.com\/de\/shakti-dance-workshop-ljubljana\/\"\n\t\t\t\t\t\t\t\t\t\tstyle=\"background-image: url( https:\/\/sat-amrit.com\/wp-content\/uploads\/2014\/12\/unnamed-1-272x182.jpg )\"\n\t\t\t\t\taria-labelledby=\"sow-carousel-id-635\"\n\t\t\t\t\ttabindex=\"-1\"\n\t\t\t\t>\n\t\t\t\t\t<span class=\"overlay\"><\/span>\n\t\t\t\t<\/a>\n\t\t\t\t\t<\/div>\n\t\t<h3 class=\"sow-carousel-item-title\">\n\t\t\t<a\n\t\t\t\thref=\"https:\/\/sat-amrit.com\/de\/shakti-dance-workshop-ljubljana\/\"\n\t\t\t\tid=\"sow-carousel-id-635\"\n\t\t\t\t\t\t\t\ttabindex=\"-1\"\n\t\t\t>\n\n\t\t\t\tShakti Dance Workshop &#8211; Ljubljana\t\t\t<\/a>\n\t\t<\/h3>\n\t<\/div>\n\t\t<div class=\"sow-carousel-item\" tabindex=\"-1\" style=\"float: left;\">\n\t\t<div class=\"sow-carousel-thumbnail\">\n\t\t\t\t\t\t\t<a\n\t\t\t\t\thref=\"https:\/\/sat-amrit.com\/de\/yoga-studio-zapresic\/\"\n\t\t\t\t\t\t\t\t\t\tstyle=\"background-image: url( https:\/\/sat-amrit.com\/wp-content\/uploads\/2014\/12\/Yoga-Studio-Zapresic-272x182.jpg )\"\n\t\t\t\t\taria-labelledby=\"sow-carousel-id-623\"\n\t\t\t\t\ttabindex=\"-1\"\n\t\t\t\t>\n\t\t\t\t\t<span class=\"overlay\"><\/span>\n\t\t\t\t<\/a>\n\t\t\t\t\t<\/div>\n\t\t<h3 class=\"sow-carousel-item-title\">\n\t\t\t<a\n\t\t\t\thref=\"https:\/\/sat-amrit.com\/de\/yoga-studio-zapresic\/\"\n\t\t\t\tid=\"sow-carousel-id-623\"\n\t\t\t\t\t\t\t\ttabindex=\"-1\"\n\t\t\t>\n\n\t\t\t\tYoga Studio Zapre\u0161i\u0107\t\t\t<\/a>\n\t\t<\/h3>\n\t<\/div>\n\t\t\t<\/div>\n\t\t\t<\/div>\n\n\t<\/div>\n\t\t<input type=\"hidden\" name=\"instance_hash\" value=\"e0d9f33a\"\/>\n\t<\/div>\n<\/div><\/div><div id=\"panel-540-0-0-2\" class=\"so-panel widget widget_sow-editor panel-last-child\" data-index=\"2\" ><div\n\t\t\t\n\t\t\tclass=\"so-widget-sow-editor so-widget-sow-editor-base\"\n\t\t\t\n\t\t>\n<div class=\"siteorigin-widget-tinymce textwidget\">\n\t<div style=\"margin-left:-35px; margin-right:-35px;\">\n<img loading=\"lazy\" decoding=\"async\" src=\"https:\/\/sat-amrit.com\/wp-content\/uploads\/2015\/10\/sat-amrit-pocetna-de-2017-06.jpg\" alt=\"\" width=\"1081\" height=\"1642\" class=\"alignnone size-full wp-image-1778\" srcset=\"https:\/\/sat-amrit.com\/wp-content\/uploads\/2015\/10\/sat-amrit-pocetna-de-2017-06.jpg 1081w, https:\/\/sat-amrit.com\/wp-content\/uploads\/2015\/10\/sat-amrit-pocetna-de-2017-06-198x300.jpg 198w, https:\/\/sat-amrit.com\/wp-content\/uploads\/2015\/10\/sat-amrit-pocetna-de-2017-06-768x1167.jpg 768w, https:\/\/sat-amrit.com\/wp-content\/uploads\/2015\/10\/sat-amrit-pocetna-de-2017-06-674x1024.jpg 674w\" sizes=\"auto, (max-width: 1081px) 100vw, 1081px\" \/>\n<\/div><\/div>\n<\/div><\/div><\/div><\/div><\/div>","protected":false},"excerpt":{"rendered":"","protected":false},"author":3,"featured_media":0,"parent":0,"menu_order":0,"comment_status":"closed","ping_status":"closed","template":"home-panels.php","meta":{"_acf_changed":false,"footnotes":""},"class_list":["post-540","page","type-page","status-publish","hentry","post","post-with-thumbnail","post-with-thumbnail-icon"],"acf":[],"yoast_head":"<!-- This site is optimized with the Yoast SEO plugin v26.6 - https:\/\/yoast.com\/wordpress\/plugins\/seo\/ -->\n<title>Home - Kundalini yoga - SAT AMRIT \u2022 Zapre\u0161i\u0107<\/title>\n<meta name=\"robots\" content=\"index, follow, max-snippet:-1, max-image-preview:large, max-video-preview:-1\" \/>\n<link rel=\"canonical\" href=\"https:\/\/sat-amrit.com\/de\/\" \/>\n<meta property=\"og:locale\" content=\"de_DE\" \/>\n<meta property=\"og:type\" content=\"article\" \/>\n<meta property=\"og:title\" content=\"Home - Kundalini yoga - SAT AMRIT \u2022 Zapre\u0161i\u0107\" \/>\n<meta property=\"og:url\" content=\"https:\/\/sat-amrit.com\/de\/\" \/>\n<meta property=\"og:site_name\" content=\"Kundalini yoga - SAT AMRIT \u2022 Zapre\u0161i\u0107\" \/>\n<meta property=\"article:modified_time\" content=\"2017-12-29T15:34:01+00:00\" \/>\n<meta property=\"og:image\" content=\"https:\/\/sat-amrit.com\/wp-content\/uploads\/2015\/10\/sat-amrit-pocetna-de-2017-06.jpg\" \/>\n<meta name=\"twitter:card\" content=\"summary_large_image\" \/>\n<script type=\"application\/ld+json\" class=\"yoast-schema-graph\">{\"@context\":\"https:\/\/schema.org\",\"@graph\":[{\"@type\":\"WebPage\",\"@id\":\"https:\/\/sat-amrit.com\/de\/\",\"url\":\"https:\/\/sat-amrit.com\/de\/\",\"name\":\"Home - Kundalini yoga - SAT AMRIT \u2022 Zapre\u0161i\u0107\",\"isPartOf\":{\"@id\":\"https:\/\/sat-amrit.com\/#website\"},\"primaryImageOfPage\":{\"@id\":\"https:\/\/sat-amrit.com\/de\/#primaryimage\"},\"image\":{\"@id\":\"https:\/\/sat-amrit.com\/de\/#primaryimage\"},\"thumbnailUrl\":\"https:\/\/sat-amrit.com\/wp-content\/uploads\/2015\/10\/sat-amrit-pocetna-de-2017-06.jpg\",\"datePublished\":\"2015-10-01T14:41:08+00:00\",\"dateModified\":\"2017-12-29T15:34:01+00:00\",\"breadcrumb\":{\"@id\":\"https:\/\/sat-amrit.com\/de\/#breadcrumb\"},\"inLanguage\":\"de\",\"potentialAction\":[{\"@type\":\"ReadAction\",\"target\":[\"https:\/\/sat-amrit.com\/de\/\"]}]},{\"@type\":\"ImageObject\",\"inLanguage\":\"de\",\"@id\":\"https:\/\/sat-amrit.com\/de\/#primaryimage\",\"url\":\"https:\/\/sat-amrit.com\/wp-content\/uploads\/2015\/10\/sat-amrit-pocetna-de-2017-06.jpg\",\"contentUrl\":\"https:\/\/sat-amrit.com\/wp-content\/uploads\/2015\/10\/sat-amrit-pocetna-de-2017-06.jpg\"},{\"@type\":\"BreadcrumbList\",\"@id\":\"https:\/\/sat-amrit.com\/de\/#breadcrumb\",\"itemListElement\":[{\"@type\":\"ListItem\",\"position\":1,\"name\":\"\",\"item\":\"https:\/\/sat-amrit.com\/de\/\"},{\"@type\":\"ListItem\",\"position\":2,\"name\":\"Home\"}]},{\"@type\":\"WebSite\",\"@id\":\"https:\/\/sat-amrit.com\/#website\",\"url\":\"https:\/\/sat-amrit.com\/\",\"name\":\"Kundalini yoga - SAT AMRIT \u2022 Zapre\u0161i\u0107\",\"description\":\"Kundalini yoga prema u\u010denju Yogi Bhajana\",\"publisher\":{\"@id\":\"https:\/\/sat-amrit.com\/#organization\"},\"potentialAction\":[{\"@type\":\"SearchAction\",\"target\":{\"@type\":\"EntryPoint\",\"urlTemplate\":\"https:\/\/sat-amrit.com\/?s={search_term_string}\"},\"query-input\":{\"@type\":\"PropertyValueSpecification\",\"valueRequired\":true,\"valueName\":\"search_term_string\"}}],\"inLanguage\":\"de\"},{\"@type\":\"Organization\",\"@id\":\"https:\/\/sat-amrit.com\/#organization\",\"name\":\"Sat Amrit j.d.o.o.\",\"url\":\"https:\/\/sat-amrit.com\/\",\"logo\":{\"@type\":\"ImageObject\",\"inLanguage\":\"de\",\"@id\":\"https:\/\/sat-amrit.com\/#\/schema\/logo\/image\/\",\"url\":\"https:\/\/sat-amrit.com\/wp-content\/uploads\/2014\/12\/Yoga-Studio-Zapresic.jpg\",\"contentUrl\":\"https:\/\/sat-amrit.com\/wp-content\/uploads\/2014\/12\/Yoga-Studio-Zapresic.jpg\",\"width\":930,\"height\":800,\"caption\":\"Sat Amrit j.d.o.o.\"},\"image\":{\"@id\":\"https:\/\/sat-amrit.com\/#\/schema\/logo\/image\/\"}}]}<\/script>\n<!-- \/ Yoast SEO plugin. -->","yoast_head_json":{"title":"Home - Kundalini yoga - SAT AMRIT \u2022 Zapre\u0161i\u0107","robots":{"index":"index","follow":"follow","max-snippet":"max-snippet:-1","max-image-preview":"max-image-preview:large","max-video-preview":"max-video-preview:-1"},"canonical":"https:\/\/sat-amrit.com\/de\/","og_locale":"de_DE","og_type":"article","og_title":"Home - Kundalini yoga - SAT AMRIT \u2022 Zapre\u0161i\u0107","og_url":"https:\/\/sat-amrit.com\/de\/","og_site_name":"Kundalini yoga - SAT AMRIT \u2022 Zapre\u0161i\u0107","article_modified_time":"2017-12-29T15:34:01+00:00","og_image":[{"url":"https:\/\/sat-amrit.com\/wp-content\/uploads\/2015\/10\/sat-amrit-pocetna-de-2017-06.jpg","type":"","width":"","height":""}],"twitter_card":"summary_large_image","schema":{"@context":"https:\/\/schema.org","@graph":[{"@type":"WebPage","@id":"https:\/\/sat-amrit.com\/de\/","url":"https:\/\/sat-amrit.com\/de\/","name":"Home - Kundalini yoga - SAT AMRIT \u2022 Zapre\u0161i\u0107","isPartOf":{"@id":"https:\/\/sat-amrit.com\/#website"},"primaryImageOfPage":{"@id":"https:\/\/sat-amrit.com\/de\/#primaryimage"},"image":{"@id":"https:\/\/sat-amrit.com\/de\/#primaryimage"},"thumbnailUrl":"https:\/\/sat-amrit.com\/wp-content\/uploads\/2015\/10\/sat-amrit-pocetna-de-2017-06.jpg","datePublished":"2015-10-01T14:41:08+00:00","dateModified":"2017-12-29T15:34:01+00:00","breadcrumb":{"@id":"https:\/\/sat-amrit.com\/de\/#breadcrumb"},"inLanguage":"de","potentialAction":[{"@type":"ReadAction","target":["https:\/\/sat-amrit.com\/de\/"]}]},{"@type":"ImageObject","inLanguage":"de","@id":"https:\/\/sat-amrit.com\/de\/#primaryimage","url":"https:\/\/sat-amrit.com\/wp-content\/uploads\/2015\/10\/sat-amrit-pocetna-de-2017-06.jpg","contentUrl":"https:\/\/sat-amrit.com\/wp-content\/uploads\/2015\/10\/sat-amrit-pocetna-de-2017-06.jpg"},{"@type":"BreadcrumbList","@id":"https:\/\/sat-amrit.com\/de\/#breadcrumb","itemListElement":[{"@type":"ListItem","position":1,"name":"","item":"https:\/\/sat-amrit.com\/de\/"},{"@type":"ListItem","position":2,"name":"Home"}]},{"@type":"WebSite","@id":"https:\/\/sat-amrit.com\/#website","url":"https:\/\/sat-amrit.com\/","name":"Kundalini yoga - SAT AMRIT \u2022 Zapre\u0161i\u0107","description":"Kundalini yoga prema u\u010denju Yogi Bhajana","publisher":{"@id":"https:\/\/sat-amrit.com\/#organization"},"potentialAction":[{"@type":"SearchAction","target":{"@type":"EntryPoint","urlTemplate":"https:\/\/sat-amrit.com\/?s={search_term_string}"},"query-input":{"@type":"PropertyValueSpecification","valueRequired":true,"valueName":"search_term_string"}}],"inLanguage":"de"},{"@type":"Organization","@id":"https:\/\/sat-amrit.com\/#organization","name":"Sat Amrit j.d.o.o.","url":"https:\/\/sat-amrit.com\/","logo":{"@type":"ImageObject","inLanguage":"de","@id":"https:\/\/sat-amrit.com\/#\/schema\/logo\/image\/","url":"https:\/\/sat-amrit.com\/wp-content\/uploads\/2014\/12\/Yoga-Studio-Zapresic.jpg","contentUrl":"https:\/\/sat-amrit.com\/wp-content\/uploads\/2014\/12\/Yoga-Studio-Zapresic.jpg","width":930,"height":800,"caption":"Sat Amrit j.d.o.o."},"image":{"@id":"https:\/\/sat-amrit.com\/#\/schema\/logo\/image\/"}}]}},"_links":{"self":[{"href":"https:\/\/sat-amrit.com\/de\/wp-json\/wp\/v2\/pages\/540","targetHints":{"allow":["GET"]}}],"collection":[{"href":"https:\/\/sat-amrit.com\/de\/wp-json\/wp\/v2\/pages"}],"about":[{"href":"https:\/\/sat-amrit.com\/de\/wp-json\/wp\/v2\/types\/page"}],"author":[{"embeddable":true,"href":"https:\/\/sat-amrit.com\/de\/wp-json\/wp\/v2\/users\/3"}],"replies":[{"embeddable":true,"href":"https:\/\/sat-amrit.com\/de\/wp-json\/wp\/v2\/comments?post=540"}],"version-history":[{"count":2,"href":"https:\/\/sat-amrit.com\/de\/wp-json\/wp\/v2\/pages\/540\/revisions"}],"predecessor-version":[{"id":2144,"href":"https:\/\/sat-amrit.com\/de\/wp-json\/wp\/v2\/pages\/540\/revisions\/2144"}],"wp:attachment":[{"href":"https:\/\/sat-amrit.com\/de\/wp-json\/wp\/v2\/media?parent=540"}],"curies":[{"name":"wp","href":"https:\/\/api.w.org\/{rel}","templated":true}]}}