{"id":543,"date":"2015-10-01T14:43:21","date_gmt":"2015-10-01T14:43:21","guid":{"rendered":"http:\/\/www.sat-amrit.com\/?page_id=543&#038;lang=de"},"modified":"2022-08-04T19:17:43","modified_gmt":"2022-08-04T17:17:43","slug":"sat-amrit-kaur-zagreb","status":"publish","type":"page","link":"https:\/\/sat-amrit.com\/de\/sat-amrit-kaur-zagreb\/","title":{"rendered":"\u00dcber uns"},"content":{"rendered":"<p><span style=\"color: #800000;\">SAT AMRIT KAUR <span style=\"color: #000000;\">(Cornelia D\u017eepina-Buri\u0107)<\/span><br \/>\n<\/span><\/p>\n<p style=\"text-align: justify;\"><img loading=\"lazy\" decoding=\"async\" src=\"https:\/\/sat-amrit.com\/wp-content\/uploads\/2020\/10\/DSG_5736-200x300.jpg\" alt=\"\" class=\"size-medium wp-image-3530 alignleft\" width=\"200\" height=\"300\" srcset=\"https:\/\/sat-amrit.com\/wp-content\/uploads\/2020\/10\/DSG_5736-200x300.jpg 200w, https:\/\/sat-amrit.com\/wp-content\/uploads\/2020\/10\/DSG_5736-684x1024.jpg 684w, https:\/\/sat-amrit.com\/wp-content\/uploads\/2020\/10\/DSG_5736-768x1150.jpg 768w, https:\/\/sat-amrit.com\/wp-content\/uploads\/2020\/10\/DSG_5736-1026x1536.jpg 1026w, https:\/\/sat-amrit.com\/wp-content\/uploads\/2020\/10\/DSG_5736.jpg 1282w\" sizes=\"auto, (max-width: 200px) 100vw, 200px\" \/>ist KRI-zertifizierte Level 1 und Level 2\u00a0 Kundalini Yoga Praktikerin. Seit Herbst 2014 unterrichtet sie\u00a0 Kundalini Yoga in Zapre\u0161i\u0107, in der N\u00e4he von Zagreb.<\/p>\n<p style=\"text-align: justify;\">Atma Kriya Yoga, ein Ayurvedakurs, eine Jyotish- und Vastu Ausbildung sowie ihre Leidenschaft f\u00fcr orientalischen Tanz waren allesamt Einf\u00fchrung und Vorbereitung f\u00fcr die Kundalini Yoga Ausbildung Level 1 bei ihrem jetzigen Mentor Nirmal Singh, <a href=\"https:\/\/amardas.at\/\">Amar Das Kundalini Yoga Zentrum Wien.<\/a><\/p>\n<p style=\"text-align: justify;\">Nach abgeschlossener Level 1 Ausbildung er\u00f6ffnete sie 2014 in ihrem Wohnort ein Kundalini Yogastudio, in dem sie bis heute regelm\u00e4\u00dfig die Lehren Yogi Bhajans verbreitet. Ihr besonderes Interesse gilt der Kundalini Yoga Therapie des Guru Ram Das Centre for Medicine &amp; Humanology.<\/p>\n<p style=\"text-align: justify;\">Sat Amrit ist 1970 in Deutschland geboren und 1989 nach Zagreb gezogen um an der Zagreber Universit\u00e4t Anglistik und Germanistik zu studieren.\u00a0 Nach fast zehn Jahren T\u00e4tigkeit als \u00dcbersetzerin an der Kroatischen Akademie der Wissenschaften und K\u00fcnste wechselte sie 2003 an eine Mittelschule, wo sie bis 2019 Deutsch und Englisch unterrichtete.<\/p>\n<p>2019 widmete sie sich ganz dem Unterrichten von Kundalini Yoga.<\/p>\n<p>Seit 2021 bietet sie in ihrem Studio in der N\u00e4he von Zagreb au\u00dfer Kundalini Yoga auch Gongb\u00e4der und Klangmassagen nach der Methode von Peter Hess an.<\/p>\n<p style=\"text-align: center;\">\n<p style=\"text-align: center;\">\n<p style=\"text-align: center;\">\n<p style=\"text-align: center;\">\n<div id=\"yt-widget-largebtn\" data-id=\"1868744\"><a title=\"Cornelia Dzepina-Buric - Yoga Teacher in Zagreb\" href=\"http:\/\/www.yogatrail.com\/teacher\/cornelia-dzepina-buric-1868744\"><img decoding=\"async\" src=\"\/\/widget.yogatrail.com\/img\/yogatrail-smallwidget-t.png\" alt=\"Cornelia Dzepina-Buric - Yoga Teacher in Zagreb\" \/><\/a><\/div>\n<p><script type=\"text\/javascript\" src=\"\/\/widget.yogatrail.com\/widgetx.js\" data-wtype=\"large\"><\/script><\/p>\n","protected":false},"excerpt":{"rendered":"<p>SAT AMRIT KAUR (Cornelia D\u017eepina-Buri\u0107) ist KRI-zertifizierte Level 1 und Level 2\u00a0 Kundalini Yoga Praktikerin. Seit Herbst 2014 unterrichtet sie\u00a0 Kundalini Yoga in Zapre\u0161i\u0107, in der N\u00e4he von Zagreb. Atma Kriya Yoga, ein Ayurvedakurs, eine Jyotish- und Vastu Ausbildung sowie ihre Leidenschaft f\u00fcr orientalischen Tanz waren allesamt Einf\u00fchrung und Vorbereitung f\u00fcr die Kundalini Yoga Ausbildung [&hellip;]<\/p>\n","protected":false},"author":3,"featured_media":0,"parent":0,"menu_order":0,"comment_status":"closed","ping_status":"closed","template":"","meta":{"_acf_changed":false,"footnotes":""},"class_list":["post-543","page","type-page","status-publish","hentry","post"],"acf":[],"yoast_head":"<!-- This site is optimized with the Yoast SEO plugin v26.6 - https:\/\/yoast.com\/wordpress\/plugins\/seo\/ -->\n<title>\u00dcber uns - Kundalini yoga - SAT AMRIT \u2022 Zapre\u0161i\u0107<\/title>\n<meta name=\"description\" content=\"KRI-zertifizierte Level 1 und Level 2 Kundalini Yoga Praktikerin in der N\u00e4he von Zagreb, Yoga studio Zapre\u0161i\u0107;\" \/>\n<meta name=\"robots\" content=\"index, follow, max-snippet:-1, max-image-preview:large, max-video-preview:-1\" \/>\n<link rel=\"canonical\" href=\"https:\/\/sat-amrit.com\/de\/sat-amrit-kaur-zagreb\/\" \/>\n<meta property=\"og:locale\" content=\"de_DE\" \/>\n<meta property=\"og:type\" content=\"article\" \/>\n<meta property=\"og:title\" content=\"\u00dcber uns - Kundalini yoga - SAT AMRIT \u2022 Zapre\u0161i\u0107\" \/>\n<meta property=\"og:description\" content=\"KRI-zertifizierte Level 1 und Level 2 Kundalini Yoga Praktikerin in der N\u00e4he von Zagreb, Yoga studio Zapre\u0161i\u0107;\" \/>\n<meta property=\"og:url\" content=\"https:\/\/sat-amrit.com\/de\/sat-amrit-kaur-zagreb\/\" \/>\n<meta property=\"og:site_name\" content=\"Kundalini yoga - SAT AMRIT \u2022 Zapre\u0161i\u0107\" \/>\n<meta property=\"article:modified_time\" content=\"2022-08-04T17:17:43+00:00\" \/>\n<meta property=\"og:image\" content=\"https:\/\/sat-amrit.com\/wp-content\/uploads\/2020\/10\/DSG_5736-200x300.jpg\" \/>\n<meta name=\"twitter:card\" content=\"summary_large_image\" \/>\n<meta name=\"twitter:label1\" content=\"Gesch\u00e4tzte Lesezeit\" \/>\n\t<meta name=\"twitter:data1\" content=\"2\u00a0Minuten\" \/>\n<script type=\"application\/ld+json\" class=\"yoast-schema-graph\">{\"@context\":\"https:\/\/schema.org\",\"@graph\":[{\"@type\":\"WebPage\",\"@id\":\"https:\/\/sat-amrit.com\/de\/sat-amrit-kaur-zagreb\/\",\"url\":\"https:\/\/sat-amrit.com\/de\/sat-amrit-kaur-zagreb\/\",\"name\":\"\u00dcber uns - Kundalini yoga - SAT AMRIT \u2022 Zapre\u0161i\u0107\",\"isPartOf\":{\"@id\":\"https:\/\/sat-amrit.com\/#website\"},\"primaryImageOfPage\":{\"@id\":\"https:\/\/sat-amrit.com\/de\/sat-amrit-kaur-zagreb\/#primaryimage\"},\"image\":{\"@id\":\"https:\/\/sat-amrit.com\/de\/sat-amrit-kaur-zagreb\/#primaryimage\"},\"thumbnailUrl\":\"https:\/\/sat-amrit.com\/wp-content\/uploads\/2020\/10\/DSG_5736-200x300.jpg\",\"datePublished\":\"2015-10-01T14:43:21+00:00\",\"dateModified\":\"2022-08-04T17:17:43+00:00\",\"description\":\"KRI-zertifizierte Level 1 und Level 2 Kundalini Yoga Praktikerin in der N\u00e4he von Zagreb, Yoga studio Zapre\u0161i\u0107;\",\"breadcrumb\":{\"@id\":\"https:\/\/sat-amrit.com\/de\/sat-amrit-kaur-zagreb\/#breadcrumb\"},\"inLanguage\":\"de\",\"potentialAction\":[{\"@type\":\"ReadAction\",\"target\":[\"https:\/\/sat-amrit.com\/de\/sat-amrit-kaur-zagreb\/\"]}]},{\"@type\":\"ImageObject\",\"inLanguage\":\"de\",\"@id\":\"https:\/\/sat-amrit.com\/de\/sat-amrit-kaur-zagreb\/#primaryimage\",\"url\":\"https:\/\/sat-amrit.com\/wp-content\/uploads\/2020\/10\/DSG_5736-200x300.jpg\",\"contentUrl\":\"https:\/\/sat-amrit.com\/wp-content\/uploads\/2020\/10\/DSG_5736-200x300.jpg\"},{\"@type\":\"BreadcrumbList\",\"@id\":\"https:\/\/sat-amrit.com\/de\/sat-amrit-kaur-zagreb\/#breadcrumb\",\"itemListElement\":[{\"@type\":\"ListItem\",\"position\":1,\"name\":\"\",\"item\":\"https:\/\/sat-amrit.com\/de\/\"},{\"@type\":\"ListItem\",\"position\":2,\"name\":\"\u00dcber uns\"}]},{\"@type\":\"WebSite\",\"@id\":\"https:\/\/sat-amrit.com\/#website\",\"url\":\"https:\/\/sat-amrit.com\/\",\"name\":\"Kundalini yoga - SAT AMRIT \u2022 Zapre\u0161i\u0107\",\"description\":\"Kundalini yoga prema u\u010denju Yogi Bhajana\",\"publisher\":{\"@id\":\"https:\/\/sat-amrit.com\/#organization\"},\"potentialAction\":[{\"@type\":\"SearchAction\",\"target\":{\"@type\":\"EntryPoint\",\"urlTemplate\":\"https:\/\/sat-amrit.com\/?s={search_term_string}\"},\"query-input\":{\"@type\":\"PropertyValueSpecification\",\"valueRequired\":true,\"valueName\":\"search_term_string\"}}],\"inLanguage\":\"de\"},{\"@type\":\"Organization\",\"@id\":\"https:\/\/sat-amrit.com\/#organization\",\"name\":\"Sat Amrit j.d.o.o.\",\"url\":\"https:\/\/sat-amrit.com\/\",\"logo\":{\"@type\":\"ImageObject\",\"inLanguage\":\"de\",\"@id\":\"https:\/\/sat-amrit.com\/#\/schema\/logo\/image\/\",\"url\":\"https:\/\/sat-amrit.com\/wp-content\/uploads\/2014\/12\/Yoga-Studio-Zapresic.jpg\",\"contentUrl\":\"https:\/\/sat-amrit.com\/wp-content\/uploads\/2014\/12\/Yoga-Studio-Zapresic.jpg\",\"width\":930,\"height\":800,\"caption\":\"Sat Amrit j.d.o.o.\"},\"image\":{\"@id\":\"https:\/\/sat-amrit.com\/#\/schema\/logo\/image\/\"}}]}<\/script>\n<!-- \/ Yoast SEO plugin. -->","yoast_head_json":{"title":"\u00dcber uns - Kundalini yoga - SAT AMRIT \u2022 Zapre\u0161i\u0107","description":"KRI-zertifizierte Level 1 und Level 2 Kundalini Yoga Praktikerin in der N\u00e4he von Zagreb, Yoga studio Zapre\u0161i\u0107;","robots":{"index":"index","follow":"follow","max-snippet":"max-snippet:-1","max-image-preview":"max-image-preview:large","max-video-preview":"max-video-preview:-1"},"canonical":"https:\/\/sat-amrit.com\/de\/sat-amrit-kaur-zagreb\/","og_locale":"de_DE","og_type":"article","og_title":"\u00dcber uns - Kundalini yoga - SAT AMRIT \u2022 Zapre\u0161i\u0107","og_description":"KRI-zertifizierte Level 1 und Level 2 Kundalini Yoga Praktikerin in der N\u00e4he von Zagreb, Yoga studio Zapre\u0161i\u0107;","og_url":"https:\/\/sat-amrit.com\/de\/sat-amrit-kaur-zagreb\/","og_site_name":"Kundalini yoga - SAT AMRIT \u2022 Zapre\u0161i\u0107","article_modified_time":"2022-08-04T17:17:43+00:00","og_image":[{"url":"https:\/\/sat-amrit.com\/wp-content\/uploads\/2020\/10\/DSG_5736-200x300.jpg","type":"","width":"","height":""}],"twitter_card":"summary_large_image","twitter_misc":{"Gesch\u00e4tzte Lesezeit":"2\u00a0Minuten"},"schema":{"@context":"https:\/\/schema.org","@graph":[{"@type":"WebPage","@id":"https:\/\/sat-amrit.com\/de\/sat-amrit-kaur-zagreb\/","url":"https:\/\/sat-amrit.com\/de\/sat-amrit-kaur-zagreb\/","name":"\u00dcber uns - Kundalini yoga - SAT AMRIT \u2022 Zapre\u0161i\u0107","isPartOf":{"@id":"https:\/\/sat-amrit.com\/#website"},"primaryImageOfPage":{"@id":"https:\/\/sat-amrit.com\/de\/sat-amrit-kaur-zagreb\/#primaryimage"},"image":{"@id":"https:\/\/sat-amrit.com\/de\/sat-amrit-kaur-zagreb\/#primaryimage"},"thumbnailUrl":"https:\/\/sat-amrit.com\/wp-content\/uploads\/2020\/10\/DSG_5736-200x300.jpg","datePublished":"2015-10-01T14:43:21+00:00","dateModified":"2022-08-04T17:17:43+00:00","description":"KRI-zertifizierte Level 1 und Level 2 Kundalini Yoga Praktikerin in der N\u00e4he von Zagreb, Yoga studio Zapre\u0161i\u0107;","breadcrumb":{"@id":"https:\/\/sat-amrit.com\/de\/sat-amrit-kaur-zagreb\/#breadcrumb"},"inLanguage":"de","potentialAction":[{"@type":"ReadAction","target":["https:\/\/sat-amrit.com\/de\/sat-amrit-kaur-zagreb\/"]}]},{"@type":"ImageObject","inLanguage":"de","@id":"https:\/\/sat-amrit.com\/de\/sat-amrit-kaur-zagreb\/#primaryimage","url":"https:\/\/sat-amrit.com\/wp-content\/uploads\/2020\/10\/DSG_5736-200x300.jpg","contentUrl":"https:\/\/sat-amrit.com\/wp-content\/uploads\/2020\/10\/DSG_5736-200x300.jpg"},{"@type":"BreadcrumbList","@id":"https:\/\/sat-amrit.com\/de\/sat-amrit-kaur-zagreb\/#breadcrumb","itemListElement":[{"@type":"ListItem","position":1,"name":"","item":"https:\/\/sat-amrit.com\/de\/"},{"@type":"ListItem","position":2,"name":"\u00dcber uns"}]},{"@type":"WebSite","@id":"https:\/\/sat-amrit.com\/#website","url":"https:\/\/sat-amrit.com\/","name":"Kundalini yoga - SAT AMRIT \u2022 Zapre\u0161i\u0107","description":"Kundalini yoga prema u\u010denju Yogi Bhajana","publisher":{"@id":"https:\/\/sat-amrit.com\/#organization"},"potentialAction":[{"@type":"SearchAction","target":{"@type":"EntryPoint","urlTemplate":"https:\/\/sat-amrit.com\/?s={search_term_string}"},"query-input":{"@type":"PropertyValueSpecification","valueRequired":true,"valueName":"search_term_string"}}],"inLanguage":"de"},{"@type":"Organization","@id":"https:\/\/sat-amrit.com\/#organization","name":"Sat Amrit j.d.o.o.","url":"https:\/\/sat-amrit.com\/","logo":{"@type":"ImageObject","inLanguage":"de","@id":"https:\/\/sat-amrit.com\/#\/schema\/logo\/image\/","url":"https:\/\/sat-amrit.com\/wp-content\/uploads\/2014\/12\/Yoga-Studio-Zapresic.jpg","contentUrl":"https:\/\/sat-amrit.com\/wp-content\/uploads\/2014\/12\/Yoga-Studio-Zapresic.jpg","width":930,"height":800,"caption":"Sat Amrit j.d.o.o."},"image":{"@id":"https:\/\/sat-amrit.com\/#\/schema\/logo\/image\/"}}]}},"_links":{"self":[{"href":"https:\/\/sat-amrit.com\/de\/wp-json\/wp\/v2\/pages\/543","targetHints":{"allow":["GET"]}}],"collection":[{"href":"https:\/\/sat-amrit.com\/de\/wp-json\/wp\/v2\/pages"}],"about":[{"href":"https:\/\/sat-amrit.com\/de\/wp-json\/wp\/v2\/types\/page"}],"author":[{"embeddable":true,"href":"https:\/\/sat-amrit.com\/de\/wp-json\/wp\/v2\/users\/3"}],"replies":[{"embeddable":true,"href":"https:\/\/sat-amrit.com\/de\/wp-json\/wp\/v2\/comments?post=543"}],"version-history":[{"count":9,"href":"https:\/\/sat-amrit.com\/de\/wp-json\/wp\/v2\/pages\/543\/revisions"}],"predecessor-version":[{"id":5035,"href":"https:\/\/sat-amrit.com\/de\/wp-json\/wp\/v2\/pages\/543\/revisions\/5035"}],"wp:attachment":[{"href":"https:\/\/sat-amrit.com\/de\/wp-json\/wp\/v2\/media?parent=543"}],"curies":[{"name":"wp","href":"https:\/\/api.w.org\/{rel}","templated":true}]}}