{"id":549,"date":"2015-10-01T14:46:14","date_gmt":"2015-10-01T14:46:14","guid":{"rendered":"http:\/\/www.sat-amrit.com\/?page_id=549&#038;lang=de"},"modified":"2017-12-14T17:42:03","modified_gmt":"2017-12-14T16:42:03","slug":"yogi-bhajan","status":"publish","type":"page","link":"https:\/\/sat-amrit.com\/de\/yogi-bhajan\/","title":{"rendered":"Yogi Bhajan"},"content":{"rendered":"<p><img loading=\"lazy\" decoding=\"async\" class=\"size-medium wp-image-2104 alignleft\" src=\"http:\/\/sat-amrit.com\/wp-content\/uploads\/2015\/10\/yogi-bhajan-300x225.jpg\" alt=\"\" width=\"300\" height=\"225\" \/>Harbhajan Singh Puri wurde am 26.8.1929 im kleinen Ort Kot Harkam im Norden von Indien, dem heutigen Pakistan geboren. Seine Schulausbildung absolvierte er in Privatschulen, wobei er in jungen Jahren auch eine katholische Schule innerhalb eines Frauenklosters besuchte.<\/p>\n<p>Kundalini Yoga, Tantrisches Yoga und Gong Meditation lernte er ab seinem achten Lebensjahr von seinem spirituellen Lehrer Sant Hazara Singh, Meister des Kundalini Yoga und Mahan Tantric. Der kompromisslose Sant Hazara Singh vermittelte seinem Sch\u00fcler Werte und Wissen f\u00fcr das Leben. Er lehrte seinen Sch\u00fcler vor allem nie im Leben aufzugeben und Grenzen, ob innerer oder \u00e4u\u00dferer Art, stetig zu versetzen. Im Alter von nur 16 Jahren erkl\u00e4rt Sant Hazara Singh seinen Sch\u00fcler zum Meister des Kundalini Yoga.<\/p>\n<p>Nach der Trennung von Sant Hazara Singh sucht Yogi Bhajan verschiedene spirituelle Lehrer in den Ashrams von Indien und des Himalaya auf, wo er auch andere Yogaarten studiert. An der Universit\u00e4t im Punjab absolviert Yogi Bhajan ein Wirtschaftsstudium. Nach seinem Studium tritt er eine Stelle im indischen Staatsdienst an und gr\u00fcndet eine Familie. Gleichzeitig unterrichtet er Yoga und auf Grund seiner Auffassung, dass man spirituelle Erf\u00fcllung nur durch Selbstlosigkeit erfahren kann, dient er t\u00e4glich im Goldenen Tempel in Amritsar.<\/p>\n<p>Im September 1968 wird er nach Kanada eingeladen, um an der Universit\u00e4t in Toronto zu unterrichten. Nach zwei Monaten reist er nach Los Angeles, wo er beginnt Kundalini Yoga zu lehren. Seine Lehre verbreitet sich schnell auch \u00fcber die Grenzen der USA hinaus. Eine selten dagewesene Kombination spirituellen und praktischen Wissens gew\u00e4hrt ihm Zutritt in viele Lebensbereiche. Vehement setzt er sich f\u00fcr den Weltfrieden und die Gemeinschaft aller Religionen ein und trifft sich mit den f\u00fchrenden Repr\u00e4sentanten der verschiedenen Weltreligionen, darunter Johannes Paul II. und Dalai Lama.<\/p>\n<p>Nach dem Tod des damaligen Mahan Tantric Lama Lilan Po, einem Meister des Wei\u00dfen Tantra und ebenfalls Sch\u00fcler von Sant Hazara Singh, wird Yogi Bhajan 1971 zum neuen Mahan Tantric ernannt. Ab diesem Augenblick bietet Yogi Bhajan weltweit Workshops f\u00fcr <a href=\"http:\/\/www.whitetantricyoga.com\/\">Wei\u00dfes Tantra\u00a0<\/a>Yoga an.<\/p>\n<p>Die Gr\u00fcndung des <a href=\"https:\/\/www.3ho.org\/\">3HO<\/a> (die Organisation Healthy, Happy, Holy) im Jahre 1969 erfolgte auf Grund Yogi Bhajans Einstellung, dass alle Menschen ein Recht darauf haben ein gesundes, gl\u00fcckliches und erf\u00fclltes Leben zu leben, was zur Entstehung weiterer 300 Zentren in 35 verschiedenen L\u00e4ndern f\u00fchrte, die neben dem <a href=\"http:\/\/kundaliniresearchinstitute.org\/\">Kundalini Yoga Research Institute<\/a>\u00a0 eine wichtige Rolle in der Ausbildung der Kundalini Yoga Lehrer auf der ganzen Welt spielen. Dies spiegelt deutlich Yogi Bhajans Einstellung wieder: Ich bin nicht gekommen um Sch\u00fcler zu sammeln, sondern um Lehrer zu erschaffen.<\/p>\n<p>Yogi Bhajan verfasste mehr als 30 B\u00fccher, w\u00e4hrend er 1980 mit seiner Doktorarbeit \u201eCommunication: Liberation or Condemnation\u201c eine neue Wissenschaft ins Leben ruft: die Humanologie.<\/p>\n<p>Yogi Bhajan verlie\u00df seinen physischen K\u00f6rper am 6.Oktober 2004. Seine Offenheit und Akzeptanz jedem Menschen gegen\u00fcber, sowie sein kompromissloses Beharren auf Erstrangigkeit machten ihn zu einem hervorragenden Lehrer.<\/p>\n","protected":false},"excerpt":{"rendered":"<p>Harbhajan Singh Puri wurde am 26.8.1929 im kleinen Ort Kot Harkam im Norden von Indien, dem heutigen Pakistan geboren. Seine Schulausbildung absolvierte er in Privatschulen, wobei er in jungen Jahren auch eine katholische Schule innerhalb eines Frauenklosters besuchte. Kundalini Yoga, Tantrisches Yoga und Gong Meditation lernte er ab seinem achten Lebensjahr von seinem spirituellen Lehrer [&hellip;]<\/p>\n","protected":false},"author":3,"featured_media":0,"parent":0,"menu_order":0,"comment_status":"closed","ping_status":"closed","template":"","meta":{"_acf_changed":false,"footnotes":""},"class_list":["post-549","page","type-page","status-publish","hentry","post"],"acf":[],"yoast_head":"<!-- This site is optimized with the Yoast SEO plugin v26.6 - https:\/\/yoast.com\/wordpress\/plugins\/seo\/ -->\n<title>Yogi Bhajan - Kundalini yoga - SAT AMRIT \u2022 Zapre\u0161i\u0107<\/title>\n<meta name=\"robots\" content=\"index, follow, max-snippet:-1, max-image-preview:large, max-video-preview:-1\" \/>\n<link rel=\"canonical\" href=\"https:\/\/sat-amrit.com\/de\/yogi-bhajan\/\" \/>\n<meta property=\"og:locale\" content=\"de_DE\" \/>\n<meta property=\"og:type\" content=\"article\" \/>\n<meta property=\"og:title\" content=\"Yogi Bhajan - Kundalini yoga - SAT AMRIT \u2022 Zapre\u0161i\u0107\" \/>\n<meta property=\"og:description\" content=\"Harbhajan Singh Puri wurde am 26.8.1929 im kleinen Ort Kot Harkam im Norden von Indien, dem heutigen Pakistan geboren. Seine Schulausbildung absolvierte er in Privatschulen, wobei er in jungen Jahren auch eine katholische Schule innerhalb eines Frauenklosters besuchte. Kundalini Yoga, Tantrisches Yoga und Gong Meditation lernte er ab seinem achten Lebensjahr von seinem spirituellen Lehrer [&hellip;]\" \/>\n<meta property=\"og:url\" content=\"https:\/\/sat-amrit.com\/de\/yogi-bhajan\/\" \/>\n<meta property=\"og:site_name\" content=\"Kundalini yoga - SAT AMRIT \u2022 Zapre\u0161i\u0107\" \/>\n<meta property=\"article:modified_time\" content=\"2017-12-14T16:42:03+00:00\" \/>\n<meta property=\"og:image\" content=\"http:\/\/sat-amrit.com\/wp-content\/uploads\/2015\/10\/yogi-bhajan-300x225.jpg\" \/>\n<meta name=\"twitter:card\" content=\"summary_large_image\" \/>\n<meta name=\"twitter:label1\" content=\"Gesch\u00e4tzte Lesezeit\" \/>\n\t<meta name=\"twitter:data1\" content=\"2\u00a0Minuten\" \/>\n<script type=\"application\/ld+json\" class=\"yoast-schema-graph\">{\"@context\":\"https:\/\/schema.org\",\"@graph\":[{\"@type\":\"WebPage\",\"@id\":\"https:\/\/sat-amrit.com\/de\/yogi-bhajan\/\",\"url\":\"https:\/\/sat-amrit.com\/de\/yogi-bhajan\/\",\"name\":\"Yogi Bhajan - Kundalini yoga - SAT AMRIT \u2022 Zapre\u0161i\u0107\",\"isPartOf\":{\"@id\":\"https:\/\/sat-amrit.com\/#website\"},\"primaryImageOfPage\":{\"@id\":\"https:\/\/sat-amrit.com\/de\/yogi-bhajan\/#primaryimage\"},\"image\":{\"@id\":\"https:\/\/sat-amrit.com\/de\/yogi-bhajan\/#primaryimage\"},\"thumbnailUrl\":\"http:\/\/sat-amrit.com\/wp-content\/uploads\/2015\/10\/yogi-bhajan-300x225.jpg\",\"datePublished\":\"2015-10-01T14:46:14+00:00\",\"dateModified\":\"2017-12-14T16:42:03+00:00\",\"breadcrumb\":{\"@id\":\"https:\/\/sat-amrit.com\/de\/yogi-bhajan\/#breadcrumb\"},\"inLanguage\":\"de\",\"potentialAction\":[{\"@type\":\"ReadAction\",\"target\":[\"https:\/\/sat-amrit.com\/de\/yogi-bhajan\/\"]}]},{\"@type\":\"ImageObject\",\"inLanguage\":\"de\",\"@id\":\"https:\/\/sat-amrit.com\/de\/yogi-bhajan\/#primaryimage\",\"url\":\"http:\/\/sat-amrit.com\/wp-content\/uploads\/2015\/10\/yogi-bhajan-300x225.jpg\",\"contentUrl\":\"http:\/\/sat-amrit.com\/wp-content\/uploads\/2015\/10\/yogi-bhajan-300x225.jpg\"},{\"@type\":\"BreadcrumbList\",\"@id\":\"https:\/\/sat-amrit.com\/de\/yogi-bhajan\/#breadcrumb\",\"itemListElement\":[{\"@type\":\"ListItem\",\"position\":1,\"name\":\"\",\"item\":\"https:\/\/sat-amrit.com\/de\/\"},{\"@type\":\"ListItem\",\"position\":2,\"name\":\"Yogi Bhajan\"}]},{\"@type\":\"WebSite\",\"@id\":\"https:\/\/sat-amrit.com\/#website\",\"url\":\"https:\/\/sat-amrit.com\/\",\"name\":\"Kundalini yoga - SAT AMRIT \u2022 Zapre\u0161i\u0107\",\"description\":\"Kundalini yoga prema u\u010denju Yogi Bhajana\",\"publisher\":{\"@id\":\"https:\/\/sat-amrit.com\/#organization\"},\"potentialAction\":[{\"@type\":\"SearchAction\",\"target\":{\"@type\":\"EntryPoint\",\"urlTemplate\":\"https:\/\/sat-amrit.com\/?s={search_term_string}\"},\"query-input\":{\"@type\":\"PropertyValueSpecification\",\"valueRequired\":true,\"valueName\":\"search_term_string\"}}],\"inLanguage\":\"de\"},{\"@type\":\"Organization\",\"@id\":\"https:\/\/sat-amrit.com\/#organization\",\"name\":\"Sat Amrit j.d.o.o.\",\"url\":\"https:\/\/sat-amrit.com\/\",\"logo\":{\"@type\":\"ImageObject\",\"inLanguage\":\"de\",\"@id\":\"https:\/\/sat-amrit.com\/#\/schema\/logo\/image\/\",\"url\":\"https:\/\/sat-amrit.com\/wp-content\/uploads\/2014\/12\/Yoga-Studio-Zapresic.jpg\",\"contentUrl\":\"https:\/\/sat-amrit.com\/wp-content\/uploads\/2014\/12\/Yoga-Studio-Zapresic.jpg\",\"width\":930,\"height\":800,\"caption\":\"Sat Amrit j.d.o.o.\"},\"image\":{\"@id\":\"https:\/\/sat-amrit.com\/#\/schema\/logo\/image\/\"}}]}<\/script>\n<!-- \/ Yoast SEO plugin. -->","yoast_head_json":{"title":"Yogi Bhajan - Kundalini yoga - SAT AMRIT \u2022 Zapre\u0161i\u0107","robots":{"index":"index","follow":"follow","max-snippet":"max-snippet:-1","max-image-preview":"max-image-preview:large","max-video-preview":"max-video-preview:-1"},"canonical":"https:\/\/sat-amrit.com\/de\/yogi-bhajan\/","og_locale":"de_DE","og_type":"article","og_title":"Yogi Bhajan - Kundalini yoga - SAT AMRIT \u2022 Zapre\u0161i\u0107","og_description":"Harbhajan Singh Puri wurde am 26.8.1929 im kleinen Ort Kot Harkam im Norden von Indien, dem heutigen Pakistan geboren. Seine Schulausbildung absolvierte er in Privatschulen, wobei er in jungen Jahren auch eine katholische Schule innerhalb eines Frauenklosters besuchte. Kundalini Yoga, Tantrisches Yoga und Gong Meditation lernte er ab seinem achten Lebensjahr von seinem spirituellen Lehrer [&hellip;]","og_url":"https:\/\/sat-amrit.com\/de\/yogi-bhajan\/","og_site_name":"Kundalini yoga - SAT AMRIT \u2022 Zapre\u0161i\u0107","article_modified_time":"2017-12-14T16:42:03+00:00","og_image":[{"url":"http:\/\/sat-amrit.com\/wp-content\/uploads\/2015\/10\/yogi-bhajan-300x225.jpg","type":"","width":"","height":""}],"twitter_card":"summary_large_image","twitter_misc":{"Gesch\u00e4tzte Lesezeit":"2\u00a0Minuten"},"schema":{"@context":"https:\/\/schema.org","@graph":[{"@type":"WebPage","@id":"https:\/\/sat-amrit.com\/de\/yogi-bhajan\/","url":"https:\/\/sat-amrit.com\/de\/yogi-bhajan\/","name":"Yogi Bhajan - Kundalini yoga - SAT AMRIT \u2022 Zapre\u0161i\u0107","isPartOf":{"@id":"https:\/\/sat-amrit.com\/#website"},"primaryImageOfPage":{"@id":"https:\/\/sat-amrit.com\/de\/yogi-bhajan\/#primaryimage"},"image":{"@id":"https:\/\/sat-amrit.com\/de\/yogi-bhajan\/#primaryimage"},"thumbnailUrl":"http:\/\/sat-amrit.com\/wp-content\/uploads\/2015\/10\/yogi-bhajan-300x225.jpg","datePublished":"2015-10-01T14:46:14+00:00","dateModified":"2017-12-14T16:42:03+00:00","breadcrumb":{"@id":"https:\/\/sat-amrit.com\/de\/yogi-bhajan\/#breadcrumb"},"inLanguage":"de","potentialAction":[{"@type":"ReadAction","target":["https:\/\/sat-amrit.com\/de\/yogi-bhajan\/"]}]},{"@type":"ImageObject","inLanguage":"de","@id":"https:\/\/sat-amrit.com\/de\/yogi-bhajan\/#primaryimage","url":"http:\/\/sat-amrit.com\/wp-content\/uploads\/2015\/10\/yogi-bhajan-300x225.jpg","contentUrl":"http:\/\/sat-amrit.com\/wp-content\/uploads\/2015\/10\/yogi-bhajan-300x225.jpg"},{"@type":"BreadcrumbList","@id":"https:\/\/sat-amrit.com\/de\/yogi-bhajan\/#breadcrumb","itemListElement":[{"@type":"ListItem","position":1,"name":"","item":"https:\/\/sat-amrit.com\/de\/"},{"@type":"ListItem","position":2,"name":"Yogi Bhajan"}]},{"@type":"WebSite","@id":"https:\/\/sat-amrit.com\/#website","url":"https:\/\/sat-amrit.com\/","name":"Kundalini yoga - SAT AMRIT \u2022 Zapre\u0161i\u0107","description":"Kundalini yoga prema u\u010denju Yogi Bhajana","publisher":{"@id":"https:\/\/sat-amrit.com\/#organization"},"potentialAction":[{"@type":"SearchAction","target":{"@type":"EntryPoint","urlTemplate":"https:\/\/sat-amrit.com\/?s={search_term_string}"},"query-input":{"@type":"PropertyValueSpecification","valueRequired":true,"valueName":"search_term_string"}}],"inLanguage":"de"},{"@type":"Organization","@id":"https:\/\/sat-amrit.com\/#organization","name":"Sat Amrit j.d.o.o.","url":"https:\/\/sat-amrit.com\/","logo":{"@type":"ImageObject","inLanguage":"de","@id":"https:\/\/sat-amrit.com\/#\/schema\/logo\/image\/","url":"https:\/\/sat-amrit.com\/wp-content\/uploads\/2014\/12\/Yoga-Studio-Zapresic.jpg","contentUrl":"https:\/\/sat-amrit.com\/wp-content\/uploads\/2014\/12\/Yoga-Studio-Zapresic.jpg","width":930,"height":800,"caption":"Sat Amrit j.d.o.o."},"image":{"@id":"https:\/\/sat-amrit.com\/#\/schema\/logo\/image\/"}}]}},"_links":{"self":[{"href":"https:\/\/sat-amrit.com\/de\/wp-json\/wp\/v2\/pages\/549","targetHints":{"allow":["GET"]}}],"collection":[{"href":"https:\/\/sat-amrit.com\/de\/wp-json\/wp\/v2\/pages"}],"about":[{"href":"https:\/\/sat-amrit.com\/de\/wp-json\/wp\/v2\/types\/page"}],"author":[{"embeddable":true,"href":"https:\/\/sat-amrit.com\/de\/wp-json\/wp\/v2\/users\/3"}],"replies":[{"embeddable":true,"href":"https:\/\/sat-amrit.com\/de\/wp-json\/wp\/v2\/comments?post=549"}],"version-history":[{"count":0,"href":"https:\/\/sat-amrit.com\/de\/wp-json\/wp\/v2\/pages\/549\/revisions"}],"wp:attachment":[{"href":"https:\/\/sat-amrit.com\/de\/wp-json\/wp\/v2\/media?parent=549"}],"curies":[{"name":"wp","href":"https:\/\/api.w.org\/{rel}","templated":true}]}}