{"id":553,"date":"2015-10-01T14:52:08","date_gmt":"2015-10-01T14:52:08","guid":{"rendered":"http:\/\/www.sat-amrit.com\/?page_id=553&#038;lang=de"},"modified":"2026-04-18T06:08:47","modified_gmt":"2026-04-18T04:08:47","slug":"stundenplan","status":"publish","type":"page","link":"https:\/\/sat-amrit.com\/de\/stundenplan\/","title":{"rendered":"Termine und Preise"},"content":{"rendered":"<p><img loading=\"lazy\" decoding=\"async\" class=\"alignnone size-full wp-image-228\" src=\"http:\/\/sat-amrit.com\/wp-content\/uploads\/2015\/01\/razmak2.jpg\" alt=\"razmak2\" width=\"715\" height=\"85\" srcset=\"https:\/\/sat-amrit.com\/wp-content\/uploads\/2015\/01\/razmak2.jpg 715w, https:\/\/sat-amrit.com\/wp-content\/uploads\/2015\/01\/razmak2-300x36.jpg 300w\" sizes=\"auto, (max-width: 715px) 100vw, 715px\" \/><\/p>\n<p style=\"text-align: center;\"><span style=\"font-size: 14pt;\"><strong><span style=\"color: #800000;\"><span style=\"background-color: #99cc00;\">PROGRAMM 2025\/2026<\/span> <\/span><\/strong><\/span><\/p>\n<p style=\"text-align: center;\">Wir beginnen am 6.Oktober 2025 in unserem neuen Studio in Zapre\u0161i\u0107<\/p>\n<p style=\"text-align: center;\">Jede Stunde kann auch \u00fcber Zoom verfolgt werden<\/p>\n<p style=\"text-align: center;\">Der folgende Stundenplan ist g\u00fcltig bis <strong><span style=\"color: #008000;\">Juli 2026<\/span><\/strong><\/p>\n<p style=\"text-align: center;\">Im August ist das Studio geschlossen.<\/p>\n<ul>\n<li><span>Termine k\u00f6nnen nach Wunsch kombiniert werden<br \/>\n<\/span><\/li>\n<li><span>die erste Stunde ist kostenfreie Schnupperstunde &#8211; <a href=\"https:\/\/sat-amrit.com\/de\/kontakt\/\">Anmeldung<\/a> erforderlich<\/span><span><\/span><span><\/span><span><br \/>\n<\/span><\/li>\n<li>\u00a0Individuell angepasste Paket-Programme auf Anfrage (Kundalini Yoga, Angepasstes Kundalini Yoga zur F<span>\u00f6<\/span>rderung von Gesundheit und Vitalit<span>\u00e4<\/span>t, Klangschalenmassagen und -meditationen, Gongb\u00e4der individuell oder f\u00fcr Gruppen) &#8211; <a href=\"https:\/\/sat-amrit.com\/de\/kontakt\/\">Info und Kontakt<\/a><\/li>\n<\/ul>\n<ul><\/ul>\n<ul><\/ul>\n<p><span>\u00a0<a href=\"https:\/\/sat-amrit.com\/breathwalk\/\"><\/a><strong><\/strong><\/span><span><a href=\"https:\/\/sat-amrit.com\/sadhana-zapresic\/\"><\/a><\/span><\/p>\n<p><span style=\"color: #800000;\"><strong><span style=\"background-color: #99cc00;\">Montag <\/span><br \/>\n<\/strong><\/span><\/p>\n<ul>\n<li><strong><span style=\"color: #800000;\">19:45 &#8211; 21:15<\/span><\/strong> Kundalini Yoga f\u00fcr alle &#8211; <span style=\"color: #800000;\">live im Studio + Zoom<\/span><strong><br \/>\n<\/strong><\/li>\n<\/ul>\n<p><span style=\"color: #800000;\"><strong><span style=\"background-color: #99cc00;\">Mittwoch <\/span><br \/>\n<\/strong><\/span><\/p>\n<ul>\n<li><span style=\"color: #800000;\"><strong>19:00 &#8211; 20:30<\/strong><\/span> Kundalini Yoga f\u00fcr alle &#8211; <span style=\"color: #800000;\">live im Studio + Zoom<\/span><span style=\"color: #000000;\"> <\/span><strong><span style=\"color: #800000;\"><\/span><\/strong><\/li>\n<\/ul>\n<p><span style=\"color: #800000; background-color: #99cc00;\"><strong>Freitag <\/strong><\/span><\/p>\n<ul>\n<li><span style=\"color: #800000;\"><strong>19:00 &#8211; 20:30<\/strong><\/span> <strong><\/strong>Kundalini Yoga f\u00fcr alle &#8211; <span style=\"color: #800000;\">live im Studio + Zoom<\/span><\/li>\n<\/ul>\n<p><span style=\"color: #800000;\"><strong><span style=\"background-color: #99cc00;\">Samstag:<\/span> <\/strong><\/span><\/p>\n<ul>\n<li><span><span style=\"color: #800000;\"><strong> 6:00 &#8211; 8:30<\/strong><\/span>\u00a0 <a href=\"https:\/\/sat-amrit.com\/sadhana-zapresic\/\">Sadhana &#8211; Live \/ Zoom<\/a><\/span><\/li>\n<\/ul>\n<ul><\/ul>\n<ul><\/ul>\n<p><strong>\u00a0<\/strong><span><\/span><span>Jeder kann mitmachen. Zoom-Daten werden auf <a href=\"kundaliniyoga@sat-amrit.com\">Anfrage<\/a> gesendet. Jeder ist Willkommen. Sadhanas sind kostenfrei.<br \/>\n<\/span><\/p>\n<p><span>\u00a0<\/span><span><strong><a href=\"https:\/\/sat-amrit.com\/de\/kontakt\/\">Anmeldung<\/a> erforderlich <\/strong><\/span><\/p>\n<h3 style=\"text-align: center;\"><span><strong><span style=\"color: #800000;\">PREISE 2025\/2026<\/span><br \/>\n<\/strong><\/span><\/h3>\n<h4 style=\"text-align: center;\"><span style=\"background-color: #99cc00;\"><strong>1.<\/strong><\/span><span><strong><span style=\"background-color: #99cc00;\">Kundalini Yoga live im Studio +<span style=\"color: #800000;\"> Zoom:<\/span> <\/span><br \/>\n<\/strong><\/span><\/h4>\n<p style=\"text-align: center;\"><span><strong>Preis auf monatlicher Basis:<br \/>\n<\/strong><\/span><\/p>\n<p style=\"text-align: center;\">\u00a01 x Woche\u00a0\u00a0 \/ <span><strong><span style=\"color: #800000;\">35,00 \u20ac<\/span><\/strong><br \/>\n<\/span><\/p>\n<p style=\"text-align: center;\">\u00a02 x Woche \/ <span><strong><span style=\"color: #800000;\">50,00 \u20ac<\/span><\/strong><br \/>\n<\/span><\/p>\n<p style=\"text-align: center;\">3 x Woche \/ <strong><span style=\"color: #800000;\">60,00<\/span><\/strong> <span><strong><span style=\"color: #800000;\">\u20ac<\/span><\/strong><\/span><\/p>\n<p style=\"text-align: center;\"><span>1 x + 2 x Woche = insgesamt 6 Einheiten monatlich \/\u00a0 <span style=\"color: #800000;\"><strong>44,00\u00a0\u20ac<\/strong><\/span><\/span><\/p>\n<p style=\"text-align: center;\">Kundalini Yoga f\u00fcr Rentner 1 x Woche \/ <strong><span style=\"color: #800000;\">30,00<\/span><\/strong> <span><span style=\"color: #800000;\"><strong>\u20ac<\/strong><\/span><\/span><\/p>\n<p style=\"text-align: center;\">\u00a0Drop-in \/ <strong><span style=\"color: #800000;\">15,00<\/span><\/strong> <span><span style=\"color: #800000;\"><strong>\u20ac<\/strong><\/span><br \/>\n<\/span><\/p>\n<h4 style=\"text-align: center;\"><span style=\"background-color: #99cc00;\"><strong>2. Kundalini Yoga individuell live im Studio oder <span>\u00fcber<\/span> <span style=\"color: #800000;\">Zoom<\/span><\/strong><\/span><\/h4>\n<p style=\"text-align: center;\"><span style=\"color: #800000;\"><strong>\u00a0<\/strong><\/span><span> pro Stunde \/ <span style=\"color: #800000;\"><strong>50,00 \u20ac<\/strong><\/span><\/span><input type=\"hidden\" name=\"cmd\" value=\"_s-xclick\" \/><\/p>\n<form action=\"https:\/\/www.paypal.com\/cgi-bin\/webscr\" method=\"post\" target=\"_top\"><\/form>\n<h4 style=\"text-align: center;\"><span style=\"background-color: #99cc00;\"><strong>3. Individuelle Paket-Programme\u00a0<\/strong><\/span><\/h4>\n<p style=\"text-align: center;\">Kundalini Yoga + Gongbad \/ <strong><span style=\"color: #800000;\">90,00<\/span><\/strong> <span><span style=\"color: #800000;\"><strong>\u20ac \/ 150,00 \u20ac <\/strong><\/span>(f\u00fcr Paare)<\/span><\/p>\n<p style=\"text-align: center;\"><strong><span style=\"color: #800000;\">Unser SPECIAL: <\/span><\/strong><\/p>\n<p style=\"text-align: center;\">Angepasstes Kundalini Yoga + Klangmeditationen zur F\u00f6rderung von Gesundheit und Wohlbefinden &#8211; 4 Stunden <span>\u00e0<\/span> 90 min.\u00a0 \/ <span style=\"color: #800000;\"><strong>150,00<\/strong> <span><strong>\u20ac<\/strong><\/span><\/span><\/p>\n<p style=\"text-align: center;\"><a href=\"https:\/\/sat-amrit.com\/de\/kontakt\/\">Info<\/a> und <a href=\"https:\/\/sat-amrit.com\/de\/kontakt\/\">Terminvereinbarung<\/a><\/p>\n<p style=\"text-align: center;\"><span style=\"color: #800000;\"><strong>*****<\/strong><\/span><\/p>\n<h4 style=\"text-align: center;\"><span style=\"background-color: #99cc00;\">4. Breathwalk<\/span><\/h4>\n<p style=\"text-align: center;\"><span>Drop-in \/ pro Stunde <span style=\"color: #800000;\"><strong>10,00 \u20ac<\/strong><\/span> &#8211; f\u00fcr Studio-Mitglieder <span style=\"color: #800000;\"><strong>8,00 \u20ac<\/strong><\/span><br \/>\n<\/span><\/p>\n<p style=\"text-align: center;\"><span style=\"color: #800000;\"><strong>*****<\/strong><\/span><\/p>\n<h4 style=\"text-align: center;\"><span><strong><span style=\"background-color: #99cc00;\">5. Sadhana<\/span> (<a href=\"https:\/\/sat-amrit.com\/sadhana-zapresic\/\">online und live<\/a>)<br \/>\n<\/strong><\/span><\/h4>\n<p style=\"text-align: center;\"><span>kostenfrei<\/span><\/p>\n<p style=\"text-align: center;\"><span style=\"color: #800000;\"><strong>*****<\/strong><\/span><\/p>\n<h4 style=\"text-align: center;\"><strong><span>Preiserm\u00e4\u00dfigungen:<\/span><\/strong><\/h4>\n<p style=\"text-align: center;\"><span><strong><\/strong><\/span><span><strong><span style=\"color: #800000;\">FAMILIENRABATT<\/span> <\/strong>auf Yogastunden <\/span><span style=\"color: #800000;\"><strong>10 %<\/strong><\/span><\/p>\n<p style=\"text-align: center;\"><span style=\"color: #800000;\"><strong>*****<\/strong><\/span><\/p>\n<p style=\"text-align: center;\"><span><a href=\"https:\/\/sat-amrit.com\/de\/kontakt\/\">Info und Kontakt<\/a><br \/>\n<\/span><\/p>\n","protected":false},"excerpt":{"rendered":"<p>PROGRAMM 2025\/2026 Wir beginnen am 6.Oktober 2025 in unserem neuen Studio in Zapre\u0161i\u0107 Jede Stunde kann auch \u00fcber Zoom verfolgt werden Der folgende Stundenplan ist g\u00fcltig bis Juli 2026 Im August ist das Studio geschlossen. Termine k\u00f6nnen nach Wunsch kombiniert werden die erste Stunde ist kostenfreie Schnupperstunde &#8211; Anmeldung erforderlich \u00a0Individuell angepasste Paket-Programme auf Anfrage [&hellip;]<\/p>\n","protected":false},"author":3,"featured_media":0,"parent":0,"menu_order":0,"comment_status":"closed","ping_status":"closed","template":"","meta":{"_acf_changed":false,"footnotes":""},"class_list":["post-553","page","type-page","status-publish","hentry","post"],"acf":[],"yoast_head":"<!-- This site is optimized with the Yoast SEO plugin v26.6 - https:\/\/yoast.com\/wordpress\/plugins\/seo\/ -->\n<title>Kundalini Yoga f\u00fcr Vitalit\u00e4t nach der Lehre Yogi Bhajans<\/title>\n<meta name=\"robots\" content=\"index, follow, max-snippet:-1, max-image-preview:large, max-video-preview:-1\" \/>\n<link rel=\"canonical\" href=\"https:\/\/sat-amrit.com\/de\/stundenplan\/\" \/>\n<meta property=\"og:locale\" content=\"de_DE\" \/>\n<meta property=\"og:type\" content=\"article\" \/>\n<meta property=\"og:title\" content=\"Kundalini Yoga f\u00fcr Vitalit\u00e4t nach der Lehre Yogi Bhajans\" \/>\n<meta property=\"og:description\" content=\"PROGRAMM 2025\/2026 Wir beginnen am 6.Oktober 2025 in unserem neuen Studio in Zapre\u0161i\u0107 Jede Stunde kann auch \u00fcber Zoom verfolgt werden Der folgende Stundenplan ist g\u00fcltig bis Juli 2026 Im August ist das Studio geschlossen. Termine k\u00f6nnen nach Wunsch kombiniert werden die erste Stunde ist kostenfreie Schnupperstunde &#8211; Anmeldung erforderlich \u00a0Individuell angepasste Paket-Programme auf Anfrage [&hellip;]\" \/>\n<meta property=\"og:url\" content=\"https:\/\/sat-amrit.com\/de\/stundenplan\/\" \/>\n<meta property=\"og:site_name\" content=\"Kundalini yoga - SAT AMRIT \u2022 Zapre\u0161i\u0107\" \/>\n<meta property=\"article:modified_time\" content=\"2026-04-18T04:08:47+00:00\" \/>\n<meta property=\"og:image\" content=\"https:\/\/sat-amrit.com\/wp-content\/uploads\/2015\/01\/razmak2.jpg\" \/>\n\t<meta property=\"og:image:width\" content=\"715\" \/>\n\t<meta property=\"og:image:height\" content=\"85\" \/>\n\t<meta property=\"og:image:type\" content=\"image\/jpeg\" \/>\n<meta name=\"twitter:card\" content=\"summary_large_image\" \/>\n<meta name=\"twitter:label1\" content=\"Gesch\u00e4tzte Lesezeit\" \/>\n\t<meta name=\"twitter:data1\" content=\"2\u00a0Minuten\" \/>\n<script type=\"application\/ld+json\" class=\"yoast-schema-graph\">{\"@context\":\"https:\/\/schema.org\",\"@graph\":[{\"@type\":\"WebPage\",\"@id\":\"https:\/\/sat-amrit.com\/de\/stundenplan\/\",\"url\":\"https:\/\/sat-amrit.com\/de\/stundenplan\/\",\"name\":\"Kundalini Yoga f\u00fcr Vitalit\u00e4t nach der Lehre Yogi Bhajans\",\"isPartOf\":{\"@id\":\"https:\/\/sat-amrit.com\/#website\"},\"primaryImageOfPage\":{\"@id\":\"https:\/\/sat-amrit.com\/de\/stundenplan\/#primaryimage\"},\"image\":{\"@id\":\"https:\/\/sat-amrit.com\/de\/stundenplan\/#primaryimage\"},\"thumbnailUrl\":\"http:\/\/sat-amrit.com\/wp-content\/uploads\/2015\/01\/razmak2.jpg\",\"datePublished\":\"2015-10-01T14:52:08+00:00\",\"dateModified\":\"2026-04-18T04:08:47+00:00\",\"breadcrumb\":{\"@id\":\"https:\/\/sat-amrit.com\/de\/stundenplan\/#breadcrumb\"},\"inLanguage\":\"de\",\"potentialAction\":[{\"@type\":\"ReadAction\",\"target\":[\"https:\/\/sat-amrit.com\/de\/stundenplan\/\"]}]},{\"@type\":\"ImageObject\",\"inLanguage\":\"de\",\"@id\":\"https:\/\/sat-amrit.com\/de\/stundenplan\/#primaryimage\",\"url\":\"http:\/\/sat-amrit.com\/wp-content\/uploads\/2015\/01\/razmak2.jpg\",\"contentUrl\":\"http:\/\/sat-amrit.com\/wp-content\/uploads\/2015\/01\/razmak2.jpg\"},{\"@type\":\"BreadcrumbList\",\"@id\":\"https:\/\/sat-amrit.com\/de\/stundenplan\/#breadcrumb\",\"itemListElement\":[{\"@type\":\"ListItem\",\"position\":1,\"name\":\"\",\"item\":\"https:\/\/sat-amrit.com\/de\/\"},{\"@type\":\"ListItem\",\"position\":2,\"name\":\"Termine und Preise\"}]},{\"@type\":\"WebSite\",\"@id\":\"https:\/\/sat-amrit.com\/#website\",\"url\":\"https:\/\/sat-amrit.com\/\",\"name\":\"Kundalini yoga - SAT AMRIT \u2022 Zapre\u0161i\u0107\",\"description\":\"Kundalini yoga prema u\u010denju Yogi Bhajana\",\"publisher\":{\"@id\":\"https:\/\/sat-amrit.com\/#organization\"},\"potentialAction\":[{\"@type\":\"SearchAction\",\"target\":{\"@type\":\"EntryPoint\",\"urlTemplate\":\"https:\/\/sat-amrit.com\/?s={search_term_string}\"},\"query-input\":{\"@type\":\"PropertyValueSpecification\",\"valueRequired\":true,\"valueName\":\"search_term_string\"}}],\"inLanguage\":\"de\"},{\"@type\":\"Organization\",\"@id\":\"https:\/\/sat-amrit.com\/#organization\",\"name\":\"Sat Amrit j.d.o.o.\",\"url\":\"https:\/\/sat-amrit.com\/\",\"logo\":{\"@type\":\"ImageObject\",\"inLanguage\":\"de\",\"@id\":\"https:\/\/sat-amrit.com\/#\/schema\/logo\/image\/\",\"url\":\"https:\/\/sat-amrit.com\/wp-content\/uploads\/2014\/12\/Yoga-Studio-Zapresic.jpg\",\"contentUrl\":\"https:\/\/sat-amrit.com\/wp-content\/uploads\/2014\/12\/Yoga-Studio-Zapresic.jpg\",\"width\":930,\"height\":800,\"caption\":\"Sat Amrit j.d.o.o.\"},\"image\":{\"@id\":\"https:\/\/sat-amrit.com\/#\/schema\/logo\/image\/\"}}]}<\/script>\n<!-- \/ Yoast SEO plugin. -->","yoast_head_json":{"title":"Kundalini Yoga f\u00fcr Vitalit\u00e4t nach der Lehre Yogi Bhajans","robots":{"index":"index","follow":"follow","max-snippet":"max-snippet:-1","max-image-preview":"max-image-preview:large","max-video-preview":"max-video-preview:-1"},"canonical":"https:\/\/sat-amrit.com\/de\/stundenplan\/","og_locale":"de_DE","og_type":"article","og_title":"Kundalini Yoga f\u00fcr Vitalit\u00e4t nach der Lehre Yogi Bhajans","og_description":"PROGRAMM 2025\/2026 Wir beginnen am 6.Oktober 2025 in unserem neuen Studio in Zapre\u0161i\u0107 Jede Stunde kann auch \u00fcber Zoom verfolgt werden Der folgende Stundenplan ist g\u00fcltig bis Juli 2026 Im August ist das Studio geschlossen. Termine k\u00f6nnen nach Wunsch kombiniert werden die erste Stunde ist kostenfreie Schnupperstunde &#8211; Anmeldung erforderlich \u00a0Individuell angepasste Paket-Programme auf Anfrage [&hellip;]","og_url":"https:\/\/sat-amrit.com\/de\/stundenplan\/","og_site_name":"Kundalini yoga - SAT AMRIT \u2022 Zapre\u0161i\u0107","article_modified_time":"2026-04-18T04:08:47+00:00","og_image":[{"width":715,"height":85,"url":"https:\/\/sat-amrit.com\/wp-content\/uploads\/2015\/01\/razmak2.jpg","type":"image\/jpeg"}],"twitter_card":"summary_large_image","twitter_misc":{"Gesch\u00e4tzte Lesezeit":"2\u00a0Minuten"},"schema":{"@context":"https:\/\/schema.org","@graph":[{"@type":"WebPage","@id":"https:\/\/sat-amrit.com\/de\/stundenplan\/","url":"https:\/\/sat-amrit.com\/de\/stundenplan\/","name":"Kundalini Yoga f\u00fcr Vitalit\u00e4t nach der Lehre Yogi Bhajans","isPartOf":{"@id":"https:\/\/sat-amrit.com\/#website"},"primaryImageOfPage":{"@id":"https:\/\/sat-amrit.com\/de\/stundenplan\/#primaryimage"},"image":{"@id":"https:\/\/sat-amrit.com\/de\/stundenplan\/#primaryimage"},"thumbnailUrl":"http:\/\/sat-amrit.com\/wp-content\/uploads\/2015\/01\/razmak2.jpg","datePublished":"2015-10-01T14:52:08+00:00","dateModified":"2026-04-18T04:08:47+00:00","breadcrumb":{"@id":"https:\/\/sat-amrit.com\/de\/stundenplan\/#breadcrumb"},"inLanguage":"de","potentialAction":[{"@type":"ReadAction","target":["https:\/\/sat-amrit.com\/de\/stundenplan\/"]}]},{"@type":"ImageObject","inLanguage":"de","@id":"https:\/\/sat-amrit.com\/de\/stundenplan\/#primaryimage","url":"http:\/\/sat-amrit.com\/wp-content\/uploads\/2015\/01\/razmak2.jpg","contentUrl":"http:\/\/sat-amrit.com\/wp-content\/uploads\/2015\/01\/razmak2.jpg"},{"@type":"BreadcrumbList","@id":"https:\/\/sat-amrit.com\/de\/stundenplan\/#breadcrumb","itemListElement":[{"@type":"ListItem","position":1,"name":"","item":"https:\/\/sat-amrit.com\/de\/"},{"@type":"ListItem","position":2,"name":"Termine und Preise"}]},{"@type":"WebSite","@id":"https:\/\/sat-amrit.com\/#website","url":"https:\/\/sat-amrit.com\/","name":"Kundalini yoga - SAT AMRIT \u2022 Zapre\u0161i\u0107","description":"Kundalini yoga prema u\u010denju Yogi Bhajana","publisher":{"@id":"https:\/\/sat-amrit.com\/#organization"},"potentialAction":[{"@type":"SearchAction","target":{"@type":"EntryPoint","urlTemplate":"https:\/\/sat-amrit.com\/?s={search_term_string}"},"query-input":{"@type":"PropertyValueSpecification","valueRequired":true,"valueName":"search_term_string"}}],"inLanguage":"de"},{"@type":"Organization","@id":"https:\/\/sat-amrit.com\/#organization","name":"Sat Amrit j.d.o.o.","url":"https:\/\/sat-amrit.com\/","logo":{"@type":"ImageObject","inLanguage":"de","@id":"https:\/\/sat-amrit.com\/#\/schema\/logo\/image\/","url":"https:\/\/sat-amrit.com\/wp-content\/uploads\/2014\/12\/Yoga-Studio-Zapresic.jpg","contentUrl":"https:\/\/sat-amrit.com\/wp-content\/uploads\/2014\/12\/Yoga-Studio-Zapresic.jpg","width":930,"height":800,"caption":"Sat Amrit j.d.o.o."},"image":{"@id":"https:\/\/sat-amrit.com\/#\/schema\/logo\/image\/"}}]}},"_links":{"self":[{"href":"https:\/\/sat-amrit.com\/de\/wp-json\/wp\/v2\/pages\/553","targetHints":{"allow":["GET"]}}],"collection":[{"href":"https:\/\/sat-amrit.com\/de\/wp-json\/wp\/v2\/pages"}],"about":[{"href":"https:\/\/sat-amrit.com\/de\/wp-json\/wp\/v2\/types\/page"}],"author":[{"embeddable":true,"href":"https:\/\/sat-amrit.com\/de\/wp-json\/wp\/v2\/users\/3"}],"replies":[{"embeddable":true,"href":"https:\/\/sat-amrit.com\/de\/wp-json\/wp\/v2\/comments?post=553"}],"version-history":[{"count":54,"href":"https:\/\/sat-amrit.com\/de\/wp-json\/wp\/v2\/pages\/553\/revisions"}],"predecessor-version":[{"id":8175,"href":"https:\/\/sat-amrit.com\/de\/wp-json\/wp\/v2\/pages\/553\/revisions\/8175"}],"wp:attachment":[{"href":"https:\/\/sat-amrit.com\/de\/wp-json\/wp\/v2\/media?parent=553"}],"curies":[{"name":"wp","href":"https:\/\/api.w.org\/{rel}","templated":true}]}}