{"id":557,"date":"2015-10-01T14:58:21","date_gmt":"2015-10-01T14:58:21","guid":{"rendered":"http:\/\/www.sat-amrit.com\/?page_id=557&#038;lang=de"},"modified":"2018-03-03T14:51:49","modified_gmt":"2018-03-03T13:51:49","slug":"zarte-staerke-der-frau","status":"publish","type":"page","link":"https:\/\/sat-amrit.com\/de\/zarte-staerke-der-frau\/","title":{"rendered":"E-motion"},"content":{"rendered":"<p><img loading=\"lazy\" decoding=\"async\" src=\"http:\/\/sat-amrit.com\/wp-content\/uploads\/2015\/01\/glava.jpg\" alt=\"\" class=\"size-full wp-image-2003 alignleft\" width=\"120\" height=\"131\" \/>Durch das Praktizieren von Kriyas und Meditationen aus dem Kundalini Yoga und Bewegungen aus dem Orientalischen Tanz bringen wir einen harmonischen Rhythmus in den Fluss unserer weiblichen Energie. Der weibliche K\u00f6rper und das Energiefeld sind eine Quelle der Sch\u00f6pfung. Die weibliche Energie verl\u00e4uft von Natur aus kreisf\u00f6rmig und ist vollst\u00e4ndig in sich selbst. F\u00fcr die Gesundheit und Zufriedenheit jeder Frau ist es vor allem wichtig sich diesen unaufhaltsamen, spiralf\u00f6rmigen Energiefluss bewusst zu machen und zu erhalten.<\/p>\n<p>Mit den Kriyas und Meditationen des Kundalini Yoga werden wir uns unseres physischen sowie mentalen K\u00f6rpers st\u00e4rker bewusst. Nachdem wir unseren K\u00f6rper und Geist vorbereitet haben, entspannen wir mit zarten, kreisf\u00f6rmigen Bewegungen aus der Welt und zur Musik des Orientalischen Tanzes. Auf diese Weise lassen wir unsere Emotionen flie\u00dfen &#8211; wir f\u00fchlen und genie\u00dfen. Emotionales Chaos wird zu harmonischen rhythmischen Frequenzen verarbeitet.<\/p>\n<p>Diese zwei Techniken zusammen genommen sind eine einzigartige Kombination f\u00fcr eine wirkungsvolle Harmonisierung\u00a0 der weiblichen Energie \u2013 die St\u00e4rke und Zartheit der Frau.<\/p>\n<p><strong>Seit Herbst 2017 k\u00f6nnen Sie sich jeweils mittwochs dem Programm\u00a0 im Yoga Studio Zapre\u0161i\u0107 anschlie\u00dfen.<\/strong><\/p>\n<p>Workshops au\u00dferhalb Zapre\u0161i\u0107 in der Dauer von 3 Stunden werden von Zeit zu Zeit an verschiedenen Orten innerhalb Kroatiens angeboten. Workshop-Preis : 200,00 kn<\/p>\n<p>Termine und Orte f\u00fcr Workshops au\u00dferhalb werden ca. 1 Monat vor dem Workshop auf unserer Website bekannt gegeben.<\/p>\n<p>&nbsp;<\/p>\n<p><strong>Anmeldung<\/strong><\/p>\n<div style=\"display:none\" class=\"fm-form-container fm-theme3\"><div id=\"fm-pages18\" class=\"fm-pages wdform_page_navigation \" show_title=\"false\" show_numbers=\"true\" type=\"none\"><\/div><form name=\"form18\" action=\"\/de\/wp-json\/wp\/v2\/pages\/557\" method=\"post\" id=\"form18\" class=\"fm-form form18  \" enctype=\"multipart\/form-data\"><input type=\"hidden\" id=\"fm_page_id18\" value=\"557\" name=\"fm_page_id18\" \/><input type=\"hidden\" id=\"fm_current_post_type18\" value=\"page\" name=\"fm_current_post_type18\" \/><input type=\"hidden\" id=\"counter18\" value=\"7\" name=\"counter18\" \/><input type=\"hidden\" id=\"Itemid18\" value=\"\" name=\"Itemid18\" \/><input type=\"hidden\" id=\"fm_shake18\" value=\"1\" name=\"fm_shake18\" \/><input type=\"text\" class=\"fm-hide\" id=\"fm_empty_field_validation18\" value=\"\" name=\"fm_empty_field_validation18\" data-value=\"bd736efb144d599cf463541431fbf5c4\" \/><div class=\"wdform-page-and-images\" style=\"display:table; border-top:0px solid black;\"><div id=\"18form_view1\" class=\"wdform_page\" page_title=\"Untitled page\" next_title=\"Next\" next_type=\"text\" next_class=\"wdform-page-button\" next_checkable=\"false\" previous_title=\"Previous\" previous_type=\"text\" previous_class=\"wdform-page-button\" previous_checkable=\"false\"><div class=\"wdform_section\"><div class=\"wdform_column \"><div wdid=\"1\" class=\"wdform_row \"><div type=\"type_text\" class=\"wdform-field wd-width-100 wd-flex wd-flex-row fm-type_text\" ><div class=\"wdform-label-section wd-width-30  wd-flex-row wd-align-items-center\" style=\"max-width: 100px;\">    <label  for=\"wdform_1_element18\" class=\"wdform-label\">Name, Nachname<\/label><span class=\"wdform-required\">*<\/span><\/div><div class=\"wdform-element-section wd-flex  wd-flex-row wd-align-items-center wd-width-70\" style=\"max-width: 200px;\"><input type=\"text\"                           class=\"wd-width-100\"                           id=\"wdform_1_element18\"                           name=\"wdform_1_element18\"                           value=\"\"                           data-value=\"\"                           title=\"\"                           placeholder=\"\"                                                       \/><\/div><\/div><\/div><div wdid=\"4\" class=\"wdform_row \"><div type=\"type_number\" class=\"wdform-field\" style=\"width: 310px\"><div class=\"wdform-label-section wd-width-30 \" style=\"max-width: 100px;\">    <label  for=\"wdform_4_element18\" class=\"wdform-label\">Telefon:<\/label><span class=\"wdform-required\">*<\/span><\/div><div class=\"wdform-element-section \" style=\"width: 200px;\">              <input type=\"text\"                     class=\"wd-width-100\"                     id=\"wdform_4_element18\"                     name=\"wdform_4_element18\"                     value=\"\"                     data-value=\"\"                     title=\"\"                     >              <\/div><\/div><\/div><div wdid=\"5\" class=\"wdform_row \"><div type=\"type_submitter_mail\" class=\"wdform-field wd-width-100 wd-flex wd-flex-row fm-type_submitter_mail\" ><div class=\"wdform-label-section wd-width-30  wd-flex-row\" style=\"max-width: 100px;\">    <label  for=\"wdform_5_element18\" class=\"wdform-label\">E-mail:<\/label><span class=\"wdform-required\">*<\/span><\/div><div class=\"wdform-element-section wd-flex  wd-flex-row wd-width-70\" style=\"max-width: 200px;\"><input type=\"text\" class=\"wd-width-100\" id=\"wdform_5_element18\" name=\"wdform_5_element18\" data-value=\"\" value=\"\" title=\"\" placeholder=\"\"   onchange=\"wd_check_email('5', '18', 'Dies ist keine g\u00fcltige E-Mail-Adresse.')\" \/><\/div><\/div><\/div><div wdid=\"6\" class=\"wdform_row \"><div type=\"type_submit_reset\" class=\"wdform-field wd-width-100 wd-flex wd-flex-column fm-type_submit_reset\" ><div class=\"wdform-element-section wd-flex  wd-flex-row wd-width-100\" ><button  type=\"button\" class=\"button-submit\" onclick=\"fm_submit_form('18');\"  data-ajax=\"0\"><span class=\"fm-submit-loading spinner fm-ico-spinner\"><\/span>Senden<\/button><button  type=\"button\" class=\"button-reset wd-hidden\" onclick=\"fm_reset_form(18);\" >Reset<\/button><\/div><\/div><\/div><\/div><\/div><div valign=\"top\" class=\"wdform_footer\" style=\"width: 100%;\"><div style=\"width: 100%;\"><div style=\"width: 100%; display: table;\"><div style=\"display: table-row-group;\"><div id=\"18page_nav1\" style=\"display: table-row;\"><\/div><\/div><\/div><\/div><\/div><\/div><\/div><div class=\"wdform_preload\"><\/div><input type=\"hidden\" name=\"fm-current-page\" value=\"https:\/\/sat-amrit.com\/de\/wp-json\/wp\/v2\/pages\/557\" \/><\/form><\/div>\n","protected":false},"excerpt":{"rendered":"<p>Durch das Praktizieren von Kriyas und Meditationen aus dem Kundalini Yoga und Bewegungen aus dem Orientalischen Tanz bringen wir einen harmonischen Rhythmus in den Fluss unserer weiblichen Energie. Der weibliche K\u00f6rper und das Energiefeld sind eine Quelle der Sch\u00f6pfung. Die weibliche Energie verl\u00e4uft von Natur aus kreisf\u00f6rmig und ist vollst\u00e4ndig in sich selbst. F\u00fcr die [&hellip;]<\/p>\n","protected":false},"author":3,"featured_media":0,"parent":0,"menu_order":0,"comment_status":"closed","ping_status":"closed","template":"","meta":{"_acf_changed":false,"footnotes":""},"class_list":["post-557","page","type-page","status-publish","hentry","post"],"acf":[],"yoast_head":"<!-- This site is optimized with the Yoast SEO plugin v26.6 - https:\/\/yoast.com\/wordpress\/plugins\/seo\/ -->\n<title>E-motion - Kundalini yoga - SAT AMRIT \u2022 Zapre\u0161i\u0107<\/title>\n<meta name=\"robots\" content=\"index, follow, max-snippet:-1, max-image-preview:large, max-video-preview:-1\" \/>\n<link rel=\"canonical\" href=\"https:\/\/sat-amrit.com\/de\/zarte-staerke-der-frau\/\" \/>\n<meta property=\"og:locale\" content=\"de_DE\" \/>\n<meta property=\"og:type\" content=\"article\" \/>\n<meta property=\"og:title\" content=\"E-motion - Kundalini yoga - SAT AMRIT \u2022 Zapre\u0161i\u0107\" \/>\n<meta property=\"og:description\" content=\"Durch das Praktizieren von Kriyas und Meditationen aus dem Kundalini Yoga und Bewegungen aus dem Orientalischen Tanz bringen wir einen harmonischen Rhythmus in den Fluss unserer weiblichen Energie. Der weibliche K\u00f6rper und das Energiefeld sind eine Quelle der Sch\u00f6pfung. Die weibliche Energie verl\u00e4uft von Natur aus kreisf\u00f6rmig und ist vollst\u00e4ndig in sich selbst. F\u00fcr die [&hellip;]\" \/>\n<meta property=\"og:url\" content=\"https:\/\/sat-amrit.com\/de\/zarte-staerke-der-frau\/\" \/>\n<meta property=\"og:site_name\" content=\"Kundalini yoga - SAT AMRIT \u2022 Zapre\u0161i\u0107\" \/>\n<meta property=\"article:modified_time\" content=\"2018-03-03T13:51:49+00:00\" \/>\n<meta property=\"og:image\" content=\"http:\/\/sat-amrit.com\/wp-content\/uploads\/2015\/01\/glava.jpg\" \/>\n<meta name=\"twitter:card\" content=\"summary_large_image\" \/>\n<meta name=\"twitter:label1\" content=\"Gesch\u00e4tzte Lesezeit\" \/>\n\t<meta name=\"twitter:data1\" content=\"1\u00a0Minute\" \/>\n<script type=\"application\/ld+json\" class=\"yoast-schema-graph\">{\"@context\":\"https:\/\/schema.org\",\"@graph\":[{\"@type\":\"WebPage\",\"@id\":\"https:\/\/sat-amrit.com\/de\/zarte-staerke-der-frau\/\",\"url\":\"https:\/\/sat-amrit.com\/de\/zarte-staerke-der-frau\/\",\"name\":\"E-motion - Kundalini yoga - SAT AMRIT \u2022 Zapre\u0161i\u0107\",\"isPartOf\":{\"@id\":\"https:\/\/sat-amrit.com\/#website\"},\"primaryImageOfPage\":{\"@id\":\"https:\/\/sat-amrit.com\/de\/zarte-staerke-der-frau\/#primaryimage\"},\"image\":{\"@id\":\"https:\/\/sat-amrit.com\/de\/zarte-staerke-der-frau\/#primaryimage\"},\"thumbnailUrl\":\"http:\/\/sat-amrit.com\/wp-content\/uploads\/2015\/01\/glava.jpg\",\"datePublished\":\"2015-10-01T14:58:21+00:00\",\"dateModified\":\"2018-03-03T13:51:49+00:00\",\"breadcrumb\":{\"@id\":\"https:\/\/sat-amrit.com\/de\/zarte-staerke-der-frau\/#breadcrumb\"},\"inLanguage\":\"de\",\"potentialAction\":[{\"@type\":\"ReadAction\",\"target\":[\"https:\/\/sat-amrit.com\/de\/zarte-staerke-der-frau\/\"]}]},{\"@type\":\"ImageObject\",\"inLanguage\":\"de\",\"@id\":\"https:\/\/sat-amrit.com\/de\/zarte-staerke-der-frau\/#primaryimage\",\"url\":\"http:\/\/sat-amrit.com\/wp-content\/uploads\/2015\/01\/glava.jpg\",\"contentUrl\":\"http:\/\/sat-amrit.com\/wp-content\/uploads\/2015\/01\/glava.jpg\"},{\"@type\":\"BreadcrumbList\",\"@id\":\"https:\/\/sat-amrit.com\/de\/zarte-staerke-der-frau\/#breadcrumb\",\"itemListElement\":[{\"@type\":\"ListItem\",\"position\":1,\"name\":\"\",\"item\":\"https:\/\/sat-amrit.com\/de\/\"},{\"@type\":\"ListItem\",\"position\":2,\"name\":\"E-motion\"}]},{\"@type\":\"WebSite\",\"@id\":\"https:\/\/sat-amrit.com\/#website\",\"url\":\"https:\/\/sat-amrit.com\/\",\"name\":\"Kundalini yoga - SAT AMRIT \u2022 Zapre\u0161i\u0107\",\"description\":\"Kundalini yoga prema u\u010denju Yogi Bhajana\",\"publisher\":{\"@id\":\"https:\/\/sat-amrit.com\/#organization\"},\"potentialAction\":[{\"@type\":\"SearchAction\",\"target\":{\"@type\":\"EntryPoint\",\"urlTemplate\":\"https:\/\/sat-amrit.com\/?s={search_term_string}\"},\"query-input\":{\"@type\":\"PropertyValueSpecification\",\"valueRequired\":true,\"valueName\":\"search_term_string\"}}],\"inLanguage\":\"de\"},{\"@type\":\"Organization\",\"@id\":\"https:\/\/sat-amrit.com\/#organization\",\"name\":\"Sat Amrit j.d.o.o.\",\"url\":\"https:\/\/sat-amrit.com\/\",\"logo\":{\"@type\":\"ImageObject\",\"inLanguage\":\"de\",\"@id\":\"https:\/\/sat-amrit.com\/#\/schema\/logo\/image\/\",\"url\":\"https:\/\/sat-amrit.com\/wp-content\/uploads\/2014\/12\/Yoga-Studio-Zapresic.jpg\",\"contentUrl\":\"https:\/\/sat-amrit.com\/wp-content\/uploads\/2014\/12\/Yoga-Studio-Zapresic.jpg\",\"width\":930,\"height\":800,\"caption\":\"Sat Amrit j.d.o.o.\"},\"image\":{\"@id\":\"https:\/\/sat-amrit.com\/#\/schema\/logo\/image\/\"}}]}<\/script>\n<!-- \/ Yoast SEO plugin. -->","yoast_head_json":{"title":"E-motion - Kundalini yoga - SAT AMRIT \u2022 Zapre\u0161i\u0107","robots":{"index":"index","follow":"follow","max-snippet":"max-snippet:-1","max-image-preview":"max-image-preview:large","max-video-preview":"max-video-preview:-1"},"canonical":"https:\/\/sat-amrit.com\/de\/zarte-staerke-der-frau\/","og_locale":"de_DE","og_type":"article","og_title":"E-motion - Kundalini yoga - SAT AMRIT \u2022 Zapre\u0161i\u0107","og_description":"Durch das Praktizieren von Kriyas und Meditationen aus dem Kundalini Yoga und Bewegungen aus dem Orientalischen Tanz bringen wir einen harmonischen Rhythmus in den Fluss unserer weiblichen Energie. Der weibliche K\u00f6rper und das Energiefeld sind eine Quelle der Sch\u00f6pfung. Die weibliche Energie verl\u00e4uft von Natur aus kreisf\u00f6rmig und ist vollst\u00e4ndig in sich selbst. F\u00fcr die [&hellip;]","og_url":"https:\/\/sat-amrit.com\/de\/zarte-staerke-der-frau\/","og_site_name":"Kundalini yoga - SAT AMRIT \u2022 Zapre\u0161i\u0107","article_modified_time":"2018-03-03T13:51:49+00:00","og_image":[{"url":"http:\/\/sat-amrit.com\/wp-content\/uploads\/2015\/01\/glava.jpg","type":"","width":"","height":""}],"twitter_card":"summary_large_image","twitter_misc":{"Gesch\u00e4tzte Lesezeit":"1\u00a0Minute"},"schema":{"@context":"https:\/\/schema.org","@graph":[{"@type":"WebPage","@id":"https:\/\/sat-amrit.com\/de\/zarte-staerke-der-frau\/","url":"https:\/\/sat-amrit.com\/de\/zarte-staerke-der-frau\/","name":"E-motion - Kundalini yoga - SAT AMRIT \u2022 Zapre\u0161i\u0107","isPartOf":{"@id":"https:\/\/sat-amrit.com\/#website"},"primaryImageOfPage":{"@id":"https:\/\/sat-amrit.com\/de\/zarte-staerke-der-frau\/#primaryimage"},"image":{"@id":"https:\/\/sat-amrit.com\/de\/zarte-staerke-der-frau\/#primaryimage"},"thumbnailUrl":"http:\/\/sat-amrit.com\/wp-content\/uploads\/2015\/01\/glava.jpg","datePublished":"2015-10-01T14:58:21+00:00","dateModified":"2018-03-03T13:51:49+00:00","breadcrumb":{"@id":"https:\/\/sat-amrit.com\/de\/zarte-staerke-der-frau\/#breadcrumb"},"inLanguage":"de","potentialAction":[{"@type":"ReadAction","target":["https:\/\/sat-amrit.com\/de\/zarte-staerke-der-frau\/"]}]},{"@type":"ImageObject","inLanguage":"de","@id":"https:\/\/sat-amrit.com\/de\/zarte-staerke-der-frau\/#primaryimage","url":"http:\/\/sat-amrit.com\/wp-content\/uploads\/2015\/01\/glava.jpg","contentUrl":"http:\/\/sat-amrit.com\/wp-content\/uploads\/2015\/01\/glava.jpg"},{"@type":"BreadcrumbList","@id":"https:\/\/sat-amrit.com\/de\/zarte-staerke-der-frau\/#breadcrumb","itemListElement":[{"@type":"ListItem","position":1,"name":"","item":"https:\/\/sat-amrit.com\/de\/"},{"@type":"ListItem","position":2,"name":"E-motion"}]},{"@type":"WebSite","@id":"https:\/\/sat-amrit.com\/#website","url":"https:\/\/sat-amrit.com\/","name":"Kundalini yoga - SAT AMRIT \u2022 Zapre\u0161i\u0107","description":"Kundalini yoga prema u\u010denju Yogi Bhajana","publisher":{"@id":"https:\/\/sat-amrit.com\/#organization"},"potentialAction":[{"@type":"SearchAction","target":{"@type":"EntryPoint","urlTemplate":"https:\/\/sat-amrit.com\/?s={search_term_string}"},"query-input":{"@type":"PropertyValueSpecification","valueRequired":true,"valueName":"search_term_string"}}],"inLanguage":"de"},{"@type":"Organization","@id":"https:\/\/sat-amrit.com\/#organization","name":"Sat Amrit j.d.o.o.","url":"https:\/\/sat-amrit.com\/","logo":{"@type":"ImageObject","inLanguage":"de","@id":"https:\/\/sat-amrit.com\/#\/schema\/logo\/image\/","url":"https:\/\/sat-amrit.com\/wp-content\/uploads\/2014\/12\/Yoga-Studio-Zapresic.jpg","contentUrl":"https:\/\/sat-amrit.com\/wp-content\/uploads\/2014\/12\/Yoga-Studio-Zapresic.jpg","width":930,"height":800,"caption":"Sat Amrit j.d.o.o."},"image":{"@id":"https:\/\/sat-amrit.com\/#\/schema\/logo\/image\/"}}]}},"_links":{"self":[{"href":"https:\/\/sat-amrit.com\/de\/wp-json\/wp\/v2\/pages\/557","targetHints":{"allow":["GET"]}}],"collection":[{"href":"https:\/\/sat-amrit.com\/de\/wp-json\/wp\/v2\/pages"}],"about":[{"href":"https:\/\/sat-amrit.com\/de\/wp-json\/wp\/v2\/types\/page"}],"author":[{"embeddable":true,"href":"https:\/\/sat-amrit.com\/de\/wp-json\/wp\/v2\/users\/3"}],"replies":[{"embeddable":true,"href":"https:\/\/sat-amrit.com\/de\/wp-json\/wp\/v2\/comments?post=557"}],"version-history":[{"count":3,"href":"https:\/\/sat-amrit.com\/de\/wp-json\/wp\/v2\/pages\/557\/revisions"}],"predecessor-version":[{"id":2277,"href":"https:\/\/sat-amrit.com\/de\/wp-json\/wp\/v2\/pages\/557\/revisions\/2277"}],"wp:attachment":[{"href":"https:\/\/sat-amrit.com\/de\/wp-json\/wp\/v2\/media?parent=557"}],"curies":[{"name":"wp","href":"https:\/\/api.w.org\/{rel}","templated":true}]}}