{"id":5817,"date":"2023-03-23T13:12:44","date_gmt":"2023-03-23T12:12:44","guid":{"rendered":"https:\/\/sat-amrit.com\/?page_id=5817"},"modified":"2023-03-23T13:13:45","modified_gmt":"2023-03-23T12:13:45","slug":"agb","status":"publish","type":"page","link":"https:\/\/sat-amrit.com\/de\/agb\/","title":{"rendered":"AGB"},"content":{"rendered":"<p><strong>OP\u0106E INFORMACIJE<\/strong><\/p>\n<p><span style=\"font-weight: 400;\">Uz svaki proizvod navodi se njegov naziv, kratak opis i cijena. Cijene su izra\u017eene u kn (HRK) i ne sadr\u017ee PDV. Cijene (ne)* uklju\u010duju tro\u0161kove dostave. Davatelj usluge dopu\u0161ta mogu\u0107nost da istaknuti podaci sadr\u017ee informacije koje imaju tipografske pogre\u0161ke, neto\u010dnosti ili propuste koji se mogu odnositi na opise proizvoda, cijene, promocije i ponude. Davatelj usluge zadr\u017eava pravo da ispravi takve pogre\u0161ke odnosno da promijeni ili a\u017eurira informacije o proizvodima sve do mogu\u0107nosti otkaza narud\u017ebe. Davatelj usluge ne jam\u010di da prikaz boje pojedinog proizvoda na ra\u010dunalnom monitoru Korisnika usluge odgovara stvarnoj boji tog proizvoda u stvarnosti. Cijene istaknute uz proizvod vrijede za elektronsku narud\u017ebu putem Interneta za sve Korisnike usluge u trenutku narud\u017ebe. Cijene i dostupnost podataka podlo\u017eni su promjenama u bilo koje vrijeme, bez prethodne najave i po vlastitom naho\u0111enju Davatelja usluge. U slu\u010daju da je cijena iz bilo kojeg razloga neto\u010dno istaknuta ili se je tijekom narud\u017ebe izmijenila, Davatelj usluge \u0107e:<\/span><\/p>\n<p><span style=\"font-weight: 400;\">a) obavijestiti Korisnika o novoj cijeni pri \u010demu Korisnik ima mogu\u0107nost promijeniti svoju narud\u017ebu, odustati od kupnje u cijelosti \/ djelomi\u010dno, ili potvrditi narud\u017ebu po novim cijenama, sve bez dodatnih tro\u0161kova<\/span><\/p>\n<p><span style=\"font-weight: 400;\">b) omogu\u0107iti Korisniku odustajanje od kupnje te istodobno izna\u0107i odgovaraju\u0107e rje\u0161enje u interesu obje strane.<\/span><\/p>\n<p><strong>NARUD\u017dBE<\/strong><\/p>\n<ul>\n<li style=\"font-weight: 400;\"><span style=\"font-weight: 400;\">Korisnik usluge naru\u010duje proizvod\/e popunjavanjem i slanjem elektronskog obrasca narud\u017ebe.<\/span><\/li>\n<li style=\"font-weight: 400;\"><span style=\"font-weight: 400;\">Korisnikom usluge se smatra svaka punoljetna osoba koja naru\u010di barem jedan proizvod, popuni tra\u017eene podatke i po\u0161alje narud\u017ebu.<\/span><\/li>\n<li style=\"font-weight: 400;\"><span style=\"font-weight: 400;\">Davatelj usluge Korisniku elektronskim putem dostavlja vremenski ograni\u010denu ponudu, te sve potrebne podatke pla\u0107anja. <\/span><\/li>\n<li style=\"font-weight: 400;\"><span style=\"font-weight: 400;\">Kupoprodajni ugovor smatra se sklopljenim u trenutku primitka uplate za naru\u010den(e) proizvod(e). <\/span><span style=\"font-weight: 400;\">Sastavni dio ugovora su i ovi Uvjeti kori\u0161tenja. Ugovor na daljinu je jednokratni ugovor koji se konzumira njegovim potpunim ispunjenjem.<\/span><\/li>\n<\/ul>\n<p><strong>PLA\u0106ANJE<\/strong><\/p>\n<p><span style=\"font-weight: 400;\">Naru\u010dene proizvode mo\u017eete platiti sljede\u0107im putem:<\/span><\/p>\n<ul>\n<li style=\"font-weight: 400;\"><span style=\"font-weight: 400;\">putem virmana ili op\u0107e uplatnice<\/span><\/li>\n<li style=\"font-weight: 400;\"><span style=\"font-weight: 400;\">internet bankarstvom<\/span><\/li>\n<\/ul>\n<p><strong>IZDAVANJE RA\u010cUNA<\/strong><span style=\"font-weight: 400;\"><br \/>\n<\/span><span style=\"font-weight: 400;\"><\/span><\/p>\n<p><span style=\"font-weight: 400;\">Korisniku usluge izdaje se ra\u010dun za obavljenu kupnju i \u0161alje na e-mail adresu Korisnika. <\/span><\/p>\n<p><span style=\"font-weight: 400;\"><\/span><strong>ISPORUKA PROIZVODA<\/strong><\/p>\n<p><span style=\"font-weight: 400;\">Rok dostave je 7, a najdu\u017ee 10 dana od dana primitka uplate. Taj rok mo\u017ee biti du\u017ei ovisno o uvjetima isporuke za posebna podru\u010dja u Republici Hrvatskoj (otoci).<\/span><\/p>\n<p><span style=\"font-weight: 400;\">Ukoliko Vam zbog neplaniranih okolnosti naru\u010deni proizvod ne mo\u017eemo isporu\u010diti u navedenom vremenu, kontaktirat \u0107emo Vas koriste\u0107i kontakt podatke koje ste naveli pri naru\u010divanju.<\/span><\/p>\n<p><span style=\"font-weight: 400;\">Korisnik usluge s tro\u0161kovima dostave za proizvode cijena kojih ne uklju\u010duje tro\u0161kove dostave upoznat je prilikom narud\u017ebe robe. Dostava se obavlja samo na podru\u010dju Republike Hrvatske.<\/span><\/p>\n<p><strong>PROBLEMI S DOSTAVOM<\/strong><\/p>\n<p><span style=\"font-weight: 400;\">Nakon \u0161to dostavlja\u010d (tvrtka koja vr\u0161i dostavu) zaprimi po\u0161iljku od strane Davatelja usluge, Davatelj usluge vi\u0161e nije odgovoran za daljnji tijek isporuke i eventualna ka\u0161njenja, te probleme koji mogu nastati u vezi daljnje manipulacije i isporuke robe.<\/span><\/p>\n<p><span style=\"font-weight: 400;\">Naru\u010deni proizvodi pakirani su na na\u010din da se uobi\u010dajenom manipulacijom u transportu\/dostavi ne o\u0161tete. <\/span><\/p>\n<p><span style=\"font-weight: 400;\">Korisnik usluge je du\u017ean prilikom preuzimanja pregledati pakiranje po\u0161iljke. <\/span><b>Ukoliko je po\u0161iljka o\u0161te\u0107ena<\/b><span style=\"font-weight: 400;\">, molimo da istu odbijete preuzeti i tra\u017eite da dostavlja\u010d sastavi zapisnik o o\u0161te\u0107enju. Po\u0161iljka \u0107e se vratiti nama, a Vi \u0107ete dobiti novu bez ikakve naknade.<\/span><\/p>\n<p><span style=\"font-weight: 400;\">Pri primitku po\u0161iljke provjera ispravnosti narud\u017ebe ovisi o Korisniku usluge.<\/span><\/p>\n<p><span style=\"font-weight: 400;\">U slu\u010daju da se po\u0161iljka izgubila ili da niste dobili po\u0161iljku u predvi\u0111enom roku odmah nas obavijestite na broj telefona <\/span><b>098\/171 0504 <\/b><span style=\"font-weight: 400;\">\u00a0kako bismo mogli rije\u0161iti nastalu situaciju.<\/span><\/p>\n<p><strong>POPUSTI I KUPONI S POPUSTIMA <\/strong><\/p>\n<p><span style=\"font-weight: 400;\">Davatelj usluge mo\u017ee odre\u0111enu robu iz asortimana prodavati u akciji uz popust ili uz kupone kojima Korisnik ostvaruje popust. Popust odnosno kupon za popust je jednokratan i mo\u017ee se iskoristiti samo prilikom jedne kupnje, osim ukoliko se u pojedinom slu\u010daju izri\u010dito ne navede druga\u010dije. U slu\u010daju vi\u0161ekratnog kori\u0161tenja kupona, Davatelj usluge ima pravo uskratiti valjanost takvog popusta. <\/span><\/p>\n<p><b><\/b><strong>REKLAMACIJE I PRAVO NA ODUSTAJANJE OD KUPNJE<\/strong><\/p>\n<p><span style=\"font-weight: 400;\"><\/span><span style=\"font-weight: 400;\">Svaki Korisnik usluge ima pravo na reklamaciju, ali i na odustajanje od kupnje bez navo\u0111enja razloga. <\/span><\/p>\n<p><strong>1. REKLAMACIJA<\/strong><\/p>\n<ul>\n<li style=\"font-weight: 400;\"><span style=\"font-weight: 400;\">Korisnik usluge ima pravo na reklamaciju u slu\u010daju materijalnog nedostatka predmeta kupnje (o\u0161te\u0107enje, nedovoljna koli\u010dina, pogre\u0161an proizvod i sl.).<\/span><\/li>\n<li style=\"font-weight: 400;\"><span style=\"font-weight: 400;\">Reklamacija se mo\u017ee podnijeti bez obzira da li proizvod na koji se garancija odnosi ima jamstvo. Reklamacija se mo\u017ee podnijeti u roku od <\/span><span style=\"font-weight: 400;\">7<\/span><span style=\"font-weight: 400;\"> dana od kada je Korisnik preuzeo proizvod. Prilikom reklamacije, Korisnik usluge u svojoj obavijesti du\u017ean je detaljno opisati o\u0161te\u0107enje, odnosno gre\u0161ku i Davatelju usluge omogu\u0107iti pregled robe za koju je ulo\u017eena reklamacija. U slu\u010daju da je gre\u0161ka\/o\u0161te\u0107enje nesporno, Davatelj usluge mora udovoljiti zahtjevu Korisnika.<\/span><\/li>\n<li style=\"font-weight: 400;\"><span style=\"font-weight: 400;\">Korisnik usluge mo\u017ee zahtijevati da Davatelj usluge zamijeni proizvod s drugim proizvodom iste vrste, kvalitete i koli\u010dine, zahtijevati sni\u017eenje cijene ili raskinuti ugovor.<\/span><\/li>\n<li style=\"font-weight: 400;\"><span style=\"font-weight: 400;\">Reklamacija se podnosi Davatelju usluge u roku od 7 dana od dana zaprimanja robe putem elektronske po\u0161te na <\/span><a href=\"mailto:kundaliniyoga@sat-amrit.com\"><span style=\"font-weight: 400;\">kundaliniyoga@sat-amrit.com<\/span><\/a><span style=\"font-weight: 400;\"> ili preporu\u010denom pisanom obavijesti\u00a0na adresu:\u00a0<\/span>Sat Amrit j.d.o.o., A.Mihanovi\u0107a 21, 10290 Zapre\u0161i\u0107.<\/li>\n<\/ul>\n<p><strong>2. PRAVO NA ODUSTAJANJE OD KUPNJE<\/strong><\/p>\n<p><span style=\"font-weight: 400;\">Korisnik usluge ima pravo odustati od naru\u010dene robe bez navo\u0111enja razloga u roku od 7 dana od dana preuzimanja robe.<\/span><\/p>\n<p><span style=\"font-weight: 400;\">Odustajanje od kupnje bez navo\u0111enja razloga nije mogu\u0107e ukoliko je Korisnik usluge proizvod djelomi\u010dno potro\u0161io\/koristio.<\/span><\/p>\n<p><span style=\"font-weight: 400;\">Obavijest o odustajanju od kupnje daje se elektronskom po\u0161tom u roku od 7 dana od dana zaprimanja proizvoda na adresu <\/span><a href=\"mailto:kundaliniyoga@sat-amrit.com\"><span style=\"font-weight: 400;\">kundaliniyoga@sat-amrit.com<\/span><\/a><span style=\"font-weight: 400;\"> ili preporu\u010denom pisanom obavijesti na adresu: <\/span><\/p>\n<p><span style=\"font-weight: 400;\">Sat Amrit j.d.o.o., A.Mihanovi\u0107a 21, 10290 Zapre\u0161i\u0107.<\/span><\/p>\n<p><span style=\"font-weight: 400;\">U slu\u010daju odustajanja, Korisnik usluge ne pla\u0107a nikakvu naknadu osim tro\u0161kova povrata proizvoda Davatelju usluge. Korisnik usluge u slu\u010daju odustajanja od kupnje, du\u017ean je robu, neo\u0161te\u0107enu u originalnoj ambala\u017ei i u zaprimljenoj koli\u010dini vratiti na adresu Davatelja usluge u roku od 14 dana od dana kada je obavijestio Davatelja usluge o odustajanju.<\/span><\/p>\n<p><span style=\"font-weight: 400;\">U slu\u010daju odustajanja od kupnje, Davatelj usluge vratit \u0107e Korisniku sav upla\u0107eni iznos za tu kupnju, najkasnije u roku od 14 radnih dana od zaprimanja robe, na ra\u010dun Korisnika koji je Davatelju dostavio sam Korisnik. <\/span><\/p>\n<p><span style=\"font-weight: 400;\">Tro\u0161ak povrata robe snosi Korisnik usluge koji se odlu\u010dio iskoristiti pravo na odustajanje od kupnje.<\/span><\/p>\n<p><span style=\"font-weight: 400;\"><\/span><span style=\"font-weight: 400;\">Korisnik usluge ne mo\u017ee vratiti <\/span><b>kori\u0161tene<\/b> <span style=\"font-weight: 400;\">proizvode koji se smatraju nepovratnim zbog higijenskih ili zdravstvenih razloga a to su:<\/span><\/p>\n<ul>\n<li style=\"font-weight: 400;\"><span style=\"font-weight: 400;\">Proizvodi za njegu ko\u017ee \/ tijela, \u0161minka, make-up kistovi i sl.<\/span><\/li>\n<\/ul>\n<p><span style=\"font-weight: 400;\">Adresa za povrat robe:<\/span><\/p>\n<p><b>Sat Amrit j.d.o.o., A.Mihanovi\u0107a 21, 10290 Zapre\u0161i\u0107<\/b><\/p>\n<p><strong>POVRAT ROBE<\/strong><\/p>\n<p><span style=\"font-weight: 400;\">Korisnik usluge mo\u017ee se predomisliti u pogledu izbora predmeta kupnje. Roba za koju je izvr\u0161en povrat, mora biti u originalnoj ambala\u017ei, \u00a0neo\u0161te\u0107ena i nekori\u0161tena.<\/span><\/p>\n<p><span style=\"font-weight: 400;\">Povrat novca za vra\u0107enu robu izvr\u0161it \u0107e se u roku od 14 radnih dana od dana zaprimanja robe. Tro\u0161kove povrata robe snosi Korisnik usluge. <\/span><\/p>\n<p><span style=\"font-weight: 400;\">U slu\u010daju da je proizvod koji je Korisniku isporu\u010den uni\u0161ten ili neupotrebljiv, potrebno je kontaktirati nas direktno na telefon ili e-mail: <\/span><a href=\"mailto:kundaliniyoga@sat-amrit.com\"><span style=\"font-weight: 400;\">kundaliniyoga@sat-amrit.com<\/span><\/a><span style=\"font-weight: 400;\"> i obavijestiti nas o uni\u0161tenom ili neupotrebljivom \u00a0proizvodu, a Sat Amrit mo\u017ee zahtijevati fotografiju kao dokaz na kojem se temelji zahtjev \/ reklamacija. <\/span><\/p>\n<p><span style=\"font-weight: 400;\">U slu\u010daju da je proizvod koji je Korisniku isporu\u010den uni\u0161ten ili neupotrebljiv, Korisnik ima pravo u roku od 14 dana izvr\u0161iti povrat takvih proizvoda nakon \u010dega \u0107e mu proizvod biti zamijenjen ili izvr\u0161en povrat upla\u0107enih sredstava za taj proizvod. Rok za povrat proizvoda u ovom slu\u010daju ra\u010duna se od dana nakon \u0161to je Korisnik zaprimio proizvod.<\/span><\/p>\n<p><span style=\"font-weight: 400;\">Ako imate dodatna pitanja, slobodno se obratite na <\/span><a href=\"mailto:kundaliniyoga@sat-amrit.com\"><span style=\"font-weight: 400;\">kundaliniyoga@sat-amrit.com<\/span><\/a><span style=\"font-weight: 400;\">\u00a0ili na broj telefona 098\/171 0504.<\/span><\/p>\n<p><b>Povrat robe molimo izvr\u0161iti u roku od <\/b><b>14 <\/b><b>dana od dana preuzimanja proizvoda na sljede\u0107u adresu<\/b><span style=\"font-weight: 400;\">: \u00a0 \u00a0 \u00a0 \u00a0 \u00a0 \u00a0 \u00a0 \u00a0 \u00a0 \u00a0 \u00a0 \u00a0 \u00a0 \u00a0 \u00a0 \u00a0 \u00a0 \u00a0 \u00a0 \u00a0 \u00a0 \u00a0 \u00a0 \u00a0 \u00a0 \u00a0 \u00a0<\/span><\/p>\n<p><span style=\"font-weight: 400;\">Sat Amrit j.d.o.o., A.Mihanovi\u0107a 21, 10290 Zapre\u0161i\u0107<\/span><\/p>\n<p><span style=\"font-weight: 400;\"><\/span><strong>PRAVNE INFORMACIJE<\/strong><\/p>\n<p><b>Izjava o za\u0161titi i prikupljanju osobnih podataka i njihovom kori\u0161tenju<\/b><\/p>\n<p><span style=\"font-weight: 400;\">Obvezujemo se da \u0107emo \u010duvati privatnost svih na\u0161ih korisnika. Prikupljamo samo nu\u017ene, osnovne podatke o korisnicima koji su nu\u017eni za narud\u017ebu\/pla\u0107anje\/dostavu na\u0161ih proizvoda. Svi se podaci o korisnicima strogo \u010duvaju. Jam\u010dimo da osobni podaci kupaca ne\u0107e biti dani na uvid i uporabu tre\u0107im osobama bez prethodnog izri\u010ditog i pisanog odobrenja kupca.<\/span><\/p>\n<p><span style=\"font-weight: 400;\">*Tro\u0161kovi dostave uklju\u010deni su u cijene proizvoda za koje je to izri\u010dito navedeno. Tro\u0161kovi dostave nisu uklju\u010deni u cijenu, ako to nije izri\u010dito navedeno.<\/span><\/p>\n","protected":false},"excerpt":{"rendered":"<p>OP\u0106E INFORMACIJE Uz svaki proizvod navodi se njegov naziv, kratak opis i cijena. Cijene su izra\u017eene u kn (HRK) i ne sadr\u017ee PDV. Cijene (ne)* uklju\u010duju tro\u0161kove dostave. Davatelj usluge dopu\u0161ta mogu\u0107nost da istaknuti podaci sadr\u017ee informacije koje imaju tipografske pogre\u0161ke, neto\u010dnosti ili propuste koji se mogu odnositi na opise proizvoda, cijene, promocije i ponude. [&hellip;]<\/p>\n","protected":false},"author":5,"featured_media":0,"parent":0,"menu_order":0,"comment_status":"closed","ping_status":"closed","template":"","meta":{"_acf_changed":false,"footnotes":""},"class_list":["post-5817","page","type-page","status-publish","hentry","post"],"acf":[],"yoast_head":"<!-- This site is optimized with the Yoast SEO plugin v26.6 - https:\/\/yoast.com\/wordpress\/plugins\/seo\/ -->\n<title>AGB - Kundalini yoga - SAT AMRIT \u2022 Zapre\u0161i\u0107<\/title>\n<meta name=\"robots\" content=\"index, follow, max-snippet:-1, max-image-preview:large, max-video-preview:-1\" \/>\n<link rel=\"canonical\" href=\"https:\/\/sat-amrit.com\/de\/agb\/\" \/>\n<meta property=\"og:locale\" content=\"de_DE\" \/>\n<meta property=\"og:type\" content=\"article\" \/>\n<meta property=\"og:title\" content=\"AGB - Kundalini yoga - SAT AMRIT \u2022 Zapre\u0161i\u0107\" \/>\n<meta property=\"og:description\" content=\"OP\u0106E INFORMACIJE Uz svaki proizvod navodi se njegov naziv, kratak opis i cijena. Cijene su izra\u017eene u kn (HRK) i ne sadr\u017ee PDV. Cijene (ne)* uklju\u010duju tro\u0161kove dostave. Davatelj usluge dopu\u0161ta mogu\u0107nost da istaknuti podaci sadr\u017ee informacije koje imaju tipografske pogre\u0161ke, neto\u010dnosti ili propuste koji se mogu odnositi na opise proizvoda, cijene, promocije i ponude. [&hellip;]\" \/>\n<meta property=\"og:url\" content=\"https:\/\/sat-amrit.com\/de\/agb\/\" \/>\n<meta property=\"og:site_name\" content=\"Kundalini yoga - SAT AMRIT \u2022 Zapre\u0161i\u0107\" \/>\n<meta property=\"article:modified_time\" content=\"2023-03-23T12:13:45+00:00\" \/>\n<meta name=\"twitter:card\" content=\"summary_large_image\" \/>\n<meta name=\"twitter:label1\" content=\"Gesch\u00e4tzte Lesezeit\" \/>\n\t<meta name=\"twitter:data1\" content=\"7\u00a0Minuten\" \/>\n<script type=\"application\/ld+json\" class=\"yoast-schema-graph\">{\"@context\":\"https:\/\/schema.org\",\"@graph\":[{\"@type\":\"WebPage\",\"@id\":\"https:\/\/sat-amrit.com\/de\/agb\/\",\"url\":\"https:\/\/sat-amrit.com\/de\/agb\/\",\"name\":\"AGB - Kundalini yoga - SAT AMRIT \u2022 Zapre\u0161i\u0107\",\"isPartOf\":{\"@id\":\"https:\/\/sat-amrit.com\/#website\"},\"datePublished\":\"2023-03-23T12:12:44+00:00\",\"dateModified\":\"2023-03-23T12:13:45+00:00\",\"breadcrumb\":{\"@id\":\"https:\/\/sat-amrit.com\/de\/agb\/#breadcrumb\"},\"inLanguage\":\"de\",\"potentialAction\":[{\"@type\":\"ReadAction\",\"target\":[\"https:\/\/sat-amrit.com\/de\/agb\/\"]}]},{\"@type\":\"BreadcrumbList\",\"@id\":\"https:\/\/sat-amrit.com\/de\/agb\/#breadcrumb\",\"itemListElement\":[{\"@type\":\"ListItem\",\"position\":1,\"name\":\"\",\"item\":\"https:\/\/sat-amrit.com\/de\/\"},{\"@type\":\"ListItem\",\"position\":2,\"name\":\"AGB\"}]},{\"@type\":\"WebSite\",\"@id\":\"https:\/\/sat-amrit.com\/#website\",\"url\":\"https:\/\/sat-amrit.com\/\",\"name\":\"Kundalini yoga - SAT AMRIT \u2022 Zapre\u0161i\u0107\",\"description\":\"Kundalini yoga prema u\u010denju Yogi Bhajana\",\"publisher\":{\"@id\":\"https:\/\/sat-amrit.com\/#organization\"},\"potentialAction\":[{\"@type\":\"SearchAction\",\"target\":{\"@type\":\"EntryPoint\",\"urlTemplate\":\"https:\/\/sat-amrit.com\/?s={search_term_string}\"},\"query-input\":{\"@type\":\"PropertyValueSpecification\",\"valueRequired\":true,\"valueName\":\"search_term_string\"}}],\"inLanguage\":\"de\"},{\"@type\":\"Organization\",\"@id\":\"https:\/\/sat-amrit.com\/#organization\",\"name\":\"Sat Amrit j.d.o.o.\",\"url\":\"https:\/\/sat-amrit.com\/\",\"logo\":{\"@type\":\"ImageObject\",\"inLanguage\":\"de\",\"@id\":\"https:\/\/sat-amrit.com\/#\/schema\/logo\/image\/\",\"url\":\"https:\/\/sat-amrit.com\/wp-content\/uploads\/2014\/12\/Yoga-Studio-Zapresic.jpg\",\"contentUrl\":\"https:\/\/sat-amrit.com\/wp-content\/uploads\/2014\/12\/Yoga-Studio-Zapresic.jpg\",\"width\":930,\"height\":800,\"caption\":\"Sat Amrit j.d.o.o.\"},\"image\":{\"@id\":\"https:\/\/sat-amrit.com\/#\/schema\/logo\/image\/\"}}]}<\/script>\n<!-- \/ Yoast SEO plugin. -->","yoast_head_json":{"title":"AGB - Kundalini yoga - SAT AMRIT \u2022 Zapre\u0161i\u0107","robots":{"index":"index","follow":"follow","max-snippet":"max-snippet:-1","max-image-preview":"max-image-preview:large","max-video-preview":"max-video-preview:-1"},"canonical":"https:\/\/sat-amrit.com\/de\/agb\/","og_locale":"de_DE","og_type":"article","og_title":"AGB - Kundalini yoga - SAT AMRIT \u2022 Zapre\u0161i\u0107","og_description":"OP\u0106E INFORMACIJE Uz svaki proizvod navodi se njegov naziv, kratak opis i cijena. Cijene su izra\u017eene u kn (HRK) i ne sadr\u017ee PDV. Cijene (ne)* uklju\u010duju tro\u0161kove dostave. Davatelj usluge dopu\u0161ta mogu\u0107nost da istaknuti podaci sadr\u017ee informacije koje imaju tipografske pogre\u0161ke, neto\u010dnosti ili propuste koji se mogu odnositi na opise proizvoda, cijene, promocije i ponude. [&hellip;]","og_url":"https:\/\/sat-amrit.com\/de\/agb\/","og_site_name":"Kundalini yoga - SAT AMRIT \u2022 Zapre\u0161i\u0107","article_modified_time":"2023-03-23T12:13:45+00:00","twitter_card":"summary_large_image","twitter_misc":{"Gesch\u00e4tzte Lesezeit":"7\u00a0Minuten"},"schema":{"@context":"https:\/\/schema.org","@graph":[{"@type":"WebPage","@id":"https:\/\/sat-amrit.com\/de\/agb\/","url":"https:\/\/sat-amrit.com\/de\/agb\/","name":"AGB - Kundalini yoga - SAT AMRIT \u2022 Zapre\u0161i\u0107","isPartOf":{"@id":"https:\/\/sat-amrit.com\/#website"},"datePublished":"2023-03-23T12:12:44+00:00","dateModified":"2023-03-23T12:13:45+00:00","breadcrumb":{"@id":"https:\/\/sat-amrit.com\/de\/agb\/#breadcrumb"},"inLanguage":"de","potentialAction":[{"@type":"ReadAction","target":["https:\/\/sat-amrit.com\/de\/agb\/"]}]},{"@type":"BreadcrumbList","@id":"https:\/\/sat-amrit.com\/de\/agb\/#breadcrumb","itemListElement":[{"@type":"ListItem","position":1,"name":"","item":"https:\/\/sat-amrit.com\/de\/"},{"@type":"ListItem","position":2,"name":"AGB"}]},{"@type":"WebSite","@id":"https:\/\/sat-amrit.com\/#website","url":"https:\/\/sat-amrit.com\/","name":"Kundalini yoga - SAT AMRIT \u2022 Zapre\u0161i\u0107","description":"Kundalini yoga prema u\u010denju Yogi Bhajana","publisher":{"@id":"https:\/\/sat-amrit.com\/#organization"},"potentialAction":[{"@type":"SearchAction","target":{"@type":"EntryPoint","urlTemplate":"https:\/\/sat-amrit.com\/?s={search_term_string}"},"query-input":{"@type":"PropertyValueSpecification","valueRequired":true,"valueName":"search_term_string"}}],"inLanguage":"de"},{"@type":"Organization","@id":"https:\/\/sat-amrit.com\/#organization","name":"Sat Amrit j.d.o.o.","url":"https:\/\/sat-amrit.com\/","logo":{"@type":"ImageObject","inLanguage":"de","@id":"https:\/\/sat-amrit.com\/#\/schema\/logo\/image\/","url":"https:\/\/sat-amrit.com\/wp-content\/uploads\/2014\/12\/Yoga-Studio-Zapresic.jpg","contentUrl":"https:\/\/sat-amrit.com\/wp-content\/uploads\/2014\/12\/Yoga-Studio-Zapresic.jpg","width":930,"height":800,"caption":"Sat Amrit j.d.o.o."},"image":{"@id":"https:\/\/sat-amrit.com\/#\/schema\/logo\/image\/"}}]}},"_links":{"self":[{"href":"https:\/\/sat-amrit.com\/de\/wp-json\/wp\/v2\/pages\/5817","targetHints":{"allow":["GET"]}}],"collection":[{"href":"https:\/\/sat-amrit.com\/de\/wp-json\/wp\/v2\/pages"}],"about":[{"href":"https:\/\/sat-amrit.com\/de\/wp-json\/wp\/v2\/types\/page"}],"author":[{"embeddable":true,"href":"https:\/\/sat-amrit.com\/de\/wp-json\/wp\/v2\/users\/5"}],"replies":[{"embeddable":true,"href":"https:\/\/sat-amrit.com\/de\/wp-json\/wp\/v2\/comments?post=5817"}],"version-history":[{"count":1,"href":"https:\/\/sat-amrit.com\/de\/wp-json\/wp\/v2\/pages\/5817\/revisions"}],"predecessor-version":[{"id":5818,"href":"https:\/\/sat-amrit.com\/de\/wp-json\/wp\/v2\/pages\/5817\/revisions\/5818"}],"wp:attachment":[{"href":"https:\/\/sat-amrit.com\/de\/wp-json\/wp\/v2\/media?parent=5817"}],"curies":[{"name":"wp","href":"https:\/\/api.w.org\/{rel}","templated":true}]}}