{"id":659,"date":"2015-10-09T14:14:48","date_gmt":"2015-10-09T14:14:48","guid":{"rendered":"http:\/\/www.sat-amrit.com\/de\/?page_id=659"},"modified":"2022-08-04T19:09:50","modified_gmt":"2022-08-04T17:09:50","slug":"lehrerausbildung","status":"publish","type":"page","link":"https:\/\/sat-amrit.com\/de\/lehrerausbildung\/","title":{"rendered":"Lehrerausbildung"},"content":{"rendered":"<p><strong><span><span style=\"color: #800000;\">KRI Level 1 Aquarian Teacher Training\u00a0 &#8211; Termine 2022.<\/span><br \/>\n<\/span><\/strong><\/p>\n<p><strong><span style=\"color: #000000;\">\u00a0<\/span><\/strong><\/p>\n<p><span><strong><span style=\"color: #000000;\">KROATIEN und SLOWENIEN<\/span><\/strong><br \/>\n<\/span><\/p>\n<p><span><strong><span style=\"color: #800000;\">1.modul<\/span> : <\/strong><\/span>31.3. \u2013 3.4.2022<\/p>\n<p><span><strong><span style=\"color: #800000;\">2.modul<\/span> : <\/strong><\/span>5.5. \u2013 8.5.2022<\/p>\n<p><span><strong><span style=\"color: #800000;\">3.modul<\/span> : <\/strong><\/span>15.6. \u2013 19.6.2022<\/p>\n<p><span><strong><span style=\"color: #800000;\">4.modul<\/span> : <\/strong><\/span>22.9. &#8211; 25.9.2022.<\/p>\n<p><span><strong><span style=\"color: #800000;\">5.modul<\/span> : <\/strong><\/span>12.10. &#8211; 16.10.2022.<\/p>\n<p><span style=\"color: #800000;\"><strong>PREIS:<\/strong><\/span><\/p>\n<p><span style=\"color: #800000;\">\u20ac 1300,00<\/span><br \/>\n<span style=\"color: #800000;\"><\/span>Die Zahlung ist in monatlichen Raten m\u00f6glich.<\/p>\n<p>Verpflegung und Unterkunft sowie Ankunfts- und Transportkosten sind nicht im Preis inbegriffen. Die Kosten f\u00fcr Verpflegung und Unterkunft\u00a0 sind ca. <span style=\"color: #800000;\">\u20ac<\/span> <span style=\"color: #800000;\">250,00<\/span> pro Modul.<\/p>\n<p><a href=\"http:\/\/sat-amrit.com\/wp-content\/uploads\/2015\/01\/razmak.jpg\" data-rel=\"lightbox-image-0\" data-rl_title=\"\" data-rl_caption=\"\" title=\"\"><img loading=\"lazy\" decoding=\"async\" class=\"aligncenter wp-image-159\" src=\"http:\/\/sat-amrit.com\/wp-content\/uploads\/2015\/01\/razmak.jpg\" alt=\"razmak\" width=\"732\" height=\"87\" srcset=\"https:\/\/sat-amrit.com\/wp-content\/uploads\/2015\/01\/razmak.jpg 715w, https:\/\/sat-amrit.com\/wp-content\/uploads\/2015\/01\/razmak-300x36.jpg 300w\" sizes=\"auto, (max-width: 732px) 100vw, 732px\" \/><\/a><\/p>\n<p><span>KRI Yoga Teacher Trainer:<\/span><br \/>\n<a href=\"http:\/\/amardas.at\/\">Nirmal Singh<\/a><\/p>\n<p><a href=\"https:\/\/sat-amrit.com\/en\/teacher-training\/\">Anmeldungen<\/a><\/p>\n<p><span>\u00a0<\/span><\/p>\n","protected":false},"excerpt":{"rendered":"<p>KRI Level 1 Aquarian Teacher Training\u00a0 &#8211; Termine 2022. \u00a0 KROATIEN und SLOWENIEN 1.modul : 31.3. \u2013 3.4.2022 2.modul : 5.5. \u2013 8.5.2022 3.modul : 15.6. \u2013 19.6.2022 4.modul : 22.9. &#8211; 25.9.2022. 5.modul : 12.10. &#8211; 16.10.2022. PREIS: \u20ac 1300,00 Die Zahlung ist in monatlichen Raten m\u00f6glich. Verpflegung und Unterkunft sowie Ankunfts- und Transportkosten [&hellip;]<\/p>\n","protected":false},"author":3,"featured_media":0,"parent":0,"menu_order":0,"comment_status":"closed","ping_status":"closed","template":"","meta":{"_acf_changed":false,"footnotes":""},"class_list":["post-659","page","type-page","status-publish","hentry","post"],"acf":[],"yoast_head":"<!-- This site is optimized with the Yoast SEO plugin v26.6 - https:\/\/yoast.com\/wordpress\/plugins\/seo\/ -->\n<title>Lehrerausbildung - Kundalini yoga - SAT AMRIT \u2022 Zapre\u0161i\u0107<\/title>\n<meta name=\"robots\" content=\"index, follow, max-snippet:-1, max-image-preview:large, max-video-preview:-1\" \/>\n<link rel=\"canonical\" href=\"https:\/\/sat-amrit.com\/de\/lehrerausbildung\/\" \/>\n<meta property=\"og:locale\" content=\"de_DE\" \/>\n<meta property=\"og:type\" content=\"article\" \/>\n<meta property=\"og:title\" content=\"Lehrerausbildung - Kundalini yoga - SAT AMRIT \u2022 Zapre\u0161i\u0107\" \/>\n<meta property=\"og:description\" content=\"KRI Level 1 Aquarian Teacher Training\u00a0 &#8211; Termine 2022. \u00a0 KROATIEN und SLOWENIEN 1.modul : 31.3. \u2013 3.4.2022 2.modul : 5.5. \u2013 8.5.2022 3.modul : 15.6. \u2013 19.6.2022 4.modul : 22.9. &#8211; 25.9.2022. 5.modul : 12.10. &#8211; 16.10.2022. PREIS: \u20ac 1300,00 Die Zahlung ist in monatlichen Raten m\u00f6glich. Verpflegung und Unterkunft sowie Ankunfts- und Transportkosten [&hellip;]\" \/>\n<meta property=\"og:url\" content=\"https:\/\/sat-amrit.com\/de\/lehrerausbildung\/\" \/>\n<meta property=\"og:site_name\" content=\"Kundalini yoga - SAT AMRIT \u2022 Zapre\u0161i\u0107\" \/>\n<meta property=\"article:modified_time\" content=\"2022-08-04T17:09:50+00:00\" \/>\n<meta property=\"og:image\" content=\"http:\/\/sat-amrit.com\/wp-content\/uploads\/2015\/01\/razmak.jpg\" \/>\n<meta name=\"twitter:card\" content=\"summary_large_image\" \/>\n<meta name=\"twitter:label1\" content=\"Gesch\u00e4tzte Lesezeit\" \/>\n\t<meta name=\"twitter:data1\" content=\"1\u00a0Minute\" \/>\n<script type=\"application\/ld+json\" class=\"yoast-schema-graph\">{\"@context\":\"https:\/\/schema.org\",\"@graph\":[{\"@type\":\"WebPage\",\"@id\":\"https:\/\/sat-amrit.com\/de\/lehrerausbildung\/\",\"url\":\"https:\/\/sat-amrit.com\/de\/lehrerausbildung\/\",\"name\":\"Lehrerausbildung - Kundalini yoga - SAT AMRIT \u2022 Zapre\u0161i\u0107\",\"isPartOf\":{\"@id\":\"https:\/\/sat-amrit.com\/#website\"},\"primaryImageOfPage\":{\"@id\":\"https:\/\/sat-amrit.com\/de\/lehrerausbildung\/#primaryimage\"},\"image\":{\"@id\":\"https:\/\/sat-amrit.com\/de\/lehrerausbildung\/#primaryimage\"},\"thumbnailUrl\":\"http:\/\/sat-amrit.com\/wp-content\/uploads\/2015\/01\/razmak.jpg\",\"datePublished\":\"2015-10-09T14:14:48+00:00\",\"dateModified\":\"2022-08-04T17:09:50+00:00\",\"breadcrumb\":{\"@id\":\"https:\/\/sat-amrit.com\/de\/lehrerausbildung\/#breadcrumb\"},\"inLanguage\":\"de\",\"potentialAction\":[{\"@type\":\"ReadAction\",\"target\":[\"https:\/\/sat-amrit.com\/de\/lehrerausbildung\/\"]}]},{\"@type\":\"ImageObject\",\"inLanguage\":\"de\",\"@id\":\"https:\/\/sat-amrit.com\/de\/lehrerausbildung\/#primaryimage\",\"url\":\"http:\/\/sat-amrit.com\/wp-content\/uploads\/2015\/01\/razmak.jpg\",\"contentUrl\":\"http:\/\/sat-amrit.com\/wp-content\/uploads\/2015\/01\/razmak.jpg\"},{\"@type\":\"BreadcrumbList\",\"@id\":\"https:\/\/sat-amrit.com\/de\/lehrerausbildung\/#breadcrumb\",\"itemListElement\":[{\"@type\":\"ListItem\",\"position\":1,\"name\":\"\",\"item\":\"https:\/\/sat-amrit.com\/de\/\"},{\"@type\":\"ListItem\",\"position\":2,\"name\":\"Lehrerausbildung\"}]},{\"@type\":\"WebSite\",\"@id\":\"https:\/\/sat-amrit.com\/#website\",\"url\":\"https:\/\/sat-amrit.com\/\",\"name\":\"Kundalini yoga - SAT AMRIT \u2022 Zapre\u0161i\u0107\",\"description\":\"Kundalini yoga prema u\u010denju Yogi Bhajana\",\"publisher\":{\"@id\":\"https:\/\/sat-amrit.com\/#organization\"},\"potentialAction\":[{\"@type\":\"SearchAction\",\"target\":{\"@type\":\"EntryPoint\",\"urlTemplate\":\"https:\/\/sat-amrit.com\/?s={search_term_string}\"},\"query-input\":{\"@type\":\"PropertyValueSpecification\",\"valueRequired\":true,\"valueName\":\"search_term_string\"}}],\"inLanguage\":\"de\"},{\"@type\":\"Organization\",\"@id\":\"https:\/\/sat-amrit.com\/#organization\",\"name\":\"Sat Amrit j.d.o.o.\",\"url\":\"https:\/\/sat-amrit.com\/\",\"logo\":{\"@type\":\"ImageObject\",\"inLanguage\":\"de\",\"@id\":\"https:\/\/sat-amrit.com\/#\/schema\/logo\/image\/\",\"url\":\"https:\/\/sat-amrit.com\/wp-content\/uploads\/2014\/12\/Yoga-Studio-Zapresic.jpg\",\"contentUrl\":\"https:\/\/sat-amrit.com\/wp-content\/uploads\/2014\/12\/Yoga-Studio-Zapresic.jpg\",\"width\":930,\"height\":800,\"caption\":\"Sat Amrit j.d.o.o.\"},\"image\":{\"@id\":\"https:\/\/sat-amrit.com\/#\/schema\/logo\/image\/\"}}]}<\/script>\n<!-- \/ Yoast SEO plugin. -->","yoast_head_json":{"title":"Lehrerausbildung - Kundalini yoga - SAT AMRIT \u2022 Zapre\u0161i\u0107","robots":{"index":"index","follow":"follow","max-snippet":"max-snippet:-1","max-image-preview":"max-image-preview:large","max-video-preview":"max-video-preview:-1"},"canonical":"https:\/\/sat-amrit.com\/de\/lehrerausbildung\/","og_locale":"de_DE","og_type":"article","og_title":"Lehrerausbildung - Kundalini yoga - SAT AMRIT \u2022 Zapre\u0161i\u0107","og_description":"KRI Level 1 Aquarian Teacher Training\u00a0 &#8211; Termine 2022. \u00a0 KROATIEN und SLOWENIEN 1.modul : 31.3. \u2013 3.4.2022 2.modul : 5.5. \u2013 8.5.2022 3.modul : 15.6. \u2013 19.6.2022 4.modul : 22.9. &#8211; 25.9.2022. 5.modul : 12.10. &#8211; 16.10.2022. PREIS: \u20ac 1300,00 Die Zahlung ist in monatlichen Raten m\u00f6glich. Verpflegung und Unterkunft sowie Ankunfts- und Transportkosten [&hellip;]","og_url":"https:\/\/sat-amrit.com\/de\/lehrerausbildung\/","og_site_name":"Kundalini yoga - SAT AMRIT \u2022 Zapre\u0161i\u0107","article_modified_time":"2022-08-04T17:09:50+00:00","og_image":[{"url":"http:\/\/sat-amrit.com\/wp-content\/uploads\/2015\/01\/razmak.jpg","type":"","width":"","height":""}],"twitter_card":"summary_large_image","twitter_misc":{"Gesch\u00e4tzte Lesezeit":"1\u00a0Minute"},"schema":{"@context":"https:\/\/schema.org","@graph":[{"@type":"WebPage","@id":"https:\/\/sat-amrit.com\/de\/lehrerausbildung\/","url":"https:\/\/sat-amrit.com\/de\/lehrerausbildung\/","name":"Lehrerausbildung - Kundalini yoga - SAT AMRIT \u2022 Zapre\u0161i\u0107","isPartOf":{"@id":"https:\/\/sat-amrit.com\/#website"},"primaryImageOfPage":{"@id":"https:\/\/sat-amrit.com\/de\/lehrerausbildung\/#primaryimage"},"image":{"@id":"https:\/\/sat-amrit.com\/de\/lehrerausbildung\/#primaryimage"},"thumbnailUrl":"http:\/\/sat-amrit.com\/wp-content\/uploads\/2015\/01\/razmak.jpg","datePublished":"2015-10-09T14:14:48+00:00","dateModified":"2022-08-04T17:09:50+00:00","breadcrumb":{"@id":"https:\/\/sat-amrit.com\/de\/lehrerausbildung\/#breadcrumb"},"inLanguage":"de","potentialAction":[{"@type":"ReadAction","target":["https:\/\/sat-amrit.com\/de\/lehrerausbildung\/"]}]},{"@type":"ImageObject","inLanguage":"de","@id":"https:\/\/sat-amrit.com\/de\/lehrerausbildung\/#primaryimage","url":"http:\/\/sat-amrit.com\/wp-content\/uploads\/2015\/01\/razmak.jpg","contentUrl":"http:\/\/sat-amrit.com\/wp-content\/uploads\/2015\/01\/razmak.jpg"},{"@type":"BreadcrumbList","@id":"https:\/\/sat-amrit.com\/de\/lehrerausbildung\/#breadcrumb","itemListElement":[{"@type":"ListItem","position":1,"name":"","item":"https:\/\/sat-amrit.com\/de\/"},{"@type":"ListItem","position":2,"name":"Lehrerausbildung"}]},{"@type":"WebSite","@id":"https:\/\/sat-amrit.com\/#website","url":"https:\/\/sat-amrit.com\/","name":"Kundalini yoga - SAT AMRIT \u2022 Zapre\u0161i\u0107","description":"Kundalini yoga prema u\u010denju Yogi Bhajana","publisher":{"@id":"https:\/\/sat-amrit.com\/#organization"},"potentialAction":[{"@type":"SearchAction","target":{"@type":"EntryPoint","urlTemplate":"https:\/\/sat-amrit.com\/?s={search_term_string}"},"query-input":{"@type":"PropertyValueSpecification","valueRequired":true,"valueName":"search_term_string"}}],"inLanguage":"de"},{"@type":"Organization","@id":"https:\/\/sat-amrit.com\/#organization","name":"Sat Amrit j.d.o.o.","url":"https:\/\/sat-amrit.com\/","logo":{"@type":"ImageObject","inLanguage":"de","@id":"https:\/\/sat-amrit.com\/#\/schema\/logo\/image\/","url":"https:\/\/sat-amrit.com\/wp-content\/uploads\/2014\/12\/Yoga-Studio-Zapresic.jpg","contentUrl":"https:\/\/sat-amrit.com\/wp-content\/uploads\/2014\/12\/Yoga-Studio-Zapresic.jpg","width":930,"height":800,"caption":"Sat Amrit j.d.o.o."},"image":{"@id":"https:\/\/sat-amrit.com\/#\/schema\/logo\/image\/"}}]}},"_links":{"self":[{"href":"https:\/\/sat-amrit.com\/de\/wp-json\/wp\/v2\/pages\/659","targetHints":{"allow":["GET"]}}],"collection":[{"href":"https:\/\/sat-amrit.com\/de\/wp-json\/wp\/v2\/pages"}],"about":[{"href":"https:\/\/sat-amrit.com\/de\/wp-json\/wp\/v2\/types\/page"}],"author":[{"embeddable":true,"href":"https:\/\/sat-amrit.com\/de\/wp-json\/wp\/v2\/users\/3"}],"replies":[{"embeddable":true,"href":"https:\/\/sat-amrit.com\/de\/wp-json\/wp\/v2\/comments?post=659"}],"version-history":[{"count":9,"href":"https:\/\/sat-amrit.com\/de\/wp-json\/wp\/v2\/pages\/659\/revisions"}],"predecessor-version":[{"id":5026,"href":"https:\/\/sat-amrit.com\/de\/wp-json\/wp\/v2\/pages\/659\/revisions\/5026"}],"wp:attachment":[{"href":"https:\/\/sat-amrit.com\/de\/wp-json\/wp\/v2\/media?parent=659"}],"curies":[{"name":"wp","href":"https:\/\/api.w.org\/{rel}","templated":true}]}}