{"id":1028,"date":"2016-07-04T15:40:46","date_gmt":"2016-07-04T13:40:46","guid":{"rendered":"https:\/\/www.sat-amrit.com\/en\/?page_id=1028"},"modified":"2017-07-13T12:13:29","modified_gmt":"2017-07-13T10:13:29","slug":"breathwalk","status":"publish","type":"page","link":"https:\/\/sat-amrit.com\/en\/breathwalk\/","title":{"rendered":"Breathwalk"},"content":{"rendered":"<p style=\"text-align: center;\"><img loading=\"lazy\" decoding=\"async\" class=\"size-medium wp-image-1019 alignright\" src=\"http:\/\/sat-amrit.com\/wp-content\/uploads\/2016\/06\/breathwalk-foto-300x200.jpg\" alt=\"breathwalk foto\" width=\"300\" height=\"200\" srcset=\"https:\/\/sat-amrit.com\/wp-content\/uploads\/2016\/06\/breathwalk-foto-300x200.jpg 300w, https:\/\/sat-amrit.com\/wp-content\/uploads\/2016\/06\/breathwalk-foto-768x512.jpg 768w, https:\/\/sat-amrit.com\/wp-content\/uploads\/2016\/06\/breathwalk-foto-1024x682.jpg 1024w, https:\/\/sat-amrit.com\/wp-content\/uploads\/2016\/06\/breathwalk-foto-272x182.jpg 272w, https:\/\/sat-amrit.com\/wp-content\/uploads\/2016\/06\/breathwalk-foto.jpg 2000w\" sizes=\"auto, (max-width: 300px) 100vw, 300px\" \/>A lot more &#8230;<\/p>\n<p>if you don&#8217;t mind waking up early in the morning, meeting new people, going for a Breathwalk from Zarok to Jablanova Beach, doing Kundalini yoga as taught by Yogi Bhajan under the blue skies of the island of Krk, meditating and breathing fresh sea air, taking a bath, having fun, talking and enjoying a refreshing drink on the way back&#8230;<\/p>\n<p>Take a towel (or a mat) and a bottle of water and join us any day from Monday to Friday\u00a0from\u00a06:00 am\u00a0&#8211; 9:00 am in the period from 25th July to 12th August 2016 in Ba\u0161ka on the island of Krk. No previous knowledge required.<\/p>\n<p>Breathwalk is a science and an art that combines breath, movement and concentration. It is based on the teachings of Yogi Bhajan who opened up a vast treasure of knowledge and techniques to the Western hemisphere during the second half of the previous century starting at the end of the sixties.<\/p>\n<p>There has been scientific research on the effects of Breathwalk on the human body and mind. Breathwalk is an effective technique to balance body and mind on the basis of breath and movement synchronization. You can experience the technique of Breathwalk and Kundalini Yoga in a unique way, at a unique time and on a unique place.<\/p>\n<p>Maximum number of participants per group: 10. Register either by filling in the registration form below or for further questions call +385 98 171 0504 (Cornelia).<\/p>\n<p style=\"text-align: left;\">Pricing: 15,00 Eur<\/p>\n<div style=\"display:none\" class=\"fm-form-container fm-theme10\"><div id=\"fm-pages15\" class=\"fm-pages wdform_page_navigation \" show_title=\"false\" show_numbers=\"true\" type=\"none\"><\/div><form name=\"form15\" action=\"\/en\/wp-json\/wp\/v2\/pages\/1028\" method=\"post\" id=\"form15\" class=\"fm-form form15  \" enctype=\"multipart\/form-data\"><input type=\"hidden\" id=\"fm_page_id15\" value=\"1028\" name=\"fm_page_id15\" \/><input type=\"hidden\" id=\"fm_current_post_type15\" value=\"page\" name=\"fm_current_post_type15\" \/><input type=\"hidden\" id=\"counter15\" value=\"9\" name=\"counter15\" \/><input type=\"hidden\" id=\"Itemid15\" value=\"\" name=\"Itemid15\" \/><input type=\"hidden\" id=\"fm_shake15\" value=\"1\" name=\"fm_shake15\" \/><input type=\"text\" class=\"fm-hide\" id=\"fm_empty_field_validation15\" value=\"\" name=\"fm_empty_field_validation15\" data-value=\"bd736efb144d599cf463541431fbf5c4\" \/><div class=\"wdform-page-and-images\" style=\"display:table; border-top:0px solid black;\"><div id=\"15form_view1\" class=\"wdform_page\" page_title=\"Untitled page\" next_title=\"Next\" next_type=\"text\" next_class=\"wdform-page-button\" next_checkable=\"false\" previous_title=\"Previous\" previous_type=\"text\" previous_class=\"wdform-page-button\" previous_checkable=\"false\"><div class=\"wdform_section\"><div class=\"wdform_column \"><div wdid=\"7\" class=\"wdform_row \"><div type=\"type_text\" class=\"wdform-field wd-width-100 wd-flex wd-flex-row fm-type_text\" ><div class=\"wdform-label-section wd-width-30  wd-flex-row wd-align-items-center\" style=\"max-width: 100px;\">    <label  for=\"wdform_7_element15\" class=\"wdform-label\">Name:<\/label><span class=\"wdform-required\">*<\/span><\/div><div class=\"wdform-element-section wd-flex  wd-flex-row wd-align-items-center wd-width-70\" style=\"max-width: 200px;\"><input type=\"text\"                           class=\"wd-width-100\"                           id=\"wdform_7_element15\"                           name=\"wdform_7_element15\"                           value=\"\"                           data-value=\"\"                           title=\"\"                           placeholder=\"\"                                                       \/><\/div><\/div><\/div><div wdid=\"2\" class=\"wdform_row \"><div type=\"type_submitter_mail\" class=\"wdform-field wd-width-100 wd-flex wd-flex-row fm-type_submitter_mail\" ><div class=\"wdform-label-section wd-width-30  wd-flex-row\" style=\"max-width: 100px;\">    <label  for=\"wdform_2_element15\" class=\"wdform-label\">E-mail:<\/label><span class=\"wdform-required\">*<\/span><\/div><div class=\"wdform-element-section wd-flex  wd-flex-row wd-width-70\" style=\"max-width: 200px;\"><input type=\"text\" class=\"wd-width-100\" id=\"wdform_2_element15\" name=\"wdform_2_element15\" data-value=\"\" value=\"\" title=\"\" placeholder=\"\"   onchange=\"wd_check_email('2', '15', 'This is not a valid email address.')\" \/><\/div><\/div><\/div><div wdid=\"8\" class=\"wdform_row \"><div type=\"type_text\" class=\"wdform-field wd-width-100 wd-flex wd-flex-row fm-type_text\" ><div class=\"wdform-label-section wd-width-30  wd-flex-row wd-align-items-center\" style=\"max-width: 100px;\">    <label  for=\"wdform_8_element15\" class=\"wdform-label\">Telephone Number:<\/label><\/div><div class=\"wdform-element-section wd-flex  wd-flex-row wd-align-items-center wd-width-70\" style=\"max-width: 200px;\"><input type=\"text\"                           class=\"wd-width-100\"                           id=\"wdform_8_element15\"                           name=\"wdform_8_element15\"                           value=\"\"                           data-value=\"\"                           title=\"\"                           placeholder=\"\"                                                       \/><\/div><\/div><\/div><div wdid=\"4\" class=\"wdform_row \"><div type=\"type_textarea\" class=\"wdform-field wd-width-100 wd-flex wd-flex-row fm-type_textarea\" ><div class=\"wdform-label-section wd-width-30 \" style=\"max-width: 100px;\">    <label  for=\"wdform_4_element15\" class=\"wdform-label\">Question \/ Comment:<\/label><span class=\"wdform-required\">*<\/span><\/div><div class=\"wdform-element-section wd-flex  wd-width-70\" style=\"max-width: 200px;\"><textarea class=\"wd-width-100\"                      id=\"wdform_4_element15\"                      name=\"wdform_4_element15\"                      placeholder=\"\"                      data-value=\"\"                      maxlength=\"\"                      style=\"height: 100px;\"                      ><\/textarea><\/div><\/div><\/div><div wdid=\"5\" class=\"wdform_row \"><div type=\"type_submit_reset\" class=\"wdform-field wd-width-100 wd-flex wd-flex-column fm-type_submit_reset\" ><div class=\"wdform-element-section wd-flex  wd-flex-row wd-width-100\" ><button  type=\"button\" class=\"button-submit\" onclick=\"fm_submit_form('15');\"  data-ajax=\"0\"><span class=\"fm-submit-loading spinner fm-ico-spinner\"><\/span>Send<\/button><button  type=\"button\" class=\"button-reset wd-hidden\" onclick=\"fm_reset_form(15);\" >Reset<\/button><\/div><\/div><\/div><\/div><\/div><div valign=\"top\" class=\"wdform_footer\" style=\"width: 100%;\"><div style=\"width: 100%;\"><div style=\"width: 100%; display: table;\"><div style=\"display: table-row-group;\"><div id=\"15page_nav1\" style=\"display: table-row;\"><\/div><\/div><\/div><\/div><\/div><\/div><\/div><div class=\"wdform_preload\"><\/div><input type=\"hidden\" name=\"fm-current-page\" value=\"https:\/\/sat-amrit.com\/en\/wp-json\/wp\/v2\/pages\/1028\" \/><\/form><\/div>\n","protected":false},"excerpt":{"rendered":"<p>A lot more &#8230; if you don&#8217;t mind waking up early in the morning, meeting new people, going for a Breathwalk from Zarok to Jablanova Beach, doing Kundalini yoga as taught by Yogi Bhajan under the blue skies of the island of Krk, meditating and breathing fresh sea air, taking a bath, having fun, talking [&hellip;]<\/p>\n","protected":false},"author":3,"featured_media":0,"parent":0,"menu_order":0,"comment_status":"closed","ping_status":"closed","template":"","meta":{"_acf_changed":false,"footnotes":""},"class_list":["post-1028","page","type-page","status-publish","hentry","post"],"acf":[],"yoast_head":"<!-- This site is optimized with the Yoast SEO plugin v26.6 - https:\/\/yoast.com\/wordpress\/plugins\/seo\/ -->\n<title>Breathwalk - Kundalini yoga - SAT AMRIT \u2022 Zapre\u0161i\u0107<\/title>\n<meta name=\"robots\" content=\"index, follow, max-snippet:-1, max-image-preview:large, max-video-preview:-1\" \/>\n<link rel=\"canonical\" href=\"https:\/\/sat-amrit.com\/en\/breathwalk\/\" \/>\n<meta property=\"og:locale\" content=\"en_US\" \/>\n<meta property=\"og:type\" content=\"article\" \/>\n<meta property=\"og:title\" content=\"Breathwalk - Kundalini yoga - SAT AMRIT \u2022 Zapre\u0161i\u0107\" \/>\n<meta property=\"og:description\" content=\"A lot more &#8230; if you don&#8217;t mind waking up early in the morning, meeting new people, going for a Breathwalk from Zarok to Jablanova Beach, doing Kundalini yoga as taught by Yogi Bhajan under the blue skies of the island of Krk, meditating and breathing fresh sea air, taking a bath, having fun, talking [&hellip;]\" \/>\n<meta property=\"og:url\" content=\"https:\/\/sat-amrit.com\/en\/breathwalk\/\" \/>\n<meta property=\"og:site_name\" content=\"Kundalini yoga - SAT AMRIT \u2022 Zapre\u0161i\u0107\" \/>\n<meta property=\"article:modified_time\" content=\"2017-07-13T10:13:29+00:00\" \/>\n<meta property=\"og:image\" content=\"http:\/\/sat-amrit.com\/wp-content\/uploads\/2016\/06\/breathwalk-foto-300x200.jpg\" \/>\n<meta name=\"twitter:card\" content=\"summary_large_image\" \/>\n<meta name=\"twitter:label1\" content=\"Est. reading time\" \/>\n\t<meta name=\"twitter:data1\" content=\"1 minute\" \/>\n<script type=\"application\/ld+json\" class=\"yoast-schema-graph\">{\"@context\":\"https:\/\/schema.org\",\"@graph\":[{\"@type\":\"WebPage\",\"@id\":\"https:\/\/sat-amrit.com\/en\/breathwalk\/\",\"url\":\"https:\/\/sat-amrit.com\/en\/breathwalk\/\",\"name\":\"Breathwalk - Kundalini yoga - SAT AMRIT \u2022 Zapre\u0161i\u0107\",\"isPartOf\":{\"@id\":\"https:\/\/sat-amrit.com\/#website\"},\"primaryImageOfPage\":{\"@id\":\"https:\/\/sat-amrit.com\/en\/breathwalk\/#primaryimage\"},\"image\":{\"@id\":\"https:\/\/sat-amrit.com\/en\/breathwalk\/#primaryimage\"},\"thumbnailUrl\":\"http:\/\/sat-amrit.com\/wp-content\/uploads\/2016\/06\/breathwalk-foto-300x200.jpg\",\"datePublished\":\"2016-07-04T13:40:46+00:00\",\"dateModified\":\"2017-07-13T10:13:29+00:00\",\"breadcrumb\":{\"@id\":\"https:\/\/sat-amrit.com\/en\/breathwalk\/#breadcrumb\"},\"inLanguage\":\"en-US\",\"potentialAction\":[{\"@type\":\"ReadAction\",\"target\":[\"https:\/\/sat-amrit.com\/en\/breathwalk\/\"]}]},{\"@type\":\"ImageObject\",\"inLanguage\":\"en-US\",\"@id\":\"https:\/\/sat-amrit.com\/en\/breathwalk\/#primaryimage\",\"url\":\"http:\/\/sat-amrit.com\/wp-content\/uploads\/2016\/06\/breathwalk-foto-300x200.jpg\",\"contentUrl\":\"http:\/\/sat-amrit.com\/wp-content\/uploads\/2016\/06\/breathwalk-foto-300x200.jpg\"},{\"@type\":\"BreadcrumbList\",\"@id\":\"https:\/\/sat-amrit.com\/en\/breathwalk\/#breadcrumb\",\"itemListElement\":[{\"@type\":\"ListItem\",\"position\":1,\"name\":\"\",\"item\":\"https:\/\/sat-amrit.com\/en\/\"},{\"@type\":\"ListItem\",\"position\":2,\"name\":\"Breathwalk\"}]},{\"@type\":\"WebSite\",\"@id\":\"https:\/\/sat-amrit.com\/#website\",\"url\":\"https:\/\/sat-amrit.com\/\",\"name\":\"Kundalini yoga - SAT AMRIT \u2022 Zapre\u0161i\u0107\",\"description\":\"Kundalini yoga prema u\u010denju Yogi Bhajana\",\"publisher\":{\"@id\":\"https:\/\/sat-amrit.com\/#organization\"},\"potentialAction\":[{\"@type\":\"SearchAction\",\"target\":{\"@type\":\"EntryPoint\",\"urlTemplate\":\"https:\/\/sat-amrit.com\/?s={search_term_string}\"},\"query-input\":{\"@type\":\"PropertyValueSpecification\",\"valueRequired\":true,\"valueName\":\"search_term_string\"}}],\"inLanguage\":\"en-US\"},{\"@type\":\"Organization\",\"@id\":\"https:\/\/sat-amrit.com\/#organization\",\"name\":\"Sat Amrit j.d.o.o.\",\"url\":\"https:\/\/sat-amrit.com\/\",\"logo\":{\"@type\":\"ImageObject\",\"inLanguage\":\"en-US\",\"@id\":\"https:\/\/sat-amrit.com\/#\/schema\/logo\/image\/\",\"url\":\"https:\/\/sat-amrit.com\/wp-content\/uploads\/2014\/12\/Yoga-Studio-Zapresic.jpg\",\"contentUrl\":\"https:\/\/sat-amrit.com\/wp-content\/uploads\/2014\/12\/Yoga-Studio-Zapresic.jpg\",\"width\":930,\"height\":800,\"caption\":\"Sat Amrit j.d.o.o.\"},\"image\":{\"@id\":\"https:\/\/sat-amrit.com\/#\/schema\/logo\/image\/\"}}]}<\/script>\n<!-- \/ Yoast SEO plugin. -->","yoast_head_json":{"title":"Breathwalk - Kundalini yoga - SAT AMRIT \u2022 Zapre\u0161i\u0107","robots":{"index":"index","follow":"follow","max-snippet":"max-snippet:-1","max-image-preview":"max-image-preview:large","max-video-preview":"max-video-preview:-1"},"canonical":"https:\/\/sat-amrit.com\/en\/breathwalk\/","og_locale":"en_US","og_type":"article","og_title":"Breathwalk - Kundalini yoga - SAT AMRIT \u2022 Zapre\u0161i\u0107","og_description":"A lot more &#8230; if you don&#8217;t mind waking up early in the morning, meeting new people, going for a Breathwalk from Zarok to Jablanova Beach, doing Kundalini yoga as taught by Yogi Bhajan under the blue skies of the island of Krk, meditating and breathing fresh sea air, taking a bath, having fun, talking [&hellip;]","og_url":"https:\/\/sat-amrit.com\/en\/breathwalk\/","og_site_name":"Kundalini yoga - SAT AMRIT \u2022 Zapre\u0161i\u0107","article_modified_time":"2017-07-13T10:13:29+00:00","og_image":[{"url":"http:\/\/sat-amrit.com\/wp-content\/uploads\/2016\/06\/breathwalk-foto-300x200.jpg","type":"","width":"","height":""}],"twitter_card":"summary_large_image","twitter_misc":{"Est. reading time":"1 minute"},"schema":{"@context":"https:\/\/schema.org","@graph":[{"@type":"WebPage","@id":"https:\/\/sat-amrit.com\/en\/breathwalk\/","url":"https:\/\/sat-amrit.com\/en\/breathwalk\/","name":"Breathwalk - Kundalini yoga - SAT AMRIT \u2022 Zapre\u0161i\u0107","isPartOf":{"@id":"https:\/\/sat-amrit.com\/#website"},"primaryImageOfPage":{"@id":"https:\/\/sat-amrit.com\/en\/breathwalk\/#primaryimage"},"image":{"@id":"https:\/\/sat-amrit.com\/en\/breathwalk\/#primaryimage"},"thumbnailUrl":"http:\/\/sat-amrit.com\/wp-content\/uploads\/2016\/06\/breathwalk-foto-300x200.jpg","datePublished":"2016-07-04T13:40:46+00:00","dateModified":"2017-07-13T10:13:29+00:00","breadcrumb":{"@id":"https:\/\/sat-amrit.com\/en\/breathwalk\/#breadcrumb"},"inLanguage":"en-US","potentialAction":[{"@type":"ReadAction","target":["https:\/\/sat-amrit.com\/en\/breathwalk\/"]}]},{"@type":"ImageObject","inLanguage":"en-US","@id":"https:\/\/sat-amrit.com\/en\/breathwalk\/#primaryimage","url":"http:\/\/sat-amrit.com\/wp-content\/uploads\/2016\/06\/breathwalk-foto-300x200.jpg","contentUrl":"http:\/\/sat-amrit.com\/wp-content\/uploads\/2016\/06\/breathwalk-foto-300x200.jpg"},{"@type":"BreadcrumbList","@id":"https:\/\/sat-amrit.com\/en\/breathwalk\/#breadcrumb","itemListElement":[{"@type":"ListItem","position":1,"name":"","item":"https:\/\/sat-amrit.com\/en\/"},{"@type":"ListItem","position":2,"name":"Breathwalk"}]},{"@type":"WebSite","@id":"https:\/\/sat-amrit.com\/#website","url":"https:\/\/sat-amrit.com\/","name":"Kundalini yoga - SAT AMRIT \u2022 Zapre\u0161i\u0107","description":"Kundalini yoga prema u\u010denju Yogi Bhajana","publisher":{"@id":"https:\/\/sat-amrit.com\/#organization"},"potentialAction":[{"@type":"SearchAction","target":{"@type":"EntryPoint","urlTemplate":"https:\/\/sat-amrit.com\/?s={search_term_string}"},"query-input":{"@type":"PropertyValueSpecification","valueRequired":true,"valueName":"search_term_string"}}],"inLanguage":"en-US"},{"@type":"Organization","@id":"https:\/\/sat-amrit.com\/#organization","name":"Sat Amrit j.d.o.o.","url":"https:\/\/sat-amrit.com\/","logo":{"@type":"ImageObject","inLanguage":"en-US","@id":"https:\/\/sat-amrit.com\/#\/schema\/logo\/image\/","url":"https:\/\/sat-amrit.com\/wp-content\/uploads\/2014\/12\/Yoga-Studio-Zapresic.jpg","contentUrl":"https:\/\/sat-amrit.com\/wp-content\/uploads\/2014\/12\/Yoga-Studio-Zapresic.jpg","width":930,"height":800,"caption":"Sat Amrit j.d.o.o."},"image":{"@id":"https:\/\/sat-amrit.com\/#\/schema\/logo\/image\/"}}]}},"_links":{"self":[{"href":"https:\/\/sat-amrit.com\/en\/wp-json\/wp\/v2\/pages\/1028","targetHints":{"allow":["GET"]}}],"collection":[{"href":"https:\/\/sat-amrit.com\/en\/wp-json\/wp\/v2\/pages"}],"about":[{"href":"https:\/\/sat-amrit.com\/en\/wp-json\/wp\/v2\/types\/page"}],"author":[{"embeddable":true,"href":"https:\/\/sat-amrit.com\/en\/wp-json\/wp\/v2\/users\/3"}],"replies":[{"embeddable":true,"href":"https:\/\/sat-amrit.com\/en\/wp-json\/wp\/v2\/comments?post=1028"}],"version-history":[{"count":0,"href":"https:\/\/sat-amrit.com\/en\/wp-json\/wp\/v2\/pages\/1028\/revisions"}],"wp:attachment":[{"href":"https:\/\/sat-amrit.com\/en\/wp-json\/wp\/v2\/media?parent=1028"}],"curies":[{"name":"wp","href":"https:\/\/api.w.org\/{rel}","templated":true}]}}