{"id":473,"date":"2015-09-30T17:40:27","date_gmt":"2015-09-30T17:40:27","guid":{"rendered":"http:\/\/www.sat-amrit.com\/?page_id=473&#038;lang=en"},"modified":"2020-12-11T11:04:48","modified_gmt":"2020-12-11T10:04:48","slug":"about","status":"publish","type":"page","link":"https:\/\/sat-amrit.com\/en\/about\/","title":{"rendered":"About"},"content":{"rendered":"<p style=\"text-align: justify;\"><img loading=\"lazy\" decoding=\"async\" src=\"https:\/\/sat-amrit.com\/wp-content\/uploads\/2020\/10\/DSG_5736-200x300.jpg\" alt=\"\" class=\"size-medium wp-image-3529 alignleft\" width=\"200\" height=\"300\" srcset=\"https:\/\/sat-amrit.com\/wp-content\/uploads\/2020\/10\/DSG_5736-200x300.jpg 200w, https:\/\/sat-amrit.com\/wp-content\/uploads\/2020\/10\/DSG_5736-684x1024.jpg 684w, https:\/\/sat-amrit.com\/wp-content\/uploads\/2020\/10\/DSG_5736-768x1150.jpg 768w, https:\/\/sat-amrit.com\/wp-content\/uploads\/2020\/10\/DSG_5736-1026x1536.jpg 1026w, https:\/\/sat-amrit.com\/wp-content\/uploads\/2020\/10\/DSG_5736.jpg 1282w\" sizes=\"auto, (max-width: 200px) 100vw, 200px\" \/><span style=\"color: #800000;\">Sat Amrit Kaur<\/span> (Cornelia D\u017eepina-Buri\u0107) is Level 1 and Level 2 KRI- certified Kundalini Yoga instructor and practicioner (Amrit Nam Sarovar School 2014).<\/p>\n<p style=\"text-align: justify;\">She has been practicing Kundalini Yoga since 2011 and holds regular classes in Zapre\u0161i\u0107 nearby Zagreb since 2014.<\/p>\n<p style=\"text-align: justify;\">In 2012 she was initiated into Atma Kriya Yoga, has studied Vedic Astrology and Vastu since 2010, and took an Ayurveda course with Daniela Juri\u010di\u0107 in Zagreb. Since 2008 she has practiced Oriental dance with\u00a0 Seadeta Osmani, founder of the <a href=\"http:\/\/sheherezade-dance.com\/en\/\">Sheherezade<\/a> Dance Company.<\/p>\n<p>Born in Germany in 1970, Sat Amrit moved to Zagreb, Croatia in 1989 to study German and English at the Faculty of Humanities and Social Sciences.\u00a0 After 10 years of having been employed as a translator at the Croatian Academy of Sciences and Arts, she started teaching German and English at highschool in 2003.<\/p>\n<p>In autumn 2019 she quit her job as a high school teacher and decided to completely commit to teaching regular Kundalini classes. In 2019 she became intern at the Aquarian Teacher Academy.<\/p>\n<p>She also teaches Kundalini yoga therapeutically according to the Kundalini Yoga Foundations curriculum issued by the Guru Ram Das Centre for medicine &amp; humanology.<\/p>\n<p>Sat Amrit is a certified sound massage practicioner (Peter Hess\u00ae sound massage) and offers individual sound massages at Yoga studio Zapre\u0161i\u0107.<\/p>\n<div id=\"yt-widget-largebtn\" data-id=\"1868744\"><a title=\"Cornelia Dzepina-Buric - Yoga Teacher in Zagreb\" href=\"http:\/\/www.yogatrail.com\/teacher\/cornelia-dzepina-buric-1868744\"><img decoding=\"async\" src=\"\/\/widget.yogatrail.com\/img\/yogatrail-smallwidget-t.png\" alt=\"Cornelia Dzepina-Buric - Yoga Teacher in Zagreb\" \/><\/a><\/div>\n<p><script type=\"text\/javascript\" src=\"\/\/widget.yogatrail.com\/widgetx.js\" data-wtype=\"large\"><\/script><\/p>\n","protected":false},"excerpt":{"rendered":"<p>Sat Amrit Kaur (Cornelia D\u017eepina-Buri\u0107) is Level 1 and Level 2 KRI- certified Kundalini Yoga instructor and practicioner (Amrit Nam Sarovar School 2014). She has been practicing Kundalini Yoga since 2011 and holds regular classes in Zapre\u0161i\u0107 nearby Zagreb since 2014. In 2012 she was initiated into Atma Kriya Yoga, has studied Vedic Astrology and [&hellip;]<\/p>\n","protected":false},"author":3,"featured_media":0,"parent":0,"menu_order":0,"comment_status":"closed","ping_status":"closed","template":"","meta":{"_acf_changed":false,"footnotes":""},"class_list":["post-473","page","type-page","status-publish","hentry","post"],"acf":[],"yoast_head":"<!-- This site is optimized with the Yoast SEO plugin v26.6 - https:\/\/yoast.com\/wordpress\/plugins\/seo\/ -->\n<title>About - Kundalini yoga - SAT AMRIT \u2022 Zapre\u0161i\u0107<\/title>\n<meta name=\"robots\" content=\"index, follow, max-snippet:-1, max-image-preview:large, max-video-preview:-1\" \/>\n<link rel=\"canonical\" href=\"https:\/\/sat-amrit.com\/en\/about\/\" \/>\n<meta property=\"og:locale\" content=\"en_US\" \/>\n<meta property=\"og:type\" content=\"article\" \/>\n<meta property=\"og:title\" content=\"About - Kundalini yoga - SAT AMRIT \u2022 Zapre\u0161i\u0107\" \/>\n<meta property=\"og:description\" content=\"Sat Amrit Kaur (Cornelia D\u017eepina-Buri\u0107) is Level 1 and Level 2 KRI- certified Kundalini Yoga instructor and practicioner (Amrit Nam Sarovar School 2014). She has been practicing Kundalini Yoga since 2011 and holds regular classes in Zapre\u0161i\u0107 nearby Zagreb since 2014. In 2012 she was initiated into Atma Kriya Yoga, has studied Vedic Astrology and [&hellip;]\" \/>\n<meta property=\"og:url\" content=\"https:\/\/sat-amrit.com\/en\/about\/\" \/>\n<meta property=\"og:site_name\" content=\"Kundalini yoga - SAT AMRIT \u2022 Zapre\u0161i\u0107\" \/>\n<meta property=\"article:modified_time\" content=\"2020-12-11T10:04:48+00:00\" \/>\n<meta property=\"og:image\" content=\"https:\/\/sat-amrit.com\/wp-content\/uploads\/2020\/10\/DSG_5736-200x300.jpg\" \/>\n<meta name=\"twitter:card\" content=\"summary_large_image\" \/>\n<meta name=\"twitter:label1\" content=\"Est. reading time\" \/>\n\t<meta name=\"twitter:data1\" content=\"1 minute\" \/>\n<script type=\"application\/ld+json\" class=\"yoast-schema-graph\">{\"@context\":\"https:\/\/schema.org\",\"@graph\":[{\"@type\":\"WebPage\",\"@id\":\"https:\/\/sat-amrit.com\/en\/about\/\",\"url\":\"https:\/\/sat-amrit.com\/en\/about\/\",\"name\":\"About - Kundalini yoga - SAT AMRIT \u2022 Zapre\u0161i\u0107\",\"isPartOf\":{\"@id\":\"https:\/\/sat-amrit.com\/#website\"},\"primaryImageOfPage\":{\"@id\":\"https:\/\/sat-amrit.com\/en\/about\/#primaryimage\"},\"image\":{\"@id\":\"https:\/\/sat-amrit.com\/en\/about\/#primaryimage\"},\"thumbnailUrl\":\"https:\/\/sat-amrit.com\/wp-content\/uploads\/2020\/10\/DSG_5736-200x300.jpg\",\"datePublished\":\"2015-09-30T17:40:27+00:00\",\"dateModified\":\"2020-12-11T10:04:48+00:00\",\"breadcrumb\":{\"@id\":\"https:\/\/sat-amrit.com\/en\/about\/#breadcrumb\"},\"inLanguage\":\"en-US\",\"potentialAction\":[{\"@type\":\"ReadAction\",\"target\":[\"https:\/\/sat-amrit.com\/en\/about\/\"]}]},{\"@type\":\"ImageObject\",\"inLanguage\":\"en-US\",\"@id\":\"https:\/\/sat-amrit.com\/en\/about\/#primaryimage\",\"url\":\"https:\/\/sat-amrit.com\/wp-content\/uploads\/2020\/10\/DSG_5736-200x300.jpg\",\"contentUrl\":\"https:\/\/sat-amrit.com\/wp-content\/uploads\/2020\/10\/DSG_5736-200x300.jpg\"},{\"@type\":\"BreadcrumbList\",\"@id\":\"https:\/\/sat-amrit.com\/en\/about\/#breadcrumb\",\"itemListElement\":[{\"@type\":\"ListItem\",\"position\":1,\"name\":\"\",\"item\":\"https:\/\/sat-amrit.com\/en\/\"},{\"@type\":\"ListItem\",\"position\":2,\"name\":\"About\"}]},{\"@type\":\"WebSite\",\"@id\":\"https:\/\/sat-amrit.com\/#website\",\"url\":\"https:\/\/sat-amrit.com\/\",\"name\":\"Kundalini yoga - SAT AMRIT \u2022 Zapre\u0161i\u0107\",\"description\":\"Kundalini yoga prema u\u010denju Yogi Bhajana\",\"publisher\":{\"@id\":\"https:\/\/sat-amrit.com\/#organization\"},\"potentialAction\":[{\"@type\":\"SearchAction\",\"target\":{\"@type\":\"EntryPoint\",\"urlTemplate\":\"https:\/\/sat-amrit.com\/?s={search_term_string}\"},\"query-input\":{\"@type\":\"PropertyValueSpecification\",\"valueRequired\":true,\"valueName\":\"search_term_string\"}}],\"inLanguage\":\"en-US\"},{\"@type\":\"Organization\",\"@id\":\"https:\/\/sat-amrit.com\/#organization\",\"name\":\"Sat Amrit j.d.o.o.\",\"url\":\"https:\/\/sat-amrit.com\/\",\"logo\":{\"@type\":\"ImageObject\",\"inLanguage\":\"en-US\",\"@id\":\"https:\/\/sat-amrit.com\/#\/schema\/logo\/image\/\",\"url\":\"https:\/\/sat-amrit.com\/wp-content\/uploads\/2014\/12\/Yoga-Studio-Zapresic.jpg\",\"contentUrl\":\"https:\/\/sat-amrit.com\/wp-content\/uploads\/2014\/12\/Yoga-Studio-Zapresic.jpg\",\"width\":930,\"height\":800,\"caption\":\"Sat Amrit j.d.o.o.\"},\"image\":{\"@id\":\"https:\/\/sat-amrit.com\/#\/schema\/logo\/image\/\"}}]}<\/script>\n<!-- \/ Yoast SEO plugin. -->","yoast_head_json":{"title":"About - Kundalini yoga - SAT AMRIT \u2022 Zapre\u0161i\u0107","robots":{"index":"index","follow":"follow","max-snippet":"max-snippet:-1","max-image-preview":"max-image-preview:large","max-video-preview":"max-video-preview:-1"},"canonical":"https:\/\/sat-amrit.com\/en\/about\/","og_locale":"en_US","og_type":"article","og_title":"About - Kundalini yoga - SAT AMRIT \u2022 Zapre\u0161i\u0107","og_description":"Sat Amrit Kaur (Cornelia D\u017eepina-Buri\u0107) is Level 1 and Level 2 KRI- certified Kundalini Yoga instructor and practicioner (Amrit Nam Sarovar School 2014). She has been practicing Kundalini Yoga since 2011 and holds regular classes in Zapre\u0161i\u0107 nearby Zagreb since 2014. In 2012 she was initiated into Atma Kriya Yoga, has studied Vedic Astrology and [&hellip;]","og_url":"https:\/\/sat-amrit.com\/en\/about\/","og_site_name":"Kundalini yoga - SAT AMRIT \u2022 Zapre\u0161i\u0107","article_modified_time":"2020-12-11T10:04:48+00:00","og_image":[{"url":"https:\/\/sat-amrit.com\/wp-content\/uploads\/2020\/10\/DSG_5736-200x300.jpg","type":"","width":"","height":""}],"twitter_card":"summary_large_image","twitter_misc":{"Est. reading time":"1 minute"},"schema":{"@context":"https:\/\/schema.org","@graph":[{"@type":"WebPage","@id":"https:\/\/sat-amrit.com\/en\/about\/","url":"https:\/\/sat-amrit.com\/en\/about\/","name":"About - Kundalini yoga - SAT AMRIT \u2022 Zapre\u0161i\u0107","isPartOf":{"@id":"https:\/\/sat-amrit.com\/#website"},"primaryImageOfPage":{"@id":"https:\/\/sat-amrit.com\/en\/about\/#primaryimage"},"image":{"@id":"https:\/\/sat-amrit.com\/en\/about\/#primaryimage"},"thumbnailUrl":"https:\/\/sat-amrit.com\/wp-content\/uploads\/2020\/10\/DSG_5736-200x300.jpg","datePublished":"2015-09-30T17:40:27+00:00","dateModified":"2020-12-11T10:04:48+00:00","breadcrumb":{"@id":"https:\/\/sat-amrit.com\/en\/about\/#breadcrumb"},"inLanguage":"en-US","potentialAction":[{"@type":"ReadAction","target":["https:\/\/sat-amrit.com\/en\/about\/"]}]},{"@type":"ImageObject","inLanguage":"en-US","@id":"https:\/\/sat-amrit.com\/en\/about\/#primaryimage","url":"https:\/\/sat-amrit.com\/wp-content\/uploads\/2020\/10\/DSG_5736-200x300.jpg","contentUrl":"https:\/\/sat-amrit.com\/wp-content\/uploads\/2020\/10\/DSG_5736-200x300.jpg"},{"@type":"BreadcrumbList","@id":"https:\/\/sat-amrit.com\/en\/about\/#breadcrumb","itemListElement":[{"@type":"ListItem","position":1,"name":"","item":"https:\/\/sat-amrit.com\/en\/"},{"@type":"ListItem","position":2,"name":"About"}]},{"@type":"WebSite","@id":"https:\/\/sat-amrit.com\/#website","url":"https:\/\/sat-amrit.com\/","name":"Kundalini yoga - SAT AMRIT \u2022 Zapre\u0161i\u0107","description":"Kundalini yoga prema u\u010denju Yogi Bhajana","publisher":{"@id":"https:\/\/sat-amrit.com\/#organization"},"potentialAction":[{"@type":"SearchAction","target":{"@type":"EntryPoint","urlTemplate":"https:\/\/sat-amrit.com\/?s={search_term_string}"},"query-input":{"@type":"PropertyValueSpecification","valueRequired":true,"valueName":"search_term_string"}}],"inLanguage":"en-US"},{"@type":"Organization","@id":"https:\/\/sat-amrit.com\/#organization","name":"Sat Amrit j.d.o.o.","url":"https:\/\/sat-amrit.com\/","logo":{"@type":"ImageObject","inLanguage":"en-US","@id":"https:\/\/sat-amrit.com\/#\/schema\/logo\/image\/","url":"https:\/\/sat-amrit.com\/wp-content\/uploads\/2014\/12\/Yoga-Studio-Zapresic.jpg","contentUrl":"https:\/\/sat-amrit.com\/wp-content\/uploads\/2014\/12\/Yoga-Studio-Zapresic.jpg","width":930,"height":800,"caption":"Sat Amrit j.d.o.o."},"image":{"@id":"https:\/\/sat-amrit.com\/#\/schema\/logo\/image\/"}}]}},"_links":{"self":[{"href":"https:\/\/sat-amrit.com\/en\/wp-json\/wp\/v2\/pages\/473","targetHints":{"allow":["GET"]}}],"collection":[{"href":"https:\/\/sat-amrit.com\/en\/wp-json\/wp\/v2\/pages"}],"about":[{"href":"https:\/\/sat-amrit.com\/en\/wp-json\/wp\/v2\/types\/page"}],"author":[{"embeddable":true,"href":"https:\/\/sat-amrit.com\/en\/wp-json\/wp\/v2\/users\/3"}],"replies":[{"embeddable":true,"href":"https:\/\/sat-amrit.com\/en\/wp-json\/wp\/v2\/comments?post=473"}],"version-history":[{"count":12,"href":"https:\/\/sat-amrit.com\/en\/wp-json\/wp\/v2\/pages\/473\/revisions"}],"predecessor-version":[{"id":3830,"href":"https:\/\/sat-amrit.com\/en\/wp-json\/wp\/v2\/pages\/473\/revisions\/3830"}],"wp:attachment":[{"href":"https:\/\/sat-amrit.com\/en\/wp-json\/wp\/v2\/media?parent=473"}],"curies":[{"name":"wp","href":"https:\/\/api.w.org\/{rel}","templated":true}]}}