{"id":511,"date":"2015-09-30T18:27:28","date_gmt":"2015-09-30T18:27:28","guid":{"rendered":"http:\/\/www.sat-amrit.com\/?page_id=511&#038;lang=en"},"modified":"2026-04-18T07:18:50","modified_gmt":"2026-04-18T05:18:50","slug":"regular-classes-pricing","status":"publish","type":"page","link":"https:\/\/sat-amrit.com\/en\/regular-classes-pricing\/","title":{"rendered":"Kundalini yoga"},"content":{"rendered":"<p><img loading=\"lazy\" decoding=\"async\" class=\"alignnone size-full wp-image-228\" src=\"http:\/\/sat-amrit.com\/wp-content\/uploads\/2015\/01\/razmak2.jpg\" alt=\"razmak2\" width=\"715\" height=\"85\" srcset=\"https:\/\/sat-amrit.com\/wp-content\/uploads\/2015\/01\/razmak2.jpg 715w, https:\/\/sat-amrit.com\/wp-content\/uploads\/2015\/01\/razmak2-300x36.jpg 300w\" sizes=\"auto, (max-width: 715px) 100vw, 715px\" \/><\/p>\n<p style=\"text-align: center;\"><span style=\"color: #800000; background-color: #99cc00;\"><strong>2025\/2026 <\/strong><\/span><\/p>\n<p style=\"text-align: center;\">We will start regular classes 6 October 2025 in-person and zoom<\/p>\n<p style=\"text-align: center;\">The following schedule is valid until <span style=\"color: #008000;\"><strong>July 2026<\/strong><\/span><\/p>\n<p style=\"text-align: center;\">The studio is closed during the month of August<\/p>\n<ul>\n<li><span>free first class &#8211; please register <a href=\"https:\/\/sat-amrit.com\/en\/contact\/\">here<\/a>\u00a0<\/span><span><br \/>\n<\/span><\/li>\n<li>\u00a0individual and tailor made classes can be delivered on request &#8211; Kundalini yoga, Adjusted Kundalini yoga for vitality, sound massage and sound meditation, gongbaths. For more information feel free to <a href=\"https:\/\/sat-amrit.com\/en\/contact\/\">contact<\/a> us<\/li>\n<\/ul>\n<ul><\/ul>\n<p style=\"text-align: center;\"><span>\u00a0<strong><span style=\"color: #800000;\">SCHEDULE FOR GROUP CLASSES 2025\/2026<\/span><\/strong><\/span><\/p>\n<p><span><strong><span style=\"color: #800000; background-color: #99cc00;\">Monday \u2013 in-person + zoom<\/span><br \/>\n<\/strong><\/span><\/p>\n<ul>\n<li><span style=\"color: #800000;\"><strong>19:45 \u2013 21:15<\/strong><\/span> Kundalini Yoga for all\u00a0<strong><br \/>\n<\/strong><\/li>\n<\/ul>\n<p><span><strong><span style=\"color: #800000; background-color: #99cc00;\">Wednesday &#8211; in-person + zoom<\/span><br \/>\n<\/strong><\/span><\/p>\n<ul>\n<li><span style=\"color: #800000;\"><strong>17:00 \u2013 18:30<\/strong><\/span> Kundalini for the elderly \u2013 <span>in-person only<\/span><span><\/span><\/li>\n<li><span style=\"color: #800000;\"><strong>19:00 \u2013 20:30<\/strong><\/span> Kundalini yoga for all \u2013 <span style=\"color: #000000;\">in-person + zoom<\/span><\/li>\n<\/ul>\n<p><span><strong><span style=\"color: #800000; background-color: #99cc00;\">Friday &#8211; in-person only<\/span><\/strong><\/span><strong><\/strong><\/p>\n<ul>\n<li><strong><span style=\"color: #800000;\">19:00 \u2013 20:30<\/span><\/strong> Kundalini yoga for all<\/li>\n<\/ul>\n<p><span><strong>\u00a0<\/strong><\/span><span style=\"background-color: #99cc00; color: #800000;\"><strong>Saturday<\/strong><\/span><\/p>\n<ul>\n<li><span><span style=\"color: #800000;\"><strong> 6:00 \u2013 8:30<\/strong><\/span>\u00a0 <a href=\"https:\/\/sat-amrit.com\/sadhana-zapresic\/\">Sadhana \u2013 Zoom<\/a><\/span><\/li>\n<\/ul>\n<p><span>Sadhana is free and open to all. Please register for zoom data <a href=\"https:\/\/sat-amrit.com\/en\/contact\/\">here.<\/a><br \/>\n<\/span><\/p>\n<p><span>\u00a0<\/span><\/p>\n<ul><\/ul>\n<ul><\/ul>\n<h3 style=\"text-align: center;\"><span><strong><span style=\"color: #800000;\">PRICING 2025\/2026<\/span><\/strong><\/span><\/h3>\n<div id=\"primary\" class=\"content-area\">\n<div id=\"content\" class=\"site-content\" role=\"main\">\n<article id=\"post-553\" class=\"post-553 page type-page status-publish hentry post\">\n<div class=\"entry-main\">\n<div class=\"entry-content\">\n<h4 style=\"text-align: center;\"><span style=\"color: #800000; background-color: #99cc00;\"><strong>1.<\/strong><\/span><span><strong><span style=\"color: #800000; background-color: #99cc00;\">Kundalini Yoga in-person +\u00a0Zoom:<\/span><br \/>\n<\/strong><\/span><\/h4>\n<p style=\"text-align: center;\"><span><strong>Price on a monthly basis:<\/strong><\/span><\/p>\n<p style=\"text-align: center;\">\u00a01 class per week\u00a0 \u00a0\/<span>\u00a0<\/span><span><span style=\"color: #800000;\"><strong>35,00 \u20ac<\/strong><\/span><br \/>\n<\/span><\/p>\n<p style=\"text-align: center;\">\u00a02 classes per week \/<span>\u00a0<\/span><span><span style=\"color: #800000;\"><strong>50,00 \u20ac<\/strong><\/span><br \/>\n<\/span><\/p>\n<p style=\"text-align: center;\">3 classes per week \/<span>\u00a0<\/span><span style=\"color: #800000;\"><strong>60,00<\/strong>\u00a0<strong>\u20ac<\/strong><\/span><\/p>\n<p style=\"text-align: center;\"><span>1 class + 2 classes per week = 6 classes per month \/ \u00a0<span style=\"color: #800000;\"><strong>44,00\u00a0\u20ac<\/strong><\/span><\/span><\/p>\n<p style=\"text-align: center;\">Kundalini Yoga for the elderly 1 class per week \/<span>\u00a0<\/span><span style=\"color: #800000;\"><strong>30,00<\/strong>\u00a0<strong>\u20ac<\/strong><\/span><\/p>\n<p style=\"text-align: center;\">\u00a0Drop-in \/<span>\u00a0<\/span><span style=\"color: #800000;\"><strong>15,00<\/strong>\u00a0<\/span><span><span style=\"color: #800000;\"><strong>\u20ac<\/strong><\/span><br \/>\n<\/span><\/p>\n<h4 style=\"text-align: center;\"><span style=\"color: #800000; background-color: #99cc00;\"><strong>2. Kundalini yoga for individuals in-person or Zoom<\/strong><\/span><\/h4>\n<p style=\"text-align: center;\"><span><strong>\u00a0<\/strong><\/span><span>\u00a0per class \/\u00a0<span style=\"color: #800000;\"><strong>50,00 \u20ac<\/strong><\/span><\/span><\/p>\n<form action=\"https:\/\/www.paypal.com\/cgi-bin\/webscr\" method=\"post\" target=\"_top\"><\/form>\n<h4 style=\"text-align: center;\"><span style=\"background-color: #99cc00; color: #800000;\"><strong>3. Yoga and sound &#8211; special offers for individuals\u00a0<\/strong><\/span><\/h4>\n<p style=\"text-align: center;\">Kundalini yoga + gong bath \/<span>\u00a0<\/span><span style=\"color: #800000;\"><strong>90,00<\/strong>\u00a0<\/span><span><strong><span style=\"color: #800000;\">\u20ac<\/span> <\/strong><\/span><\/p>\n<p style=\"text-align: center;\"><span>Kundalini yoga + gong bath for couples \/<strong> <span style=\"color: #800000;\">150,00 \u20ac<\/span><\/strong><\/span><\/p>\n<p style=\"text-align: center;\"><span style=\"color: #800000; background-color: #99cc00;\"><strong>\u00a0SPECIAL OFFER:<\/strong><\/span><\/p>\n<p style=\"text-align: center;\">Adjusted Kundalini yoga + sound meditation to strengthen vitality and wellbeing \u2013 4 classes (every class<span>\u00a0<\/span><span style=\"color: #800000;\">90<\/span> min.)\u00a0 \/<span>\u00a0<\/span><span style=\"color: #800000;\"><strong>150,00<\/strong>\u00a0<strong>\u20ac<\/strong><\/span><\/p>\n<p style=\"text-align: center;\"><span>\u00a0<\/span><a href=\"https:\/\/sat-amrit.com\/en\/contact\/\">Register here\u00a0<\/a><\/p>\n<p style=\"text-align: center;\">\n<h4 style=\"text-align: center;\"><span style=\"color: #800000; background-color: #99cc00;\">4. Breathwalk<\/span><\/h4>\n<p style=\"text-align: center;\"><span>Drop-in class\u00a0<span style=\"color: #800000;\"><strong>10,00 \u20ac<\/strong><\/span>\u00a0\u2013 for studio members\u00a0<span style=\"color: #800000;\"><strong>8,00 \u20ac<\/strong><\/span><br \/>\n<\/span><\/p>\n<p style=\"text-align: center;\">\n<h4 style=\"text-align: center;\"><span><strong><span style=\"color: #800000; background-color: #99cc00;\">5. Sadhana\u00a0(in-person + Zoom)<\/span><br \/>\n<\/strong><\/span><\/h4>\n<p style=\"text-align: center;\"><span>free of charge<\/span><\/p>\n<p style=\"text-align: center;\"><span style=\"color: #800000;\"><strong>*****<\/strong><\/span><\/p>\n<h4 style=\"text-align: center;\"><span style=\"color: #800000; background-color: #99cc00;\"><strong>DISCOUNTS<\/strong><\/span><\/h4>\n<p style=\"text-align: center;\"><span style=\"color: #800000;\"><span style=\"font-size: revert; font-weight: revert;\">\u00a0<\/span><span style=\"font-size: revert; font-weight: revert;\"><strong>10 % off <\/strong><span style=\"color: #000000;\">for family members on yoga (group) classes<\/span><\/span><\/span><\/p>\n<p style=\"text-align: center;\"><span style=\"color: #800000;\"><strong>*****<\/strong><\/span><\/p>\n<p style=\"text-align: center;\"><a href=\"https:\/\/sat-amrit.com\/en\/contact\/\"><span>Registration<\/span><\/a><\/p>\n<\/div>\n<\/div>\n<\/article>\n<\/div>\n<\/div>\n<div id=\"secondary\" class=\"widget-area\" role=\"complementary\">\n<aside id=\"text-7\" class=\"widget widget_text\">\n<div class=\"textwidget\">\n<div id=\"yt-widget-largebtn\" data-id=\"1868744\"><\/div>\n<\/div>\n<\/aside>\n<aside id=\"text-13\" class=\"widget widget_text\">\n<div class=\"textwidget\">\n<\/div>\n<\/aside>\n<aside id=\"text-11\" class=\"widget widget_text\">\n<div class=\"textwidget\">\n<\/div>\n<\/aside>\n<\/div>\n","protected":false},"excerpt":{"rendered":"<p>2025\/2026 We will start regular classes 6 October 2025 in-person and zoom The following schedule is valid until July 2026 The studio is closed during the month of August free first class &#8211; please register here\u00a0 \u00a0individual and tailor made classes can be delivered on request &#8211; Kundalini yoga, Adjusted Kundalini yoga for vitality, sound [&hellip;]<\/p>\n","protected":false},"author":3,"featured_media":0,"parent":0,"menu_order":0,"comment_status":"closed","ping_status":"closed","template":"","meta":{"_acf_changed":false,"footnotes":""},"class_list":["post-511","page","type-page","status-publish","hentry","post"],"acf":[],"yoast_head":"<!-- This site is optimized with the Yoast SEO plugin v26.6 - https:\/\/yoast.com\/wordpress\/plugins\/seo\/ -->\n<title>Kundalini yoga - Kundalini yoga - SAT AMRIT \u2022 Zapre\u0161i\u0107<\/title>\n<meta name=\"description\" content=\"Kundalini yoga, Kundalini yoga for the elderly, gong baths, sound meditations, sound massage with singing bowls, special offers\" \/>\n<meta name=\"robots\" content=\"index, follow, max-snippet:-1, max-image-preview:large, max-video-preview:-1\" \/>\n<link rel=\"canonical\" href=\"https:\/\/sat-amrit.com\/en\/regular-classes-pricing\/\" \/>\n<meta property=\"og:locale\" content=\"en_US\" \/>\n<meta property=\"og:type\" content=\"article\" \/>\n<meta property=\"og:title\" content=\"Kundalini yoga - Kundalini yoga - SAT AMRIT \u2022 Zapre\u0161i\u0107\" \/>\n<meta property=\"og:description\" content=\"Kundalini yoga, Kundalini yoga for the elderly, gong baths, sound meditations, sound massage with singing bowls, special offers\" \/>\n<meta property=\"og:url\" content=\"https:\/\/sat-amrit.com\/en\/regular-classes-pricing\/\" \/>\n<meta property=\"og:site_name\" content=\"Kundalini yoga - SAT AMRIT \u2022 Zapre\u0161i\u0107\" \/>\n<meta property=\"article:modified_time\" content=\"2026-04-18T05:18:50+00:00\" \/>\n<meta property=\"og:image\" content=\"https:\/\/sat-amrit.com\/wp-content\/uploads\/2015\/01\/razmak2.jpg\" \/>\n\t<meta property=\"og:image:width\" content=\"715\" \/>\n\t<meta property=\"og:image:height\" content=\"85\" \/>\n\t<meta property=\"og:image:type\" content=\"image\/jpeg\" \/>\n<meta name=\"twitter:card\" content=\"summary_large_image\" \/>\n<meta name=\"twitter:label1\" content=\"Est. reading time\" \/>\n\t<meta name=\"twitter:data1\" content=\"2 minutes\" \/>\n<script type=\"application\/ld+json\" class=\"yoast-schema-graph\">{\"@context\":\"https:\/\/schema.org\",\"@graph\":[{\"@type\":\"WebPage\",\"@id\":\"https:\/\/sat-amrit.com\/en\/regular-classes-pricing\/\",\"url\":\"https:\/\/sat-amrit.com\/en\/regular-classes-pricing\/\",\"name\":\"Kundalini yoga - Kundalini yoga - SAT AMRIT \u2022 Zapre\u0161i\u0107\",\"isPartOf\":{\"@id\":\"https:\/\/sat-amrit.com\/#website\"},\"primaryImageOfPage\":{\"@id\":\"https:\/\/sat-amrit.com\/en\/regular-classes-pricing\/#primaryimage\"},\"image\":{\"@id\":\"https:\/\/sat-amrit.com\/en\/regular-classes-pricing\/#primaryimage\"},\"thumbnailUrl\":\"http:\/\/sat-amrit.com\/wp-content\/uploads\/2015\/01\/razmak2.jpg\",\"datePublished\":\"2015-09-30T18:27:28+00:00\",\"dateModified\":\"2026-04-18T05:18:50+00:00\",\"description\":\"Kundalini yoga, Kundalini yoga for the elderly, gong baths, sound meditations, sound massage with singing bowls, special offers\",\"breadcrumb\":{\"@id\":\"https:\/\/sat-amrit.com\/en\/regular-classes-pricing\/#breadcrumb\"},\"inLanguage\":\"en-US\",\"potentialAction\":[{\"@type\":\"ReadAction\",\"target\":[\"https:\/\/sat-amrit.com\/en\/regular-classes-pricing\/\"]}]},{\"@type\":\"ImageObject\",\"inLanguage\":\"en-US\",\"@id\":\"https:\/\/sat-amrit.com\/en\/regular-classes-pricing\/#primaryimage\",\"url\":\"http:\/\/sat-amrit.com\/wp-content\/uploads\/2015\/01\/razmak2.jpg\",\"contentUrl\":\"http:\/\/sat-amrit.com\/wp-content\/uploads\/2015\/01\/razmak2.jpg\"},{\"@type\":\"BreadcrumbList\",\"@id\":\"https:\/\/sat-amrit.com\/en\/regular-classes-pricing\/#breadcrumb\",\"itemListElement\":[{\"@type\":\"ListItem\",\"position\":1,\"name\":\"\",\"item\":\"https:\/\/sat-amrit.com\/en\/\"},{\"@type\":\"ListItem\",\"position\":2,\"name\":\"Kundalini yoga\"}]},{\"@type\":\"WebSite\",\"@id\":\"https:\/\/sat-amrit.com\/#website\",\"url\":\"https:\/\/sat-amrit.com\/\",\"name\":\"Kundalini yoga - SAT AMRIT \u2022 Zapre\u0161i\u0107\",\"description\":\"Kundalini yoga prema u\u010denju Yogi Bhajana\",\"publisher\":{\"@id\":\"https:\/\/sat-amrit.com\/#organization\"},\"potentialAction\":[{\"@type\":\"SearchAction\",\"target\":{\"@type\":\"EntryPoint\",\"urlTemplate\":\"https:\/\/sat-amrit.com\/?s={search_term_string}\"},\"query-input\":{\"@type\":\"PropertyValueSpecification\",\"valueRequired\":true,\"valueName\":\"search_term_string\"}}],\"inLanguage\":\"en-US\"},{\"@type\":\"Organization\",\"@id\":\"https:\/\/sat-amrit.com\/#organization\",\"name\":\"Sat Amrit j.d.o.o.\",\"url\":\"https:\/\/sat-amrit.com\/\",\"logo\":{\"@type\":\"ImageObject\",\"inLanguage\":\"en-US\",\"@id\":\"https:\/\/sat-amrit.com\/#\/schema\/logo\/image\/\",\"url\":\"https:\/\/sat-amrit.com\/wp-content\/uploads\/2014\/12\/Yoga-Studio-Zapresic.jpg\",\"contentUrl\":\"https:\/\/sat-amrit.com\/wp-content\/uploads\/2014\/12\/Yoga-Studio-Zapresic.jpg\",\"width\":930,\"height\":800,\"caption\":\"Sat Amrit j.d.o.o.\"},\"image\":{\"@id\":\"https:\/\/sat-amrit.com\/#\/schema\/logo\/image\/\"}}]}<\/script>\n<!-- \/ Yoast SEO plugin. -->","yoast_head_json":{"title":"Kundalini yoga - Kundalini yoga - SAT AMRIT \u2022 Zapre\u0161i\u0107","description":"Kundalini yoga, Kundalini yoga for the elderly, gong baths, sound meditations, sound massage with singing bowls, special offers","robots":{"index":"index","follow":"follow","max-snippet":"max-snippet:-1","max-image-preview":"max-image-preview:large","max-video-preview":"max-video-preview:-1"},"canonical":"https:\/\/sat-amrit.com\/en\/regular-classes-pricing\/","og_locale":"en_US","og_type":"article","og_title":"Kundalini yoga - Kundalini yoga - SAT AMRIT \u2022 Zapre\u0161i\u0107","og_description":"Kundalini yoga, Kundalini yoga for the elderly, gong baths, sound meditations, sound massage with singing bowls, special offers","og_url":"https:\/\/sat-amrit.com\/en\/regular-classes-pricing\/","og_site_name":"Kundalini yoga - SAT AMRIT \u2022 Zapre\u0161i\u0107","article_modified_time":"2026-04-18T05:18:50+00:00","og_image":[{"width":715,"height":85,"url":"https:\/\/sat-amrit.com\/wp-content\/uploads\/2015\/01\/razmak2.jpg","type":"image\/jpeg"}],"twitter_card":"summary_large_image","twitter_misc":{"Est. reading time":"2 minutes"},"schema":{"@context":"https:\/\/schema.org","@graph":[{"@type":"WebPage","@id":"https:\/\/sat-amrit.com\/en\/regular-classes-pricing\/","url":"https:\/\/sat-amrit.com\/en\/regular-classes-pricing\/","name":"Kundalini yoga - Kundalini yoga - SAT AMRIT \u2022 Zapre\u0161i\u0107","isPartOf":{"@id":"https:\/\/sat-amrit.com\/#website"},"primaryImageOfPage":{"@id":"https:\/\/sat-amrit.com\/en\/regular-classes-pricing\/#primaryimage"},"image":{"@id":"https:\/\/sat-amrit.com\/en\/regular-classes-pricing\/#primaryimage"},"thumbnailUrl":"http:\/\/sat-amrit.com\/wp-content\/uploads\/2015\/01\/razmak2.jpg","datePublished":"2015-09-30T18:27:28+00:00","dateModified":"2026-04-18T05:18:50+00:00","description":"Kundalini yoga, Kundalini yoga for the elderly, gong baths, sound meditations, sound massage with singing bowls, special offers","breadcrumb":{"@id":"https:\/\/sat-amrit.com\/en\/regular-classes-pricing\/#breadcrumb"},"inLanguage":"en-US","potentialAction":[{"@type":"ReadAction","target":["https:\/\/sat-amrit.com\/en\/regular-classes-pricing\/"]}]},{"@type":"ImageObject","inLanguage":"en-US","@id":"https:\/\/sat-amrit.com\/en\/regular-classes-pricing\/#primaryimage","url":"http:\/\/sat-amrit.com\/wp-content\/uploads\/2015\/01\/razmak2.jpg","contentUrl":"http:\/\/sat-amrit.com\/wp-content\/uploads\/2015\/01\/razmak2.jpg"},{"@type":"BreadcrumbList","@id":"https:\/\/sat-amrit.com\/en\/regular-classes-pricing\/#breadcrumb","itemListElement":[{"@type":"ListItem","position":1,"name":"","item":"https:\/\/sat-amrit.com\/en\/"},{"@type":"ListItem","position":2,"name":"Kundalini yoga"}]},{"@type":"WebSite","@id":"https:\/\/sat-amrit.com\/#website","url":"https:\/\/sat-amrit.com\/","name":"Kundalini yoga - SAT AMRIT \u2022 Zapre\u0161i\u0107","description":"Kundalini yoga prema u\u010denju Yogi Bhajana","publisher":{"@id":"https:\/\/sat-amrit.com\/#organization"},"potentialAction":[{"@type":"SearchAction","target":{"@type":"EntryPoint","urlTemplate":"https:\/\/sat-amrit.com\/?s={search_term_string}"},"query-input":{"@type":"PropertyValueSpecification","valueRequired":true,"valueName":"search_term_string"}}],"inLanguage":"en-US"},{"@type":"Organization","@id":"https:\/\/sat-amrit.com\/#organization","name":"Sat Amrit j.d.o.o.","url":"https:\/\/sat-amrit.com\/","logo":{"@type":"ImageObject","inLanguage":"en-US","@id":"https:\/\/sat-amrit.com\/#\/schema\/logo\/image\/","url":"https:\/\/sat-amrit.com\/wp-content\/uploads\/2014\/12\/Yoga-Studio-Zapresic.jpg","contentUrl":"https:\/\/sat-amrit.com\/wp-content\/uploads\/2014\/12\/Yoga-Studio-Zapresic.jpg","width":930,"height":800,"caption":"Sat Amrit j.d.o.o."},"image":{"@id":"https:\/\/sat-amrit.com\/#\/schema\/logo\/image\/"}}]}},"_links":{"self":[{"href":"https:\/\/sat-amrit.com\/en\/wp-json\/wp\/v2\/pages\/511","targetHints":{"allow":["GET"]}}],"collection":[{"href":"https:\/\/sat-amrit.com\/en\/wp-json\/wp\/v2\/pages"}],"about":[{"href":"https:\/\/sat-amrit.com\/en\/wp-json\/wp\/v2\/types\/page"}],"author":[{"embeddable":true,"href":"https:\/\/sat-amrit.com\/en\/wp-json\/wp\/v2\/users\/3"}],"replies":[{"embeddable":true,"href":"https:\/\/sat-amrit.com\/en\/wp-json\/wp\/v2\/comments?post=511"}],"version-history":[{"count":36,"href":"https:\/\/sat-amrit.com\/en\/wp-json\/wp\/v2\/pages\/511\/revisions"}],"predecessor-version":[{"id":8193,"href":"https:\/\/sat-amrit.com\/en\/wp-json\/wp\/v2\/pages\/511\/revisions\/8193"}],"wp:attachment":[{"href":"https:\/\/sat-amrit.com\/en\/wp-json\/wp\/v2\/media?parent=511"}],"curies":[{"name":"wp","href":"https:\/\/api.w.org\/{rel}","templated":true}]}}