{"id":516,"date":"2015-09-30T18:30:19","date_gmt":"2015-09-30T18:30:19","guid":{"rendered":"http:\/\/www.sat-amrit.com\/?page_id=516&#038;lang=en"},"modified":"2022-02-08T11:12:00","modified_gmt":"2022-02-08T10:12:00","slug":"teacher-training","status":"publish","type":"page","link":"https:\/\/sat-amrit.com\/en\/teacher-training\/","title":{"rendered":"Teacher training"},"content":{"rendered":"<p style=\"text-align: justify;\"><strong><span style=\"font-size: 14pt; color: #800000;\">KRI Level 1 Aquarian Teacher Training<br \/>\n<\/span><\/strong><\/p>\n<p style=\"text-align: justify;\">is a 220-hour professional certification program in Kundalini Yoga as taught by Yogi Bhajan.\u00a0 Graduates of Level One earn the title of KRI Certified Instructor of Kundalini Yoga as taught by Yogi Bhajan\u00ae and fulfill the Yoga Alliance RYT (Registered Yoga Teacher) 200-hour requirement which includes 180 hours of classroom instruction.<\/p>\n<p>Yogi Bhajan, Master of Kundalini Yoga, arrived in the USA in 1969 with a mission: \u201cI have come to create teachers, not to gather students.\u201d He founded 3HO-the Healthy, Happy, Holy Organization, which is based on his first principle, \u201cHappiness is your birthright.\u201d<\/p>\n<p>Through the Aquarian Teacher Program, Yogi Bhajan has trained thousands of KRI Certified Teachers.<\/p>\n<p>The Aquarian Teacher program is a journey of your development as a Kundalini Yoga Teacher. There are three levels of certification:<\/p>\n<p>KRI Level 1: Foundations and Awakening &#8211; Instructor<\/p>\n<p>KRI Level 2: Transformation &#8211; Practitioner<\/p>\n<p>KRI Level 3: Realization &#8211; Teacher<\/p>\n<p>In Level 1 you will become an instructor and learn the fundamental principles of Kundalini Yoga. You will develop the skills to instruct students in Kundalini Yoga Kriyas and meditations as taught by Yogi Bhajan. You will practice teaching Kundalini Yoga in a practicum setting, participate in early morning Sadhana (spiritual practice), and experience the powerful transformational energy of White Tantric Yoga.<\/p>\n<p><strong><span style=\"color: #800000;\">DATES 2022:<\/span><\/strong><\/p>\n<p><span><strong>1. module :\u00a0<\/strong><\/span><span style=\"color: #800000;\">31 March \u2013 3 April 2022<\/span><strong><br \/>\n<\/strong><\/p>\n<p><span><strong>2. module : <\/strong><\/span><span style=\"color: #800000;\">5 May \u2013 8 May 2022<\/span><\/p>\n<p><span><strong>3. module : <\/strong><\/span><span style=\"color: #800000;\">15 June &#8211; 19 June 2022<\/span><\/p>\n<p><span><strong>4. module : <\/strong><\/span><span style=\"color: #800000;\">22 September &#8211; 25 September 2022<\/span><\/p>\n<p><span><strong>5. module : <\/strong><\/span><span style=\"color: #800000;\">12 October &#8211; 16 October 2022<\/span><\/p>\n<p><strong><span style=\"color: #800000;\">PRICING:<\/span><\/strong><\/p>\n<p><span style=\"color: #800000;\">\u20ac 1300,00<\/span><br \/>\n<span><span style=\"color: #800000;\"><\/span><\/span>It&#8217;s possible to pay in installments.<\/p>\n<p>Accommodation and cost \u2013 <span style=\"color: #800000;\">\u20ac 250,00<\/span> per module (transport excluded).<\/p>\n<p><strong>\u00a0<\/strong><\/p>\n<p><strong><\/strong><strong><br \/>\n<\/strong><\/p>\n<p><a href=\"http:\/\/sat-amrit.com\/wp-content\/uploads\/2015\/01\/razmak.jpg\" data-rel=\"lightbox-image-0\" data-rl_title=\"\" data-rl_caption=\"\" title=\"\"><img loading=\"lazy\" decoding=\"async\" class=\"aligncenter wp-image-159\" src=\"http:\/\/sat-amrit.com\/wp-content\/uploads\/2015\/01\/razmak.jpg\" alt=\"razmak\" width=\"732\" height=\"87\" srcset=\"https:\/\/sat-amrit.com\/wp-content\/uploads\/2015\/01\/razmak.jpg 715w, https:\/\/sat-amrit.com\/wp-content\/uploads\/2015\/01\/razmak-300x36.jpg 300w\" sizes=\"auto, (max-width: 732px) 100vw, 732px\" \/><\/a><\/p>\n<p><span style=\"color: #800000;\">KRI Yoga Teacher Trainer:<\/span><br \/>\n<a href=\"http:\/\/amardas.at\/\">Nirmal Singh<\/a> <span style=\"line-height: 1.5;\"><\/span><\/p>\n<p class=\"Body\" align=\"left\"><span><\/span><\/p>\n<div style=\"display:none\" class=\"fm-form-container fm-theme3\"><div id=\"fm-pages10\" class=\"fm-pages wdform_page_navigation \" show_title=\"false\" show_numbers=\"true\" type=\"none\"><\/div><form name=\"form10\" action=\"\/en\/wp-json\/wp\/v2\/pages\/516\" method=\"post\" id=\"form10\" class=\"fm-form form10  \" enctype=\"multipart\/form-data\"><input type=\"hidden\" id=\"fm_page_id10\" value=\"516\" name=\"fm_page_id10\" \/><input type=\"hidden\" id=\"fm_current_post_type10\" value=\"page\" name=\"fm_current_post_type10\" \/><input type=\"hidden\" id=\"counter10\" value=\"7\" name=\"counter10\" \/><input type=\"hidden\" id=\"Itemid10\" value=\"\" name=\"Itemid10\" \/><input type=\"hidden\" id=\"fm_shake10\" value=\"1\" name=\"fm_shake10\" \/><input type=\"text\" class=\"fm-hide\" id=\"fm_empty_field_validation10\" value=\"\" name=\"fm_empty_field_validation10\" data-value=\"bd736efb144d599cf463541431fbf5c4\" \/><div class=\"wdform-page-and-images\" style=\"display:table; border-top:0px solid black;\"><div id=\"10form_view1\" class=\"wdform_page\" page_title=\"Untitled page\" next_title=\"Next\" next_type=\"text\" next_class=\"wdform-page-button\" next_checkable=\"false\" previous_title=\"Previous\" previous_type=\"text\" previous_class=\"wdform-page-button\" previous_checkable=\"false\"><div class=\"wdform_section\"><div class=\"wdform_column \"><div wdid=\"1\" class=\"wdform_row \"><div type=\"type_text\" class=\"wdform-field wd-width-100 wd-flex wd-flex-row fm-type_text\" ><div class=\"wdform-label-section wd-width-30  wd-flex-row wd-align-items-center\" style=\"max-width: 100px;\">    <label  for=\"wdform_1_element10\" class=\"wdform-label\">Ime i prezime<\/label><span class=\"wdform-required\">*<\/span><\/div><div class=\"wdform-element-section wd-flex  wd-flex-row wd-align-items-center wd-width-70\" style=\"max-width: 200px;\"><input type=\"text\"                           class=\"wd-width-100\"                           id=\"wdform_1_element10\"                           name=\"wdform_1_element10\"                           value=\"\"                           data-value=\"\"                           title=\"\"                           placeholder=\"\"                                                       \/><\/div><\/div><\/div><div wdid=\"2\" class=\"wdform_row \"><div type=\"type_date_fields\" class=\"wdform-field wd-width-100 wd-flex wd-flex-row fm-type_date_fields\" ><div class=\"wdform-label-section wd-width-30 wdform_date_fields wd-flex-row\" style=\"max-width: 100px;\">    <label  for=\"wdform_2_day10\" class=\"wdform-label\">Datum ro\u0111enja:<\/label><span class=\"wdform-required\">*<\/span><\/div><div class=\"wdform-element-section wd-flex wdform_date_fields wd-flex-row wd-width-70\" ><div class=\"wd-flex wd-flex-row wd-width-100 wd-align-items\"><div class=\"wd-flex wd-flex-column\"><select id=\"wdform_2_day10\" name=\"wdform_2_day10\" class=\"wdform_select_day\" style=\"width: 60px;\" ><option value=\"\"><\/option><option value=\"01\" >01<\/option><option value=\"02\" >02<\/option><option value=\"03\" >03<\/option><option value=\"04\" >04<\/option><option value=\"05\" >05<\/option><option value=\"06\" >06<\/option><option value=\"07\" >07<\/option><option value=\"08\" >08<\/option><option value=\"09\" >09<\/option><option value=\"10\" >10<\/option><option value=\"11\" >11<\/option><option value=\"12\" >12<\/option><option value=\"13\" >13<\/option><option value=\"14\" >14<\/option><option value=\"15\" >15<\/option><option value=\"16\" >16<\/option><option value=\"17\" >17<\/option><option value=\"18\" >18<\/option><option value=\"19\" >19<\/option><option value=\"20\" >20<\/option><option value=\"21\" >21<\/option><option value=\"22\" >22<\/option><option value=\"23\" >23<\/option><option value=\"24\" >24<\/option><option value=\"25\" >25<\/option><option value=\"26\" >26<\/option><option value=\"27\" >27<\/option><option value=\"28\" >28<\/option><option value=\"29\" >29<\/option><option value=\"30\" >30<\/option><option value=\"31\" >31<\/option><\/select><label for=\"wdform_2_day10\" class=\"mini_label\">dan<\/label><\/div><span class=\"wdform_separator\">&nbsp;\/&nbsp;<\/span><div class=\"wd-flex wd-flex-column\"><select id=\"wdform_2_month10\" name=\"wdform_2_month10\" class=\"wdform_select_month\" style=\"width: 100px;\" ><option value=\"\"><\/option><option value=\"01\"   >January<\/option><option value=\"02\" >February<\/option><option value=\"03\" >March<\/option><option value=\"04\"  >April<\/option><option value=\"05\"  >May<\/option><option value=\"06\"  >June<\/option><option value=\"07\"  >July<\/option><option value=\"08\"  >August<\/option><option value=\"09\"  >September<\/option><option value=\"10\"  >October<\/option><option value=\"11\" >November<\/option><option value=\"12\"  >December<\/option><\/select><label for=\"wdform_2_month10\" class=\"mini_label\">mjesec<\/label><\/div><span class=\"wdform_separator\">&nbsp;\/&nbsp;<\/span><div class=\"wd-flex wd-flex-column\"><select id=\"wdform_2_year10\" name=\"wdform_2_year10\"  from=\"1901\" to=\"2015\" class=\"wdform_select_year\" style=\"width: 80px;\" ><option value=\"\"><\/option><option value=\"2015\" >2015<\/option><option value=\"2014\" >2014<\/option><option value=\"2013\" >2013<\/option><option value=\"2012\" >2012<\/option><option value=\"2011\" >2011<\/option><option value=\"2010\" >2010<\/option><option value=\"2009\" >2009<\/option><option value=\"2008\" >2008<\/option><option value=\"2007\" >2007<\/option><option value=\"2006\" >2006<\/option><option value=\"2005\" >2005<\/option><option value=\"2004\" >2004<\/option><option value=\"2003\" >2003<\/option><option value=\"2002\" >2002<\/option><option value=\"2001\" >2001<\/option><option value=\"2000\" >2000<\/option><option value=\"1999\" >1999<\/option><option value=\"1998\" >1998<\/option><option value=\"1997\" >1997<\/option><option value=\"1996\" >1996<\/option><option value=\"1995\" >1995<\/option><option value=\"1994\" >1994<\/option><option value=\"1993\" >1993<\/option><option value=\"1992\" >1992<\/option><option value=\"1991\" >1991<\/option><option value=\"1990\" >1990<\/option><option value=\"1989\" >1989<\/option><option value=\"1988\" >1988<\/option><option value=\"1987\" >1987<\/option><option value=\"1986\" >1986<\/option><option value=\"1985\" >1985<\/option><option value=\"1984\" >1984<\/option><option value=\"1983\" >1983<\/option><option value=\"1982\" >1982<\/option><option value=\"1981\" >1981<\/option><option value=\"1980\" >1980<\/option><option value=\"1979\" >1979<\/option><option value=\"1978\" >1978<\/option><option value=\"1977\" >1977<\/option><option value=\"1976\" >1976<\/option><option value=\"1975\" >1975<\/option><option value=\"1974\" >1974<\/option><option value=\"1973\" >1973<\/option><option value=\"1972\" >1972<\/option><option value=\"1971\" >1971<\/option><option value=\"1970\" >1970<\/option><option value=\"1969\" >1969<\/option><option value=\"1968\" >1968<\/option><option value=\"1967\" >1967<\/option><option value=\"1966\" >1966<\/option><option value=\"1965\" >1965<\/option><option value=\"1964\" >1964<\/option><option value=\"1963\" >1963<\/option><option value=\"1962\" >1962<\/option><option value=\"1961\" >1961<\/option><option value=\"1960\" >1960<\/option><option value=\"1959\" >1959<\/option><option value=\"1958\" >1958<\/option><option value=\"1957\" >1957<\/option><option value=\"1956\" >1956<\/option><option value=\"1955\" >1955<\/option><option value=\"1954\" >1954<\/option><option value=\"1953\" >1953<\/option><option value=\"1952\" >1952<\/option><option value=\"1951\" >1951<\/option><option value=\"1950\" >1950<\/option><option value=\"1949\" >1949<\/option><option value=\"1948\" >1948<\/option><option value=\"1947\" >1947<\/option><option value=\"1946\" >1946<\/option><option value=\"1945\" >1945<\/option><option value=\"1944\" >1944<\/option><option value=\"1943\" >1943<\/option><option value=\"1942\" >1942<\/option><option value=\"1941\" >1941<\/option><option value=\"1940\" >1940<\/option><option value=\"1939\" >1939<\/option><option value=\"1938\" >1938<\/option><option value=\"1937\" >1937<\/option><option value=\"1936\" >1936<\/option><option value=\"1935\" >1935<\/option><option value=\"1934\" >1934<\/option><option value=\"1933\" >1933<\/option><option value=\"1932\" >1932<\/option><option value=\"1931\" >1931<\/option><option value=\"1930\" >1930<\/option><option value=\"1929\" >1929<\/option><option value=\"1928\" >1928<\/option><option value=\"1927\" >1927<\/option><option value=\"1926\" >1926<\/option><option value=\"1925\" >1925<\/option><option value=\"1924\" >1924<\/option><option value=\"1923\" >1923<\/option><option value=\"1922\" >1922<\/option><option value=\"1921\" >1921<\/option><option value=\"1920\" >1920<\/option><option value=\"1919\" >1919<\/option><option value=\"1918\" >1918<\/option><option value=\"1917\" >1917<\/option><option value=\"1916\" >1916<\/option><option value=\"1915\" >1915<\/option><option value=\"1914\" >1914<\/option><option value=\"1913\" >1913<\/option><option value=\"1912\" >1912<\/option><option value=\"1911\" >1911<\/option><option value=\"1910\" >1910<\/option><option value=\"1909\" >1909<\/option><option value=\"1908\" >1908<\/option><option value=\"1907\" >1907<\/option><option value=\"1906\" >1906<\/option><option value=\"1905\" >1905<\/option><option value=\"1904\" >1904<\/option><option value=\"1903\" >1903<\/option><option value=\"1902\" >1902<\/option><option value=\"1901\" >1901<\/option><\/select><label for=\"wdform_2_year10\" class=\"mini_label\">godina<\/label><\/div><\/div><\/div><\/div><\/div><div wdid=\"3\" class=\"wdform_row \"><div type=\"type_text\" class=\"wdform-field wd-width-100 wd-flex wd-flex-row fm-type_text\" ><div class=\"wdform-label-section wd-width-30  wd-flex-row wd-align-items-center\" style=\"max-width: 100px;\">    <label  for=\"wdform_3_element10\" class=\"wdform-label\">Adresa:<\/label><span class=\"wdform-required\">*<\/span><\/div><div class=\"wdform-element-section wd-flex  wd-flex-row wd-align-items-center wd-width-70\" style=\"max-width: 200px;\"><input type=\"text\"                           class=\"wd-width-100\"                           id=\"wdform_3_element10\"                           name=\"wdform_3_element10\"                           value=\"\"                           data-value=\"\"                           title=\"\"                           placeholder=\"\"                                                       \/><\/div><\/div><\/div><div wdid=\"5\" class=\"wdform_row \"><div type=\"type_submitter_mail\" class=\"wdform-field wd-width-100 wd-flex wd-flex-row fm-type_submitter_mail\" ><div class=\"wdform-label-section wd-width-30  wd-flex-row\" style=\"max-width: 100px;\">    <label  for=\"wdform_5_element10\" class=\"wdform-label\">E-mail:<\/label><span class=\"wdform-required\">*<\/span><\/div><div class=\"wdform-element-section wd-flex  wd-flex-row wd-width-70\" style=\"max-width: 200px;\"><input type=\"text\" class=\"wd-width-100\" id=\"wdform_5_element10\" name=\"wdform_5_element10\" data-value=\"\" value=\"\" title=\"\" placeholder=\"\"   onchange=\"wd_check_email('5', '10', 'This is not a valid email address.')\" \/><\/div><\/div><\/div><div wdid=\"4\" class=\"wdform_row \"><div type=\"type_number\" class=\"wdform-field\" style=\"width: 310px\"><div class=\"wdform-label-section wd-width-30 \" style=\"max-width: 100px;\">    <label  for=\"wdform_4_element10\" class=\"wdform-label\">Telefon:<\/label><span class=\"wdform-required\">*<\/span><\/div><div class=\"wdform-element-section \" style=\"width: 200px;\">              <input type=\"text\"                     class=\"wd-width-100\"                     id=\"wdform_4_element10\"                     name=\"wdform_4_element10\"                     value=\"\"                     data-value=\"\"                     title=\"\"                     >              <\/div><\/div><\/div><div wdid=\"6\" class=\"wdform_row \"><div type=\"type_submit_reset\" class=\"wdform-field wd-width-100 wd-flex wd-flex-column fm-type_submit_reset\" ><div class=\"wdform-element-section wd-flex  wd-flex-row wd-width-100\" ><button  type=\"button\" class=\"button-submit\" onclick=\"fm_submit_form('10');\"  data-ajax=\"0\"><span class=\"fm-submit-loading spinner fm-ico-spinner\"><\/span>Prijava<\/button><button  type=\"button\" class=\"button-reset wd-hidden\" onclick=\"fm_reset_form(10);\" >Reset<\/button><\/div><\/div><\/div><\/div><\/div><div valign=\"top\" class=\"wdform_footer\" style=\"width: 100%;\"><div style=\"width: 100%;\"><div style=\"width: 100%; display: table;\"><div style=\"display: table-row-group;\"><div id=\"10page_nav1\" style=\"display: table-row;\"><\/div><\/div><\/div><\/div><\/div><\/div><\/div><div class=\"wdform_preload\"><\/div><input type=\"hidden\" name=\"fm-current-page\" value=\"https:\/\/sat-amrit.com\/en\/wp-json\/wp\/v2\/pages\/516\" \/><\/form><\/div>\n","protected":false},"excerpt":{"rendered":"<p>KRI Level 1 Aquarian Teacher Training is a 220-hour professional certification program in Kundalini Yoga as taught by Yogi Bhajan.\u00a0 Graduates of Level One earn the title of KRI Certified Instructor of Kundalini Yoga as taught by Yogi Bhajan\u00ae and fulfill the Yoga Alliance RYT (Registered Yoga Teacher) 200-hour requirement which includes 180 hours of [&hellip;]<\/p>\n","protected":false},"author":3,"featured_media":0,"parent":0,"menu_order":0,"comment_status":"closed","ping_status":"closed","template":"","meta":{"_acf_changed":false,"footnotes":""},"class_list":["post-516","page","type-page","status-publish","hentry","post"],"acf":[],"yoast_head":"<!-- This site is optimized with the Yoast SEO plugin v26.6 - https:\/\/yoast.com\/wordpress\/plugins\/seo\/ -->\n<title>Teacher training - Kundalini yoga - SAT AMRIT \u2022 Zapre\u0161i\u0107<\/title>\n<meta name=\"robots\" content=\"index, follow, max-snippet:-1, max-image-preview:large, max-video-preview:-1\" \/>\n<link rel=\"canonical\" href=\"https:\/\/sat-amrit.com\/en\/teacher-training\/\" \/>\n<meta property=\"og:locale\" content=\"en_US\" \/>\n<meta property=\"og:type\" content=\"article\" \/>\n<meta property=\"og:title\" content=\"Teacher training - Kundalini yoga - SAT AMRIT \u2022 Zapre\u0161i\u0107\" \/>\n<meta property=\"og:description\" content=\"KRI Level 1 Aquarian Teacher Training is a 220-hour professional certification program in Kundalini Yoga as taught by Yogi Bhajan.\u00a0 Graduates of Level One earn the title of KRI Certified Instructor of Kundalini Yoga as taught by Yogi Bhajan\u00ae and fulfill the Yoga Alliance RYT (Registered Yoga Teacher) 200-hour requirement which includes 180 hours of [&hellip;]\" \/>\n<meta property=\"og:url\" content=\"https:\/\/sat-amrit.com\/en\/teacher-training\/\" \/>\n<meta property=\"og:site_name\" content=\"Kundalini yoga - SAT AMRIT \u2022 Zapre\u0161i\u0107\" \/>\n<meta property=\"article:modified_time\" content=\"2022-02-08T10:12:00+00:00\" \/>\n<meta property=\"og:image\" content=\"http:\/\/sat-amrit.com\/wp-content\/uploads\/2015\/01\/razmak.jpg\" \/>\n<meta name=\"twitter:card\" content=\"summary_large_image\" \/>\n<meta name=\"twitter:label1\" content=\"Est. reading time\" \/>\n\t<meta name=\"twitter:data1\" content=\"2 minutes\" \/>\n<script type=\"application\/ld+json\" class=\"yoast-schema-graph\">{\"@context\":\"https:\/\/schema.org\",\"@graph\":[{\"@type\":\"WebPage\",\"@id\":\"https:\/\/sat-amrit.com\/en\/teacher-training\/\",\"url\":\"https:\/\/sat-amrit.com\/en\/teacher-training\/\",\"name\":\"Teacher training - Kundalini yoga - SAT AMRIT \u2022 Zapre\u0161i\u0107\",\"isPartOf\":{\"@id\":\"https:\/\/sat-amrit.com\/#website\"},\"primaryImageOfPage\":{\"@id\":\"https:\/\/sat-amrit.com\/en\/teacher-training\/#primaryimage\"},\"image\":{\"@id\":\"https:\/\/sat-amrit.com\/en\/teacher-training\/#primaryimage\"},\"thumbnailUrl\":\"http:\/\/sat-amrit.com\/wp-content\/uploads\/2015\/01\/razmak.jpg\",\"datePublished\":\"2015-09-30T18:30:19+00:00\",\"dateModified\":\"2022-02-08T10:12:00+00:00\",\"breadcrumb\":{\"@id\":\"https:\/\/sat-amrit.com\/en\/teacher-training\/#breadcrumb\"},\"inLanguage\":\"en-US\",\"potentialAction\":[{\"@type\":\"ReadAction\",\"target\":[\"https:\/\/sat-amrit.com\/en\/teacher-training\/\"]}]},{\"@type\":\"ImageObject\",\"inLanguage\":\"en-US\",\"@id\":\"https:\/\/sat-amrit.com\/en\/teacher-training\/#primaryimage\",\"url\":\"http:\/\/sat-amrit.com\/wp-content\/uploads\/2015\/01\/razmak.jpg\",\"contentUrl\":\"http:\/\/sat-amrit.com\/wp-content\/uploads\/2015\/01\/razmak.jpg\"},{\"@type\":\"BreadcrumbList\",\"@id\":\"https:\/\/sat-amrit.com\/en\/teacher-training\/#breadcrumb\",\"itemListElement\":[{\"@type\":\"ListItem\",\"position\":1,\"name\":\"\",\"item\":\"https:\/\/sat-amrit.com\/en\/\"},{\"@type\":\"ListItem\",\"position\":2,\"name\":\"Teacher training\"}]},{\"@type\":\"WebSite\",\"@id\":\"https:\/\/sat-amrit.com\/#website\",\"url\":\"https:\/\/sat-amrit.com\/\",\"name\":\"Kundalini yoga - SAT AMRIT \u2022 Zapre\u0161i\u0107\",\"description\":\"Kundalini yoga prema u\u010denju Yogi Bhajana\",\"publisher\":{\"@id\":\"https:\/\/sat-amrit.com\/#organization\"},\"potentialAction\":[{\"@type\":\"SearchAction\",\"target\":{\"@type\":\"EntryPoint\",\"urlTemplate\":\"https:\/\/sat-amrit.com\/?s={search_term_string}\"},\"query-input\":{\"@type\":\"PropertyValueSpecification\",\"valueRequired\":true,\"valueName\":\"search_term_string\"}}],\"inLanguage\":\"en-US\"},{\"@type\":\"Organization\",\"@id\":\"https:\/\/sat-amrit.com\/#organization\",\"name\":\"Sat Amrit j.d.o.o.\",\"url\":\"https:\/\/sat-amrit.com\/\",\"logo\":{\"@type\":\"ImageObject\",\"inLanguage\":\"en-US\",\"@id\":\"https:\/\/sat-amrit.com\/#\/schema\/logo\/image\/\",\"url\":\"https:\/\/sat-amrit.com\/wp-content\/uploads\/2014\/12\/Yoga-Studio-Zapresic.jpg\",\"contentUrl\":\"https:\/\/sat-amrit.com\/wp-content\/uploads\/2014\/12\/Yoga-Studio-Zapresic.jpg\",\"width\":930,\"height\":800,\"caption\":\"Sat Amrit j.d.o.o.\"},\"image\":{\"@id\":\"https:\/\/sat-amrit.com\/#\/schema\/logo\/image\/\"}}]}<\/script>\n<!-- \/ Yoast SEO plugin. -->","yoast_head_json":{"title":"Teacher training - Kundalini yoga - SAT AMRIT \u2022 Zapre\u0161i\u0107","robots":{"index":"index","follow":"follow","max-snippet":"max-snippet:-1","max-image-preview":"max-image-preview:large","max-video-preview":"max-video-preview:-1"},"canonical":"https:\/\/sat-amrit.com\/en\/teacher-training\/","og_locale":"en_US","og_type":"article","og_title":"Teacher training - Kundalini yoga - SAT AMRIT \u2022 Zapre\u0161i\u0107","og_description":"KRI Level 1 Aquarian Teacher Training is a 220-hour professional certification program in Kundalini Yoga as taught by Yogi Bhajan.\u00a0 Graduates of Level One earn the title of KRI Certified Instructor of Kundalini Yoga as taught by Yogi Bhajan\u00ae and fulfill the Yoga Alliance RYT (Registered Yoga Teacher) 200-hour requirement which includes 180 hours of [&hellip;]","og_url":"https:\/\/sat-amrit.com\/en\/teacher-training\/","og_site_name":"Kundalini yoga - SAT AMRIT \u2022 Zapre\u0161i\u0107","article_modified_time":"2022-02-08T10:12:00+00:00","og_image":[{"url":"http:\/\/sat-amrit.com\/wp-content\/uploads\/2015\/01\/razmak.jpg","type":"","width":"","height":""}],"twitter_card":"summary_large_image","twitter_misc":{"Est. reading time":"2 minutes"},"schema":{"@context":"https:\/\/schema.org","@graph":[{"@type":"WebPage","@id":"https:\/\/sat-amrit.com\/en\/teacher-training\/","url":"https:\/\/sat-amrit.com\/en\/teacher-training\/","name":"Teacher training - Kundalini yoga - SAT AMRIT \u2022 Zapre\u0161i\u0107","isPartOf":{"@id":"https:\/\/sat-amrit.com\/#website"},"primaryImageOfPage":{"@id":"https:\/\/sat-amrit.com\/en\/teacher-training\/#primaryimage"},"image":{"@id":"https:\/\/sat-amrit.com\/en\/teacher-training\/#primaryimage"},"thumbnailUrl":"http:\/\/sat-amrit.com\/wp-content\/uploads\/2015\/01\/razmak.jpg","datePublished":"2015-09-30T18:30:19+00:00","dateModified":"2022-02-08T10:12:00+00:00","breadcrumb":{"@id":"https:\/\/sat-amrit.com\/en\/teacher-training\/#breadcrumb"},"inLanguage":"en-US","potentialAction":[{"@type":"ReadAction","target":["https:\/\/sat-amrit.com\/en\/teacher-training\/"]}]},{"@type":"ImageObject","inLanguage":"en-US","@id":"https:\/\/sat-amrit.com\/en\/teacher-training\/#primaryimage","url":"http:\/\/sat-amrit.com\/wp-content\/uploads\/2015\/01\/razmak.jpg","contentUrl":"http:\/\/sat-amrit.com\/wp-content\/uploads\/2015\/01\/razmak.jpg"},{"@type":"BreadcrumbList","@id":"https:\/\/sat-amrit.com\/en\/teacher-training\/#breadcrumb","itemListElement":[{"@type":"ListItem","position":1,"name":"","item":"https:\/\/sat-amrit.com\/en\/"},{"@type":"ListItem","position":2,"name":"Teacher training"}]},{"@type":"WebSite","@id":"https:\/\/sat-amrit.com\/#website","url":"https:\/\/sat-amrit.com\/","name":"Kundalini yoga - SAT AMRIT \u2022 Zapre\u0161i\u0107","description":"Kundalini yoga prema u\u010denju Yogi Bhajana","publisher":{"@id":"https:\/\/sat-amrit.com\/#organization"},"potentialAction":[{"@type":"SearchAction","target":{"@type":"EntryPoint","urlTemplate":"https:\/\/sat-amrit.com\/?s={search_term_string}"},"query-input":{"@type":"PropertyValueSpecification","valueRequired":true,"valueName":"search_term_string"}}],"inLanguage":"en-US"},{"@type":"Organization","@id":"https:\/\/sat-amrit.com\/#organization","name":"Sat Amrit j.d.o.o.","url":"https:\/\/sat-amrit.com\/","logo":{"@type":"ImageObject","inLanguage":"en-US","@id":"https:\/\/sat-amrit.com\/#\/schema\/logo\/image\/","url":"https:\/\/sat-amrit.com\/wp-content\/uploads\/2014\/12\/Yoga-Studio-Zapresic.jpg","contentUrl":"https:\/\/sat-amrit.com\/wp-content\/uploads\/2014\/12\/Yoga-Studio-Zapresic.jpg","width":930,"height":800,"caption":"Sat Amrit j.d.o.o."},"image":{"@id":"https:\/\/sat-amrit.com\/#\/schema\/logo\/image\/"}}]}},"_links":{"self":[{"href":"https:\/\/sat-amrit.com\/en\/wp-json\/wp\/v2\/pages\/516","targetHints":{"allow":["GET"]}}],"collection":[{"href":"https:\/\/sat-amrit.com\/en\/wp-json\/wp\/v2\/pages"}],"about":[{"href":"https:\/\/sat-amrit.com\/en\/wp-json\/wp\/v2\/types\/page"}],"author":[{"embeddable":true,"href":"https:\/\/sat-amrit.com\/en\/wp-json\/wp\/v2\/users\/3"}],"replies":[{"embeddable":true,"href":"https:\/\/sat-amrit.com\/en\/wp-json\/wp\/v2\/comments?post=516"}],"version-history":[{"count":16,"href":"https:\/\/sat-amrit.com\/en\/wp-json\/wp\/v2\/pages\/516\/revisions"}],"predecessor-version":[{"id":4900,"href":"https:\/\/sat-amrit.com\/en\/wp-json\/wp\/v2\/pages\/516\/revisions\/4900"}],"wp:attachment":[{"href":"https:\/\/sat-amrit.com\/en\/wp-json\/wp\/v2\/media?parent=516"}],"curies":[{"name":"wp","href":"https:\/\/api.w.org\/{rel}","templated":true}]}}