{"id":520,"date":"2015-09-30T18:33:41","date_gmt":"2015-09-30T18:33:41","guid":{"rendered":"http:\/\/www.sat-amrit.com\/?page_id=520&#038;lang=en"},"modified":"2018-03-03T14:54:09","modified_gmt":"2018-03-03T13:54:09","slug":"souldancing-to-womanhood","status":"publish","type":"page","link":"https:\/\/sat-amrit.com\/en\/souldancing-to-womanhood\/","title":{"rendered":"E-motion"},"content":{"rendered":"<p>&nbsp;<\/p>\n<p><strong>\u00a0<\/strong><br \/>\n<img loading=\"lazy\" decoding=\"async\" src=\"http:\/\/sat-amrit.com\/wp-content\/uploads\/2015\/01\/glava.jpg\" alt=\"\" class=\"size-full wp-image-2003 alignleft\" width=\"120\" height=\"131\" \/>By practicing Kundalini Yoga kriyas and meditations as well as oriental dance movements we dive into the rhythmic flow of our infinite energy. A woman&#8217;s body and her energy field are a source of creation. The spiral movement of female energy is complete in itself. For preserving and restoring health and joy there is no better way for a woman than to become aware of this constant, circular movement of her own energy and harmonize her strength and softness.<\/p>\n<p>The kriyas and meditations carry us deep into ourselves and let us awaken to our physical, mental and soul body.<\/p>\n<p>The soft, circular and womanly movements, which follow the kriya and meditation, let us sink into our emotions, feel and express them. We set ourselves free from inner conflict. Emotional commotion turns into harmonious rhythmic frequencies.<\/p>\n<p>Since September 2017 you can join our regular classes on Wednesdays from 19:45 to 21:45 at Yoga Studio Zapre\u0161i\u0107.<\/p>\n<p><em><strong>Sign up for 3-hour-workshops which are held at various locations in Croatia. Dates for workshops are published one month prior to workshops.<\/strong> <\/em><\/p>\n<p><strong><\/strong>Pricing: 200,00 kn<\/p>\n<div style=\"display:none\" class=\"fm-form-container fm-theme10\"><div id=\"fm-pages15\" class=\"fm-pages wdform_page_navigation \" show_title=\"false\" show_numbers=\"true\" type=\"none\"><\/div><form name=\"form15\" action=\"\/en\/wp-json\/wp\/v2\/pages\/520\" method=\"post\" id=\"form15\" class=\"fm-form form15  \" enctype=\"multipart\/form-data\"><input type=\"hidden\" id=\"fm_page_id15\" value=\"520\" name=\"fm_page_id15\" \/><input type=\"hidden\" id=\"fm_current_post_type15\" value=\"page\" name=\"fm_current_post_type15\" \/><input type=\"hidden\" id=\"counter15\" value=\"9\" name=\"counter15\" \/><input type=\"hidden\" id=\"Itemid15\" value=\"\" name=\"Itemid15\" \/><input type=\"hidden\" id=\"fm_shake15\" value=\"1\" name=\"fm_shake15\" \/><input type=\"text\" class=\"fm-hide\" id=\"fm_empty_field_validation15\" value=\"\" name=\"fm_empty_field_validation15\" data-value=\"bd736efb144d599cf463541431fbf5c4\" \/><div class=\"wdform-page-and-images\" style=\"display:table; border-top:0px solid black;\"><div id=\"15form_view1\" class=\"wdform_page\" page_title=\"Untitled page\" next_title=\"Next\" next_type=\"text\" next_class=\"wdform-page-button\" next_checkable=\"false\" previous_title=\"Previous\" previous_type=\"text\" previous_class=\"wdform-page-button\" previous_checkable=\"false\"><div class=\"wdform_section\"><div class=\"wdform_column \"><div wdid=\"7\" class=\"wdform_row \"><div type=\"type_text\" class=\"wdform-field wd-width-100 wd-flex wd-flex-row fm-type_text\" ><div class=\"wdform-label-section wd-width-30  wd-flex-row wd-align-items-center\" style=\"max-width: 100px;\">    <label  for=\"wdform_7_element15\" class=\"wdform-label\">Name:<\/label><span class=\"wdform-required\">*<\/span><\/div><div class=\"wdform-element-section wd-flex  wd-flex-row wd-align-items-center wd-width-70\" style=\"max-width: 200px;\"><input type=\"text\"                           class=\"wd-width-100\"                           id=\"wdform_7_element15\"                           name=\"wdform_7_element15\"                           value=\"\"                           data-value=\"\"                           title=\"\"                           placeholder=\"\"                                                       \/><\/div><\/div><\/div><div wdid=\"2\" class=\"wdform_row \"><div type=\"type_submitter_mail\" class=\"wdform-field wd-width-100 wd-flex wd-flex-row fm-type_submitter_mail\" ><div class=\"wdform-label-section wd-width-30  wd-flex-row\" style=\"max-width: 100px;\">    <label  for=\"wdform_2_element15\" class=\"wdform-label\">E-mail:<\/label><span class=\"wdform-required\">*<\/span><\/div><div class=\"wdform-element-section wd-flex  wd-flex-row wd-width-70\" style=\"max-width: 200px;\"><input type=\"text\" class=\"wd-width-100\" id=\"wdform_2_element15\" name=\"wdform_2_element15\" data-value=\"\" value=\"\" title=\"\" placeholder=\"\"   onchange=\"wd_check_email('2', '15', 'This is not a valid email address.')\" \/><\/div><\/div><\/div><div wdid=\"8\" class=\"wdform_row \"><div type=\"type_text\" class=\"wdform-field wd-width-100 wd-flex wd-flex-row fm-type_text\" ><div class=\"wdform-label-section wd-width-30  wd-flex-row wd-align-items-center\" style=\"max-width: 100px;\">    <label  for=\"wdform_8_element15\" class=\"wdform-label\">Telephone Number:<\/label><\/div><div class=\"wdform-element-section wd-flex  wd-flex-row wd-align-items-center wd-width-70\" style=\"max-width: 200px;\"><input type=\"text\"                           class=\"wd-width-100\"                           id=\"wdform_8_element15\"                           name=\"wdform_8_element15\"                           value=\"\"                           data-value=\"\"                           title=\"\"                           placeholder=\"\"                                                       \/><\/div><\/div><\/div><div wdid=\"4\" class=\"wdform_row \"><div type=\"type_textarea\" class=\"wdform-field wd-width-100 wd-flex wd-flex-row fm-type_textarea\" ><div class=\"wdform-label-section wd-width-30 \" style=\"max-width: 100px;\">    <label  for=\"wdform_4_element15\" class=\"wdform-label\">Question \/ Comment:<\/label><span class=\"wdform-required\">*<\/span><\/div><div class=\"wdform-element-section wd-flex  wd-width-70\" style=\"max-width: 200px;\"><textarea class=\"wd-width-100\"                      id=\"wdform_4_element15\"                      name=\"wdform_4_element15\"                      placeholder=\"\"                      data-value=\"\"                      maxlength=\"\"                      style=\"height: 100px;\"                      ><\/textarea><\/div><\/div><\/div><div wdid=\"5\" class=\"wdform_row \"><div type=\"type_submit_reset\" class=\"wdform-field wd-width-100 wd-flex wd-flex-column fm-type_submit_reset\" ><div class=\"wdform-element-section wd-flex  wd-flex-row wd-width-100\" ><button  type=\"button\" class=\"button-submit\" onclick=\"fm_submit_form('15');\"  data-ajax=\"0\"><span class=\"fm-submit-loading spinner fm-ico-spinner\"><\/span>Send<\/button><button  type=\"button\" class=\"button-reset wd-hidden\" onclick=\"fm_reset_form(15);\" >Reset<\/button><\/div><\/div><\/div><\/div><\/div><div valign=\"top\" class=\"wdform_footer\" style=\"width: 100%;\"><div style=\"width: 100%;\"><div style=\"width: 100%; display: table;\"><div style=\"display: table-row-group;\"><div id=\"15page_nav1\" style=\"display: table-row;\"><\/div><\/div><\/div><\/div><\/div><\/div><\/div><div class=\"wdform_preload\"><\/div><input type=\"hidden\" name=\"fm-current-page\" value=\"https:\/\/sat-amrit.com\/en\/wp-json\/wp\/v2\/pages\/520\" \/><\/form><\/div>\n","protected":false},"excerpt":{"rendered":"<p>&nbsp; \u00a0 By practicing Kundalini Yoga kriyas and meditations as well as oriental dance movements we dive into the rhythmic flow of our infinite energy. A woman&#8217;s body and her energy field are a source of creation. The spiral movement of female energy is complete in itself. For preserving and restoring health and joy there [&hellip;]<\/p>\n","protected":false},"author":3,"featured_media":0,"parent":0,"menu_order":0,"comment_status":"closed","ping_status":"closed","template":"","meta":{"_acf_changed":false,"footnotes":""},"class_list":["post-520","page","type-page","status-publish","hentry","post"],"acf":[],"yoast_head":"<!-- This site is optimized with the Yoast SEO plugin v26.6 - https:\/\/yoast.com\/wordpress\/plugins\/seo\/ -->\n<title>E-motion - Kundalini yoga - SAT AMRIT \u2022 Zapre\u0161i\u0107<\/title>\n<meta name=\"robots\" content=\"index, follow, max-snippet:-1, max-image-preview:large, max-video-preview:-1\" \/>\n<link rel=\"canonical\" href=\"https:\/\/sat-amrit.com\/en\/souldancing-to-womanhood\/\" \/>\n<meta property=\"og:locale\" content=\"en_US\" \/>\n<meta property=\"og:type\" content=\"article\" \/>\n<meta property=\"og:title\" content=\"E-motion - Kundalini yoga - SAT AMRIT \u2022 Zapre\u0161i\u0107\" \/>\n<meta property=\"og:description\" content=\"&nbsp; \u00a0 By practicing Kundalini Yoga kriyas and meditations as well as oriental dance movements we dive into the rhythmic flow of our infinite energy. A woman&#8217;s body and her energy field are a source of creation. The spiral movement of female energy is complete in itself. For preserving and restoring health and joy there [&hellip;]\" \/>\n<meta property=\"og:url\" content=\"https:\/\/sat-amrit.com\/en\/souldancing-to-womanhood\/\" \/>\n<meta property=\"og:site_name\" content=\"Kundalini yoga - SAT AMRIT \u2022 Zapre\u0161i\u0107\" \/>\n<meta property=\"article:modified_time\" content=\"2018-03-03T13:54:09+00:00\" \/>\n<meta property=\"og:image\" content=\"http:\/\/sat-amrit.com\/wp-content\/uploads\/2015\/01\/glava.jpg\" \/>\n<meta name=\"twitter:card\" content=\"summary_large_image\" \/>\n<meta name=\"twitter:label1\" content=\"Est. reading time\" \/>\n\t<meta name=\"twitter:data1\" content=\"1 minute\" \/>\n<script type=\"application\/ld+json\" class=\"yoast-schema-graph\">{\"@context\":\"https:\/\/schema.org\",\"@graph\":[{\"@type\":\"WebPage\",\"@id\":\"https:\/\/sat-amrit.com\/en\/souldancing-to-womanhood\/\",\"url\":\"https:\/\/sat-amrit.com\/en\/souldancing-to-womanhood\/\",\"name\":\"E-motion - Kundalini yoga - SAT AMRIT \u2022 Zapre\u0161i\u0107\",\"isPartOf\":{\"@id\":\"https:\/\/sat-amrit.com\/#website\"},\"primaryImageOfPage\":{\"@id\":\"https:\/\/sat-amrit.com\/en\/souldancing-to-womanhood\/#primaryimage\"},\"image\":{\"@id\":\"https:\/\/sat-amrit.com\/en\/souldancing-to-womanhood\/#primaryimage\"},\"thumbnailUrl\":\"http:\/\/sat-amrit.com\/wp-content\/uploads\/2015\/01\/glava.jpg\",\"datePublished\":\"2015-09-30T18:33:41+00:00\",\"dateModified\":\"2018-03-03T13:54:09+00:00\",\"breadcrumb\":{\"@id\":\"https:\/\/sat-amrit.com\/en\/souldancing-to-womanhood\/#breadcrumb\"},\"inLanguage\":\"en-US\",\"potentialAction\":[{\"@type\":\"ReadAction\",\"target\":[\"https:\/\/sat-amrit.com\/en\/souldancing-to-womanhood\/\"]}]},{\"@type\":\"ImageObject\",\"inLanguage\":\"en-US\",\"@id\":\"https:\/\/sat-amrit.com\/en\/souldancing-to-womanhood\/#primaryimage\",\"url\":\"http:\/\/sat-amrit.com\/wp-content\/uploads\/2015\/01\/glava.jpg\",\"contentUrl\":\"http:\/\/sat-amrit.com\/wp-content\/uploads\/2015\/01\/glava.jpg\"},{\"@type\":\"BreadcrumbList\",\"@id\":\"https:\/\/sat-amrit.com\/en\/souldancing-to-womanhood\/#breadcrumb\",\"itemListElement\":[{\"@type\":\"ListItem\",\"position\":1,\"name\":\"\",\"item\":\"https:\/\/sat-amrit.com\/en\/\"},{\"@type\":\"ListItem\",\"position\":2,\"name\":\"E-motion\"}]},{\"@type\":\"WebSite\",\"@id\":\"https:\/\/sat-amrit.com\/#website\",\"url\":\"https:\/\/sat-amrit.com\/\",\"name\":\"Kundalini yoga - SAT AMRIT \u2022 Zapre\u0161i\u0107\",\"description\":\"Kundalini yoga prema u\u010denju Yogi Bhajana\",\"publisher\":{\"@id\":\"https:\/\/sat-amrit.com\/#organization\"},\"potentialAction\":[{\"@type\":\"SearchAction\",\"target\":{\"@type\":\"EntryPoint\",\"urlTemplate\":\"https:\/\/sat-amrit.com\/?s={search_term_string}\"},\"query-input\":{\"@type\":\"PropertyValueSpecification\",\"valueRequired\":true,\"valueName\":\"search_term_string\"}}],\"inLanguage\":\"en-US\"},{\"@type\":\"Organization\",\"@id\":\"https:\/\/sat-amrit.com\/#organization\",\"name\":\"Sat Amrit j.d.o.o.\",\"url\":\"https:\/\/sat-amrit.com\/\",\"logo\":{\"@type\":\"ImageObject\",\"inLanguage\":\"en-US\",\"@id\":\"https:\/\/sat-amrit.com\/#\/schema\/logo\/image\/\",\"url\":\"https:\/\/sat-amrit.com\/wp-content\/uploads\/2014\/12\/Yoga-Studio-Zapresic.jpg\",\"contentUrl\":\"https:\/\/sat-amrit.com\/wp-content\/uploads\/2014\/12\/Yoga-Studio-Zapresic.jpg\",\"width\":930,\"height\":800,\"caption\":\"Sat Amrit j.d.o.o.\"},\"image\":{\"@id\":\"https:\/\/sat-amrit.com\/#\/schema\/logo\/image\/\"}}]}<\/script>\n<!-- \/ Yoast SEO plugin. -->","yoast_head_json":{"title":"E-motion - Kundalini yoga - SAT AMRIT \u2022 Zapre\u0161i\u0107","robots":{"index":"index","follow":"follow","max-snippet":"max-snippet:-1","max-image-preview":"max-image-preview:large","max-video-preview":"max-video-preview:-1"},"canonical":"https:\/\/sat-amrit.com\/en\/souldancing-to-womanhood\/","og_locale":"en_US","og_type":"article","og_title":"E-motion - Kundalini yoga - SAT AMRIT \u2022 Zapre\u0161i\u0107","og_description":"&nbsp; \u00a0 By practicing Kundalini Yoga kriyas and meditations as well as oriental dance movements we dive into the rhythmic flow of our infinite energy. A woman&#8217;s body and her energy field are a source of creation. The spiral movement of female energy is complete in itself. For preserving and restoring health and joy there [&hellip;]","og_url":"https:\/\/sat-amrit.com\/en\/souldancing-to-womanhood\/","og_site_name":"Kundalini yoga - SAT AMRIT \u2022 Zapre\u0161i\u0107","article_modified_time":"2018-03-03T13:54:09+00:00","og_image":[{"url":"http:\/\/sat-amrit.com\/wp-content\/uploads\/2015\/01\/glava.jpg","type":"","width":"","height":""}],"twitter_card":"summary_large_image","twitter_misc":{"Est. reading time":"1 minute"},"schema":{"@context":"https:\/\/schema.org","@graph":[{"@type":"WebPage","@id":"https:\/\/sat-amrit.com\/en\/souldancing-to-womanhood\/","url":"https:\/\/sat-amrit.com\/en\/souldancing-to-womanhood\/","name":"E-motion - Kundalini yoga - SAT AMRIT \u2022 Zapre\u0161i\u0107","isPartOf":{"@id":"https:\/\/sat-amrit.com\/#website"},"primaryImageOfPage":{"@id":"https:\/\/sat-amrit.com\/en\/souldancing-to-womanhood\/#primaryimage"},"image":{"@id":"https:\/\/sat-amrit.com\/en\/souldancing-to-womanhood\/#primaryimage"},"thumbnailUrl":"http:\/\/sat-amrit.com\/wp-content\/uploads\/2015\/01\/glava.jpg","datePublished":"2015-09-30T18:33:41+00:00","dateModified":"2018-03-03T13:54:09+00:00","breadcrumb":{"@id":"https:\/\/sat-amrit.com\/en\/souldancing-to-womanhood\/#breadcrumb"},"inLanguage":"en-US","potentialAction":[{"@type":"ReadAction","target":["https:\/\/sat-amrit.com\/en\/souldancing-to-womanhood\/"]}]},{"@type":"ImageObject","inLanguage":"en-US","@id":"https:\/\/sat-amrit.com\/en\/souldancing-to-womanhood\/#primaryimage","url":"http:\/\/sat-amrit.com\/wp-content\/uploads\/2015\/01\/glava.jpg","contentUrl":"http:\/\/sat-amrit.com\/wp-content\/uploads\/2015\/01\/glava.jpg"},{"@type":"BreadcrumbList","@id":"https:\/\/sat-amrit.com\/en\/souldancing-to-womanhood\/#breadcrumb","itemListElement":[{"@type":"ListItem","position":1,"name":"","item":"https:\/\/sat-amrit.com\/en\/"},{"@type":"ListItem","position":2,"name":"E-motion"}]},{"@type":"WebSite","@id":"https:\/\/sat-amrit.com\/#website","url":"https:\/\/sat-amrit.com\/","name":"Kundalini yoga - SAT AMRIT \u2022 Zapre\u0161i\u0107","description":"Kundalini yoga prema u\u010denju Yogi Bhajana","publisher":{"@id":"https:\/\/sat-amrit.com\/#organization"},"potentialAction":[{"@type":"SearchAction","target":{"@type":"EntryPoint","urlTemplate":"https:\/\/sat-amrit.com\/?s={search_term_string}"},"query-input":{"@type":"PropertyValueSpecification","valueRequired":true,"valueName":"search_term_string"}}],"inLanguage":"en-US"},{"@type":"Organization","@id":"https:\/\/sat-amrit.com\/#organization","name":"Sat Amrit j.d.o.o.","url":"https:\/\/sat-amrit.com\/","logo":{"@type":"ImageObject","inLanguage":"en-US","@id":"https:\/\/sat-amrit.com\/#\/schema\/logo\/image\/","url":"https:\/\/sat-amrit.com\/wp-content\/uploads\/2014\/12\/Yoga-Studio-Zapresic.jpg","contentUrl":"https:\/\/sat-amrit.com\/wp-content\/uploads\/2014\/12\/Yoga-Studio-Zapresic.jpg","width":930,"height":800,"caption":"Sat Amrit j.d.o.o."},"image":{"@id":"https:\/\/sat-amrit.com\/#\/schema\/logo\/image\/"}}]}},"_links":{"self":[{"href":"https:\/\/sat-amrit.com\/en\/wp-json\/wp\/v2\/pages\/520","targetHints":{"allow":["GET"]}}],"collection":[{"href":"https:\/\/sat-amrit.com\/en\/wp-json\/wp\/v2\/pages"}],"about":[{"href":"https:\/\/sat-amrit.com\/en\/wp-json\/wp\/v2\/types\/page"}],"author":[{"embeddable":true,"href":"https:\/\/sat-amrit.com\/en\/wp-json\/wp\/v2\/users\/3"}],"replies":[{"embeddable":true,"href":"https:\/\/sat-amrit.com\/en\/wp-json\/wp\/v2\/comments?post=520"}],"version-history":[{"count":4,"href":"https:\/\/sat-amrit.com\/en\/wp-json\/wp\/v2\/pages\/520\/revisions"}],"predecessor-version":[{"id":2279,"href":"https:\/\/sat-amrit.com\/en\/wp-json\/wp\/v2\/pages\/520\/revisions\/2279"}],"wp:attachment":[{"href":"https:\/\/sat-amrit.com\/en\/wp-json\/wp\/v2\/media?parent=520"}],"curies":[{"name":"wp","href":"https:\/\/api.w.org\/{rel}","templated":true}]}}