{"id":666,"date":"2015-10-09T14:24:31","date_gmt":"2015-10-09T14:24:31","guid":{"rendered":"http:\/\/www.sat-amrit.com\/en\/?page_id=666"},"modified":"2015-10-09T14:24:31","modified_gmt":"2015-10-09T14:24:31","slug":"yogi-bhajan","status":"publish","type":"page","link":"https:\/\/sat-amrit.com\/en\/yogi-bhajan\/","title":{"rendered":"Yogi Bhajan"},"content":{"rendered":"<p><a href=\"http:\/\/sat-amrit.com\/wp-content\/uploads\/2014\/12\/YOGI-bHAJAN.jpg\" data-rel=\"lightbox-image-0\" data-rl_title=\"\" data-rl_caption=\"\" title=\"\"><img loading=\"lazy\" decoding=\"async\" class=\"aligncenter wp-image-92\" src=\"http:\/\/sat-amrit.com\/wp-content\/uploads\/2014\/12\/YOGI-bHAJAN.jpg\" alt=\"YOGI-bHAJAN\" width=\"715\" height=\"298\" srcset=\"https:\/\/sat-amrit.com\/wp-content\/uploads\/2014\/12\/YOGI-bHAJAN.jpg 679w, https:\/\/sat-amrit.com\/wp-content\/uploads\/2014\/12\/YOGI-bHAJAN-300x125.jpg 300w\" sizes=\"auto, (max-width: 715px) 100vw, 715px\" \/><\/a><\/p>\n<p style=\"text-align: justify;\">Harbhajan Singh Puri ro\u0111en je 26.8.1929. godine u malom mjestu Kot Harkam u sjevernoj Indiji, dana\u0161njem Pakistanu. Svoje obrazovanje stje\u010de u privatnim \u0161kolama, a u ranoj mladosti poha\u0111a i Katoli\u010dku \u0161kolu unutar \u017eenskog samostana.<\/p>\n<p style=\"text-align: justify;\">Kundalini yogu, Tantri\u010dku yogu i Gong meditaciju od svoje osme godine u\u010di pod vodstvom svog duhovnog u\u010ditelja Sant Hazare Singha, majstora Kundalini yoge i tada\u0161njeg <em>Mahan Tantrica<\/em>. Beskompromisni Sant Hazara Singh u svog u\u010denika usa\u0111uje na\u010delo neodustajanja i pomicanja granica, bez obzira bile one unutarnje ili vanjske naravi. U dobi od samo 16 godina Harbhajan Singh od svog je u\u010ditelja progla\u0161en majstorom Kundalini yoge.<\/p>\n<p style=\"text-align: justify;\">Nakon bolnog rastanka od Sant Hazare Singha dugi niz godina Yogi Bhajan odlazi raznim duhovnim u\u010diteljima u ashrame Indije i Himalaya gdje prou\u010dava i druge vrste yoge. Formalno obrazovanje stje\u010de na sveu\u010dili\u0161tu u Pand\u017eabu, gdje upisuje studij ekonomije. Nakon zavr\u0161enog studija zapo\u010dinje uspje\u0161nu karijeru u Indijskoj dr\u017eavnoj slu\u017ebi, te osniva obitelj. Istovremeno podu\u010dava yogu, a zbog uvjerenja da se potpuno duhovno ispunjenje mo\u017ee prona\u0107i jedino kroz ponizno i nesebi\u010dno slu\u017eenje, nekoliko godina svakodnevno odlazi u Zlatni Hram u Amritsaru gdje vr\u0161i sevu ribaju\u0107i podove hrama.<\/p>\n<p style=\"text-align: justify;\">U rujnu 1968. pozvan je u Kanadu da podu\u010dava yogu na Sveu\u010dili\u0161tu u Torontu, a nakon dva mjeseca odlazi u Los Angeles gdje zapo\u010dinje s javnim podu\u010davanjem Kundalini yoge. Njegova u\u010denja brzo se \u0161ire i izvan granica SAD-a. Rijetko vi\u0111ena kombinacija duhovnih i prakti\u010dnih znanja otvara mu vrata u mnoga podru\u010dja \u017eivota. U ulozi zagovornika svjetskog mira i zajedni\u0161tva svih vjera sastaje se s vode\u0107im pripadnicima razli\u010ditih religija, a me\u0111u njima i Papom Ivanom Pavlom II. i Dalai Lamom.<\/p>\n<p style=\"text-align: justify;\">Nakon smrti tibetanskog majstora Bijele Tantre Lame Lilana Poa, jedinog tada\u0161njeg Velikog Tantrika i tako\u0111er u\u010denika Hazare Singha, Yogi Bhajan 1971. postaje novi <em>Mahan Tantric<\/em>. Radionice Bijele Tantre odr\u017eava po cijelom svijetu.<\/p>\n<p style=\"text-align: justify;\">Osnivanje organizacije <em>3HO<\/em> (Organizacija Healthy, Happy, Holy) 1969. godine na temelju stava da svi imaju pravo \u017eivjeti zdravim, sretnim i cjelovitim \u017eivotom vodi do uspostave 300 centara u 35 razli\u010ditih zemalja i uz <em>Kundalini Yoga Research Institute<\/em> ima va\u017enu ulogu u izobrazbi u\u010ditelja Kundalini yoge po cijelom svijetu. Tako\u0111er je odraz njegovog gesla <em>Do\u0161ao sam s namjerom stvarati u\u010ditelje, a ne skupljati u\u010denike.<\/em><\/p>\n<p style=\"text-align: justify;\">Yogi Bhajan napisao je vi\u0161e od 30 knjiga, a 1980. godine svojom doktorskom disertacijom <em>Communication: Liberation or condemnation<\/em> (Komunikacija: Oslobo\u0111enje ili osu\u0111ivanje) postaje pokreta\u010d nove znanosti zvane <em>Humanologija.<\/em><\/p>\n<p style=\"text-align: justify;\">Yogi Bhajan svoje fizi\u010dko tijelo napustio je 6.listopada 2004. godine. Njegova otvorenost prema svakom ljudskom bi\u0107u uz bezkompromisno ustrajanje na izvrsnosti u\u010dinili su ga vrhunskim u\u010diteljem.<\/p>\n<p style=\"text-align: justify;\">\n<div style=\"height: 35px;\"><\/div>\n<div style=\"height: 35px;\"><\/div>\n","protected":false},"excerpt":{"rendered":"<p>Harbhajan Singh Puri ro\u0111en je 26.8.1929. godine u malom mjestu Kot Harkam u sjevernoj Indiji, dana\u0161njem Pakistanu. Svoje obrazovanje stje\u010de u privatnim \u0161kolama, a u ranoj mladosti poha\u0111a i Katoli\u010dku \u0161kolu unutar \u017eenskog samostana. Kundalini yogu, Tantri\u010dku yogu i Gong meditaciju od svoje osme godine u\u010di pod vodstvom svog duhovnog u\u010ditelja Sant Hazare Singha, majstora [&hellip;]<\/p>\n","protected":false},"author":3,"featured_media":0,"parent":0,"menu_order":0,"comment_status":"closed","ping_status":"closed","template":"","meta":{"_acf_changed":false,"footnotes":""},"class_list":["post-666","page","type-page","status-publish","hentry","post"],"acf":[],"yoast_head":"<!-- This site is optimized with the Yoast SEO plugin v26.6 - https:\/\/yoast.com\/wordpress\/plugins\/seo\/ -->\n<title>Yogi Bhajan - Kundalini yoga - SAT AMRIT \u2022 Zapre\u0161i\u0107<\/title>\n<meta name=\"robots\" content=\"index, follow, max-snippet:-1, max-image-preview:large, max-video-preview:-1\" \/>\n<link rel=\"canonical\" href=\"https:\/\/sat-amrit.com\/en\/yogi-bhajan\/\" \/>\n<meta property=\"og:locale\" content=\"en_US\" \/>\n<meta property=\"og:type\" content=\"article\" \/>\n<meta property=\"og:title\" content=\"Yogi Bhajan - Kundalini yoga - SAT AMRIT \u2022 Zapre\u0161i\u0107\" \/>\n<meta property=\"og:description\" content=\"Harbhajan Singh Puri ro\u0111en je 26.8.1929. godine u malom mjestu Kot Harkam u sjevernoj Indiji, dana\u0161njem Pakistanu. Svoje obrazovanje stje\u010de u privatnim \u0161kolama, a u ranoj mladosti poha\u0111a i Katoli\u010dku \u0161kolu unutar \u017eenskog samostana. Kundalini yogu, Tantri\u010dku yogu i Gong meditaciju od svoje osme godine u\u010di pod vodstvom svog duhovnog u\u010ditelja Sant Hazare Singha, majstora [&hellip;]\" \/>\n<meta property=\"og:url\" content=\"https:\/\/sat-amrit.com\/en\/yogi-bhajan\/\" \/>\n<meta property=\"og:site_name\" content=\"Kundalini yoga - SAT AMRIT \u2022 Zapre\u0161i\u0107\" \/>\n<meta property=\"og:image\" content=\"http:\/\/sat-amrit.com\/wp-content\/uploads\/2014\/12\/YOGI-bHAJAN.jpg\" \/>\n<meta name=\"twitter:card\" content=\"summary_large_image\" \/>\n<meta name=\"twitter:label1\" content=\"Est. reading time\" \/>\n\t<meta name=\"twitter:data1\" content=\"2 minutes\" \/>\n<script type=\"application\/ld+json\" class=\"yoast-schema-graph\">{\"@context\":\"https:\/\/schema.org\",\"@graph\":[{\"@type\":\"WebPage\",\"@id\":\"https:\/\/sat-amrit.com\/en\/yogi-bhajan\/\",\"url\":\"https:\/\/sat-amrit.com\/en\/yogi-bhajan\/\",\"name\":\"Yogi Bhajan - Kundalini yoga - SAT AMRIT \u2022 Zapre\u0161i\u0107\",\"isPartOf\":{\"@id\":\"https:\/\/sat-amrit.com\/#website\"},\"primaryImageOfPage\":{\"@id\":\"https:\/\/sat-amrit.com\/en\/yogi-bhajan\/#primaryimage\"},\"image\":{\"@id\":\"https:\/\/sat-amrit.com\/en\/yogi-bhajan\/#primaryimage\"},\"thumbnailUrl\":\"http:\/\/sat-amrit.com\/wp-content\/uploads\/2014\/12\/YOGI-bHAJAN.jpg\",\"datePublished\":\"2015-10-09T14:24:31+00:00\",\"breadcrumb\":{\"@id\":\"https:\/\/sat-amrit.com\/en\/yogi-bhajan\/#breadcrumb\"},\"inLanguage\":\"en-US\",\"potentialAction\":[{\"@type\":\"ReadAction\",\"target\":[\"https:\/\/sat-amrit.com\/en\/yogi-bhajan\/\"]}]},{\"@type\":\"ImageObject\",\"inLanguage\":\"en-US\",\"@id\":\"https:\/\/sat-amrit.com\/en\/yogi-bhajan\/#primaryimage\",\"url\":\"http:\/\/sat-amrit.com\/wp-content\/uploads\/2014\/12\/YOGI-bHAJAN.jpg\",\"contentUrl\":\"http:\/\/sat-amrit.com\/wp-content\/uploads\/2014\/12\/YOGI-bHAJAN.jpg\"},{\"@type\":\"BreadcrumbList\",\"@id\":\"https:\/\/sat-amrit.com\/en\/yogi-bhajan\/#breadcrumb\",\"itemListElement\":[{\"@type\":\"ListItem\",\"position\":1,\"name\":\"\",\"item\":\"https:\/\/sat-amrit.com\/en\/\"},{\"@type\":\"ListItem\",\"position\":2,\"name\":\"Yogi Bhajan\"}]},{\"@type\":\"WebSite\",\"@id\":\"https:\/\/sat-amrit.com\/#website\",\"url\":\"https:\/\/sat-amrit.com\/\",\"name\":\"Kundalini yoga - SAT AMRIT \u2022 Zapre\u0161i\u0107\",\"description\":\"Kundalini yoga prema u\u010denju Yogi Bhajana\",\"publisher\":{\"@id\":\"https:\/\/sat-amrit.com\/#organization\"},\"potentialAction\":[{\"@type\":\"SearchAction\",\"target\":{\"@type\":\"EntryPoint\",\"urlTemplate\":\"https:\/\/sat-amrit.com\/?s={search_term_string}\"},\"query-input\":{\"@type\":\"PropertyValueSpecification\",\"valueRequired\":true,\"valueName\":\"search_term_string\"}}],\"inLanguage\":\"en-US\"},{\"@type\":\"Organization\",\"@id\":\"https:\/\/sat-amrit.com\/#organization\",\"name\":\"Sat Amrit j.d.o.o.\",\"url\":\"https:\/\/sat-amrit.com\/\",\"logo\":{\"@type\":\"ImageObject\",\"inLanguage\":\"en-US\",\"@id\":\"https:\/\/sat-amrit.com\/#\/schema\/logo\/image\/\",\"url\":\"https:\/\/sat-amrit.com\/wp-content\/uploads\/2014\/12\/Yoga-Studio-Zapresic.jpg\",\"contentUrl\":\"https:\/\/sat-amrit.com\/wp-content\/uploads\/2014\/12\/Yoga-Studio-Zapresic.jpg\",\"width\":930,\"height\":800,\"caption\":\"Sat Amrit j.d.o.o.\"},\"image\":{\"@id\":\"https:\/\/sat-amrit.com\/#\/schema\/logo\/image\/\"}}]}<\/script>\n<!-- \/ Yoast SEO plugin. -->","yoast_head_json":{"title":"Yogi Bhajan - Kundalini yoga - SAT AMRIT \u2022 Zapre\u0161i\u0107","robots":{"index":"index","follow":"follow","max-snippet":"max-snippet:-1","max-image-preview":"max-image-preview:large","max-video-preview":"max-video-preview:-1"},"canonical":"https:\/\/sat-amrit.com\/en\/yogi-bhajan\/","og_locale":"en_US","og_type":"article","og_title":"Yogi Bhajan - Kundalini yoga - SAT AMRIT \u2022 Zapre\u0161i\u0107","og_description":"Harbhajan Singh Puri ro\u0111en je 26.8.1929. godine u malom mjestu Kot Harkam u sjevernoj Indiji, dana\u0161njem Pakistanu. Svoje obrazovanje stje\u010de u privatnim \u0161kolama, a u ranoj mladosti poha\u0111a i Katoli\u010dku \u0161kolu unutar \u017eenskog samostana. Kundalini yogu, Tantri\u010dku yogu i Gong meditaciju od svoje osme godine u\u010di pod vodstvom svog duhovnog u\u010ditelja Sant Hazare Singha, majstora [&hellip;]","og_url":"https:\/\/sat-amrit.com\/en\/yogi-bhajan\/","og_site_name":"Kundalini yoga - SAT AMRIT \u2022 Zapre\u0161i\u0107","og_image":[{"url":"http:\/\/sat-amrit.com\/wp-content\/uploads\/2014\/12\/YOGI-bHAJAN.jpg","type":"","width":"","height":""}],"twitter_card":"summary_large_image","twitter_misc":{"Est. reading time":"2 minutes"},"schema":{"@context":"https:\/\/schema.org","@graph":[{"@type":"WebPage","@id":"https:\/\/sat-amrit.com\/en\/yogi-bhajan\/","url":"https:\/\/sat-amrit.com\/en\/yogi-bhajan\/","name":"Yogi Bhajan - Kundalini yoga - SAT AMRIT \u2022 Zapre\u0161i\u0107","isPartOf":{"@id":"https:\/\/sat-amrit.com\/#website"},"primaryImageOfPage":{"@id":"https:\/\/sat-amrit.com\/en\/yogi-bhajan\/#primaryimage"},"image":{"@id":"https:\/\/sat-amrit.com\/en\/yogi-bhajan\/#primaryimage"},"thumbnailUrl":"http:\/\/sat-amrit.com\/wp-content\/uploads\/2014\/12\/YOGI-bHAJAN.jpg","datePublished":"2015-10-09T14:24:31+00:00","breadcrumb":{"@id":"https:\/\/sat-amrit.com\/en\/yogi-bhajan\/#breadcrumb"},"inLanguage":"en-US","potentialAction":[{"@type":"ReadAction","target":["https:\/\/sat-amrit.com\/en\/yogi-bhajan\/"]}]},{"@type":"ImageObject","inLanguage":"en-US","@id":"https:\/\/sat-amrit.com\/en\/yogi-bhajan\/#primaryimage","url":"http:\/\/sat-amrit.com\/wp-content\/uploads\/2014\/12\/YOGI-bHAJAN.jpg","contentUrl":"http:\/\/sat-amrit.com\/wp-content\/uploads\/2014\/12\/YOGI-bHAJAN.jpg"},{"@type":"BreadcrumbList","@id":"https:\/\/sat-amrit.com\/en\/yogi-bhajan\/#breadcrumb","itemListElement":[{"@type":"ListItem","position":1,"name":"","item":"https:\/\/sat-amrit.com\/en\/"},{"@type":"ListItem","position":2,"name":"Yogi Bhajan"}]},{"@type":"WebSite","@id":"https:\/\/sat-amrit.com\/#website","url":"https:\/\/sat-amrit.com\/","name":"Kundalini yoga - SAT AMRIT \u2022 Zapre\u0161i\u0107","description":"Kundalini yoga prema u\u010denju Yogi Bhajana","publisher":{"@id":"https:\/\/sat-amrit.com\/#organization"},"potentialAction":[{"@type":"SearchAction","target":{"@type":"EntryPoint","urlTemplate":"https:\/\/sat-amrit.com\/?s={search_term_string}"},"query-input":{"@type":"PropertyValueSpecification","valueRequired":true,"valueName":"search_term_string"}}],"inLanguage":"en-US"},{"@type":"Organization","@id":"https:\/\/sat-amrit.com\/#organization","name":"Sat Amrit j.d.o.o.","url":"https:\/\/sat-amrit.com\/","logo":{"@type":"ImageObject","inLanguage":"en-US","@id":"https:\/\/sat-amrit.com\/#\/schema\/logo\/image\/","url":"https:\/\/sat-amrit.com\/wp-content\/uploads\/2014\/12\/Yoga-Studio-Zapresic.jpg","contentUrl":"https:\/\/sat-amrit.com\/wp-content\/uploads\/2014\/12\/Yoga-Studio-Zapresic.jpg","width":930,"height":800,"caption":"Sat Amrit j.d.o.o."},"image":{"@id":"https:\/\/sat-amrit.com\/#\/schema\/logo\/image\/"}}]}},"_links":{"self":[{"href":"https:\/\/sat-amrit.com\/en\/wp-json\/wp\/v2\/pages\/666","targetHints":{"allow":["GET"]}}],"collection":[{"href":"https:\/\/sat-amrit.com\/en\/wp-json\/wp\/v2\/pages"}],"about":[{"href":"https:\/\/sat-amrit.com\/en\/wp-json\/wp\/v2\/types\/page"}],"author":[{"embeddable":true,"href":"https:\/\/sat-amrit.com\/en\/wp-json\/wp\/v2\/users\/3"}],"replies":[{"embeddable":true,"href":"https:\/\/sat-amrit.com\/en\/wp-json\/wp\/v2\/comments?post=666"}],"version-history":[{"count":0,"href":"https:\/\/sat-amrit.com\/en\/wp-json\/wp\/v2\/pages\/666\/revisions"}],"wp:attachment":[{"href":"https:\/\/sat-amrit.com\/en\/wp-json\/wp\/v2\/media?parent=666"}],"curies":[{"name":"wp","href":"https:\/\/api.w.org\/{rel}","templated":true}]}}